{"id":701,"date":"2025-04-23T09:28:47","date_gmt":"2025-04-23T08:28:47","guid":{"rendered":"https:\/\/boomr.se\/?page_id=701"},"modified":"2025-11-10T10:56:27","modified_gmt":"2025-11-10T09:56:27","slug":"karriere","status":"publish","type":"page","link":"https:\/\/boomr.se\/no\/karriere\/","title":{"rendered":"Karriere"},"content":{"rendered":"<section class=\"bde-section-701-145 bde-section bde-preset-1d68a3a3-f3f4-4bc5-b2dd-28866d8cd5eb\">\n              \n  \n  \n\t\n\n  <div class=\"section-background-overlay\"><\/div>\n\n\n<div class=\"section-container\"><div class=\"bde-columns-701-146 bde-columns\"><div class=\"bde-column-701-147 bde-column\">\n  \n  \n\t\n\n\n\n<h1 class=\"bde-heading-701-148 bde-heading\">\nKarriere hos Boomr Group\n<\/h1><p class=\"bde-text-701-149 bde-text\">\nVi tilbyr et dynamisk arbeidsmilj\u00f8 i Engelbreksgatan i G\u00f6teborg sentrum, hvor du blir en del av et dedikert team som hele tiden jobber for \u00e5 forenkle og forbedre virksomheten. Med over 30 000 forn\u00f8yde kunder og en kultur preget av innovasjon, samarbeid og arbeidsglede, er Boomr stedet for deg som \u00f8nsker \u00e5 gj\u00f8re en forskjell.<br><br>Er du klar for \u00e5 ta neste steg i karrieren? Utforsk v\u00e5re ledige stillinger og bli en del av Boomr-familien.\n<\/p>\n<\/div><div class=\"bde-column-701-151 bde-column\">\n  \n  \n\t\n\n\n\n<img decoding=\"async\" class=\"bde-image2-701-152 bde-image2\" src=\"https:\/\/boomr.se\/wp-content\/uploads\/2025\/04\/Boomr-i-korthet-1024x683-1-768x512.jpg\" loading=\"lazy\" srcset=\"https:\/\/boomr.se\/wp-content\/uploads\/2025\/04\/Boomr-i-korthet-1024x683-1.jpg 1024w, https:\/\/boomr.se\/wp-content\/uploads\/2025\/04\/Boomr-i-korthet-1024x683-1-300x200.jpg 300w, https:\/\/boomr.se\/wp-content\/uploads\/2025\/04\/Boomr-i-korthet-1024x683-1-768x512.jpg 768w\" sizes=\"(max-width: 1024px) 100vw, 1024px\" data-entrance=\"slideRight\">\n<\/div><\/div><\/div>\n<\/section><section class=\"bde-section-701-110 bde-section\">\n  \n  \n\t\n\n\n\n<div class=\"section-container\"><div class=\"bde-columns-701-111 bde-columns\"><div class=\"bde-column-701-113 bde-column\">\n  \n  \n\t\n\n\n\n<div class=\"bde-text-701-115 bde-text\">\n\u00c5 jobbe i Boomr Group\n<\/div><div class=\"bde-text-701-116 bde-text\">\nVi er et team som er i stadig utvikling og tiltrekker oss nye, flotte personligheter til selskapet. For \u00e5 kunne prestere p\u00e5 sitt beste trenger du de rette forutsetningene. Vi investerer i deg, du investerer i oss - sammen utgj\u00f8r vi et fantastisk team. For de som blir med p\u00e5 Boomr-reisen, er det, i tillegg til fantastiske medarbeidere og et fantastisk kontor i Kroksl\u00e4tts Fabriker, endel\u00f8se utfordringer \u00e5 ta fatt p\u00e5 og mye moro p\u00e5 veien!<br><br>\n<\/div>\n<\/div><\/div><\/div>\n<\/section><section class=\"bde-section-701-117 bde-section\">\n  \n  \n\t\n\n\n\n<div class=\"section-container\"><div class=\"bde-columns-701-118 bde-columns\"><div class=\"bde-column-701-119 bde-column\">\n  \n  \n\t\n\n\n\n<div class=\"bde-text-701-122 bde-text\">\nFordeler hos Boomr Group\n<\/div><ul class=\"bde-basic-list-701-124 bde-basic-list\">\n  <li  >    \n          Frisklivstilskudd og bedriftshelsetjeneste gjennom Team Health.\n      <\/li>\n  <li  >    \n          En solid frokost hver dag!\n      <\/li>\n  <li  >    \n          Tjenestepensjon\n      <\/li>\n  <li  >    \n          Gode muligheter til \u00e5 klatre p\u00e5 karrierestigen, alle v\u00e5re partnere og ledere har lang fartstid i selskapet og startet alle som selgere.<br>\n      <\/li>\n  <li  >    \n          Vi arrangerer morsomme aktiviteter en gang i m\u00e5neden, som paintball, spa, utflukter og mye mer!\n      <\/li>\n  <li  >    \n          Konkurranser med bonuser til den eller de selgerne som hjelper flest bedrifter med sikkerhetsl\u00f8sninger.\n      <\/li>\n  <li  >    \n          Kontinuerlig oppl\u00e6ring og forelesninger.\n      <\/li>\n<\/ul><div class=\"bde-text-701-125 bde-text\">\nEr du v\u00e5r neste stjerne? S\u00f8k i dag -&gt;\n<\/div><div class=\"bde-text-701-123 bde-text\">\n\n<\/div>\n<\/div><div class=\"bde-column-701-121 bde-column\">\n  \n  \n\t\n\n\n\n<img decoding=\"async\" class=\"bde-image2-701-120 bde-image2\" src=\"https:\/\/boomr.se\/wp-content\/uploads\/2025\/04\/Karriar_Fifa-500x379-1.png\" loading=\"lazy\" srcset=\"https:\/\/boomr.se\/wp-content\/uploads\/2025\/04\/Karriar_Fifa-500x379-1.png 500w, https:\/\/boomr.se\/wp-content\/uploads\/2025\/04\/Karriar_Fifa-500x379-1-300x227.png 300w\" sizes=\"(max-width: 500px) 100vw, 500px\">\n<\/div><\/div><\/div>\n<\/section><section id=\"varatjanster\" class=\"bde-section-701-126 bde-section varatjanster\">\n  \n  \n\t\n\n\n\n<div class=\"section-container\"><div class=\"bde-text-701-132 bde-text\">\nAkkurat n\u00e5 er vi p\u00e5 utkikk etter:\n<\/div><div class=\"bde-columns-701-128 bde-columns\"><div class=\"bde-column-701-129 bde-column\">\n  \n  \n\t\n\n\n\n<div class=\"bde-columns-701-134 bde-columns\"><div class=\"bde-column-701-135 bde-column\">\n  \n  \n\t\n\n\n\n<img decoding=\"async\" class=\"bde-image2-701-137 bde-image2\" src=\"https:\/\/boomr.se\/wp-content\/uploads\/2025\/05\/Boomr_id-bevaraken_privat_image3.webp\" loading=\"lazy\" srcset=\"https:\/\/boomr.se\/wp-content\/uploads\/2025\/05\/Boomr_id-bevaraken_privat_image3.webp 924w, https:\/\/boomr.se\/wp-content\/uploads\/2025\/05\/Boomr_id-bevaraken_privat_image3-300x227.webp 300w, https:\/\/boomr.se\/wp-content\/uploads\/2025\/05\/Boomr_id-bevaraken_privat_image3-768x582.webp 768w\" sizes=\"(max-width: 924px) 100vw, 924px\">\n<\/div><div class=\"bde-column-701-136 bde-column\">\n  \n  \n\t\n\n\n\n<div class=\"bde-rich-text-701-138 bde-rich-text breakdance-rich-text-styles\">\n<h2>Innsidesalg<\/h2><p>St\u00e5r du p\u00e5 terskelen til arbeidslivet? Er du sulten og p\u00e5 jakt etter nye utfordringer? Er du omgjengelig og liker \u00e5 m\u00f8te nye mennesker?<\/p><ul><li>Arbeidstid: 08.15-16.30 (man-fre), 100% Heltid.<\/li><li>Ansettelse: Pr\u00f8vetid, 6 m\u00e5neder.<\/li><li>L\u00f8nn: Gjennomsnittsl\u00f8nnen er for tiden 36 000:-\/m\u00e5ned. Fast garantil\u00f8nn fra 25 000:- med gener\u00f8s provisjon.<\/li><li>Start: Umiddelbart.<\/li><\/ul>\n<\/div><div class=\"bde-button-701-139 bde-button\">\n    \n                                    \n    \n    \n    \n    \n            \n                    \n            \n            \n\n    \n    \n    \n    \n    \n    <a class=\"breakdance-link button-atom button-atom--primary bde-button__button\" href=\"https:\/\/boomr.se\/no\/karriere\/interiorarkitekt\/\" target=\"_self\" data-type=\"url\"  >\n\n    \n        <span class=\"button-atom__text\">Finn ut mer om tjenesten!<\/span>\n\n        \n        \n                <\/a>\n\n    \n\n\n<\/div>\n<\/div><\/div>\n<\/div><\/div><\/div>\n<\/section>","protected":false},"excerpt":{"rendered":"<p>Karriere hos Boomr Group Vi tilbyr et dynamisk arbeidsmilj\u00f8 i engelbreksgatan i G\u00f6teborg sentrum, der du f\u00e5r v\u00e6re en del av et dedikert team som hele tiden jobber for \u00e5 forenkle og forbedre virksomheten. Med over 30 000 forn\u00f8yde kunder og en kultur preget av innovasjon, samarbeid og arbeidsglede, er Boomr stedet for deg hvis du [...]<\/p>","protected":false},"author":3,"featured_media":0,"parent":0,"menu_order":0,"comment_status":"closed","ping_status":"closed","template":"","meta":{"_breakdance_hide_in_design_set":false,"_breakdance_tags":"","footnotes":""},"class_list":["post-701","page","type-page","status-publish","hentry"],"yoast_head":"<!-- This site is optimized with the Yoast SEO Premium plugin v26.3 (Yoast SEO v26.3) - https:\/\/yoast.com\/wordpress\/plugins\/seo\/ -->\n<title>Karri\u00e4r p\u00e5 Boomr \u2013 Jobba med oss | Lediga tj\u00e4nster<\/title>\n<meta name=\"description\" content=\"Vill du vara med och bygga Sveriges snabbast v\u00e4xande k\u00f6rjournalsleverant\u00f6r? Se lediga tj\u00e4nster p\u00e5 Boomr och ans\u00f6k idag. Vi s\u00f6ker nya talanger!\" \/>\n<meta name=\"robots\" content=\"index, follow, max-snippet:-1, max-image-preview:large, max-video-preview:-1\" \/>\n<link rel=\"canonical\" href=\"https:\/\/boomr.se\/no\/karriere\/\" \/>\n<meta property=\"og:locale\" content=\"nb_NO\" \/>\n<meta property=\"og:type\" content=\"article\" \/>\n<meta property=\"og:title\" content=\"Karri\u00e4r\" \/>\n<meta property=\"og:description\" content=\"Vill du vara med och bygga Sveriges snabbast v\u00e4xande k\u00f6rjournalsleverant\u00f6r? Se lediga tj\u00e4nster p\u00e5 Boomr och ans\u00f6k idag. Vi s\u00f6ker nya talanger!\" \/>\n<meta property=\"og:url\" content=\"https:\/\/boomr.se\/no\/karriere\/\" \/>\n<meta property=\"og:site_name\" content=\"Boomr Group\" \/>\n<meta property=\"article:modified_time\" content=\"2025-11-10T09:56:27+00:00\" \/>\n<meta name=\"twitter:card\" content=\"summary_large_image\" \/>\n<script type=\"application\/ld+json\" class=\"yoast-schema-graph\">{\"@context\":\"https:\/\/schema.org\",\"@graph\":[{\"@type\":\"WebPage\",\"@id\":\"https:\/\/boomr.se\/karriar\/\",\"url\":\"https:\/\/boomr.se\/karriar\/\",\"name\":\"Karri\u00e4r p\u00e5 Boomr \u2013 Jobba med oss | Lediga tj\u00e4nster\",\"isPartOf\":{\"@id\":\"https:\/\/boomr.se\/#website\"},\"datePublished\":\"2025-04-23T08:28:47+00:00\",\"dateModified\":\"2025-11-10T09:56:27+00:00\",\"description\":\"Vill du vara med och bygga Sveriges snabbast v\u00e4xande k\u00f6rjournalsleverant\u00f6r? Se lediga tj\u00e4nster p\u00e5 Boomr och ans\u00f6k idag. Vi s\u00f6ker nya talanger!\",\"breadcrumb\":{\"@id\":\"https:\/\/boomr.se\/karriar\/#breadcrumb\"},\"inLanguage\":\"nb-NO\",\"potentialAction\":[{\"@type\":\"ReadAction\",\"target\":[\"https:\/\/boomr.se\/karriar\/\"]}]},{\"@type\":\"BreadcrumbList\",\"@id\":\"https:\/\/boomr.se\/karriar\/#breadcrumb\",\"itemListElement\":[{\"@type\":\"ListItem\",\"position\":1,\"name\":\"Home\",\"item\":\"https:\/\/boomr.se\/\"},{\"@type\":\"ListItem\",\"position\":2,\"name\":\"Karri\u00e4r\"}]},{\"@type\":\"WebSite\",\"@id\":\"https:\/\/boomr.se\/#website\",\"url\":\"https:\/\/boomr.se\/\",\"name\":\"Boomr Group\",\"description\":\"Vi digitaliserar f\u00f6retagandet\",\"potentialAction\":[{\"@type\":\"SearchAction\",\"target\":{\"@type\":\"EntryPoint\",\"urlTemplate\":\"https:\/\/boomr.se\/?s={search_term_string}\"},\"query-input\":{\"@type\":\"PropertyValueSpecification\",\"valueRequired\":true,\"valueName\":\"search_term_string\"}}],\"inLanguage\":\"nb-NO\"}]}<\/script>\n<!-- \/ Yoast SEO Premium plugin. -->","yoast_head_json":{"title":"Karriere hos Boomr - Jobb hos oss | Ledige stillinger","description":"Vil du v\u00e6re med p\u00e5 \u00e5 bygge opp Sveriges raskest voksende leverand\u00f8r av loggb\u00f8ker? Se ledige stillinger p\u00e5 Boomr og s\u00f8k i dag. Vi er p\u00e5 utkikk etter nye talenter!","robots":{"index":"index","follow":"follow","max-snippet":"max-snippet:-1","max-image-preview":"max-image-preview:large","max-video-preview":"max-video-preview:-1"},"canonical":"https:\/\/boomr.se\/no\/karriere\/","og_locale":"nb_NO","og_type":"article","og_title":"Karri\u00e4r","og_description":"Vill du vara med och bygga Sveriges snabbast v\u00e4xande k\u00f6rjournalsleverant\u00f6r? Se lediga tj\u00e4nster p\u00e5 Boomr och ans\u00f6k idag. Vi s\u00f6ker nya talanger!","og_url":"https:\/\/boomr.se\/no\/karriere\/","og_site_name":"Boomr Group","article_modified_time":"2025-11-10T09:56:27+00:00","twitter_card":"summary_large_image","schema":{"@context":"https:\/\/schema.org","@graph":[{"@type":"WebPage","@id":"https:\/\/boomr.se\/karriar\/","url":"https:\/\/boomr.se\/karriar\/","name":"Karriere hos Boomr - Jobb hos oss | Ledige stillinger","isPartOf":{"@id":"https:\/\/boomr.se\/#website"},"datePublished":"2025-04-23T08:28:47+00:00","dateModified":"2025-11-10T09:56:27+00:00","description":"Vil du v\u00e6re med p\u00e5 \u00e5 bygge opp Sveriges raskest voksende leverand\u00f8r av loggb\u00f8ker? Se ledige stillinger p\u00e5 Boomr og s\u00f8k i dag. Vi er p\u00e5 utkikk etter nye talenter!","breadcrumb":{"@id":"https:\/\/boomr.se\/karriar\/#breadcrumb"},"inLanguage":"nb-NO","potentialAction":[{"@type":"ReadAction","target":["https:\/\/boomr.se\/karriar\/"]}]},{"@type":"BreadcrumbList","@id":"https:\/\/boomr.se\/karriar\/#breadcrumb","itemListElement":[{"@type":"ListItem","position":1,"name":"Home","item":"https:\/\/boomr.se\/"},{"@type":"ListItem","position":2,"name":"Karri\u00e4r"}]},{"@type":"WebSite","@id":"https:\/\/boomr.se\/#website","url":"https:\/\/boomr.se\/","name":"Boomr Group","description":"Vi digitaliserer entrepren\u00f8rskap","potentialAction":[{"@type":"SearchAction","target":{"@type":"EntryPoint","urlTemplate":"https:\/\/boomr.se\/?s={search_term_string}"},"query-input":{"@type":"PropertyValueSpecification","valueRequired":true,"valueName":"search_term_string"}}],"inLanguage":"nb-NO"}]}},"_links":{"self":[{"href":"https:\/\/boomr.se\/no\/wp-json\/wp\/v2\/pages\/701","targetHints":{"allow":["GET"]}}],"collection":[{"href":"https:\/\/boomr.se\/no\/wp-json\/wp\/v2\/pages"}],"about":[{"href":"https:\/\/boomr.se\/no\/wp-json\/wp\/v2\/types\/page"}],"author":[{"embeddable":true,"href":"https:\/\/boomr.se\/no\/wp-json\/wp\/v2\/users\/3"}],"replies":[{"embeddable":true,"href":"https:\/\/boomr.se\/no\/wp-json\/wp\/v2\/comments?post=701"}],"version-history":[{"count":49,"href":"https:\/\/boomr.se\/no\/wp-json\/wp\/v2\/pages\/701\/revisions"}],"predecessor-version":[{"id":46191,"href":"https:\/\/boomr.se\/no\/wp-json\/wp\/v2\/pages\/701\/revisions\/46191"}],"wp:attachment":[{"href":"https:\/\/boomr.se\/no\/wp-json\/wp\/v2\/media?parent=701"}],"curies":[{"name":"wp","href":"https:\/\/api.w.org\/{rel}","templated":true}]}}