{"id":46291,"date":"2025-11-19T00:23:41","date_gmt":"2025-11-18T23:23:41","guid":{"rendered":"https:\/\/boomr.se\/sekretesspolicy-eu\/"},"modified":"2026-02-03T14:58:45","modified_gmt":"2026-02-03T13:58:45","slug":"personvernerklaering","status":"publish","type":"page","link":"https:\/\/boomr.se\/no\/personvernerklaering\/","title":{"rendered":"Retningslinjer for personvern"},"content":{"rendered":"<p><\/p>\n\n\n\n<h1 class=\"wp-block-heading\" id=\"h-integritetspolicy\">Retningslinjer for personvern<\/h1>\n\n\n\n<!-- Legal document generated by Complianz | GDPR\/CCPA Cookie Consent https:\/\/wordpress.org\/plugins\/complianz-gdpr -->\n<div id=\"cmplz-document\" class=\"cmplz-document privacy-statement cmplz-document-eu\"><p><i>Denne personvernerkl\u00e6ringen ble sist oppdatert 2025-11-25 og gjelder for statsborgere og personer med lovlig permanent opphold i Det europeiske \u00f8konomiske samarbeidsomr\u00e5det og Sveits.<\/i><br \/><br \/><\/p><p><p>I denne personvernerkl\u00e6ringen forklarer vi hva vi gj\u00f8r med informasjonen vi samler inn om deg via <a href=\"https:\/\/boomr.se\/no\">https:\/\/boomr.se\/no<\/a>. Vi anbefaler deg \u00e5 lese denne erkl\u00e6ringen n\u00f8ye. I v\u00e5r behandling overholder vi kravene i personvernlovgivningen. Dette inneb\u00e6rer blant annet at:<\/p><ul>\n                <li>Vi angir tydelig hvilke form\u00e5l vi behandler personopplysninger for. Dette gj\u00f8r vi ved hjelp av denne personvernerkl\u00e6ringen;<\/li>\n                <li>vi har som m\u00e5l \u00e5 begrense innsamlingen av personopplysninger til kun de personopplysningene som er n\u00f8dvendige for legitime form\u00e5l;<\/li>\n                <li>ber vi f\u00f8rst om ditt uttrykkelige samtykke til \u00e5 behandle personopplysningene dine i tilfeller som krever ditt samtykke;<\/li>\n                <li>vi iverksetter egnede sikkerhetstiltak for \u00e5 beskytte personopplysningene dine og krever dette ogs\u00e5 av parter som behandler personopplysninger p\u00e5 v\u00e5re vegne;<\/li>\n                <li>vi respekterer din rett til \u00e5 f\u00e5 tilgang til personopplysningene dine eller til \u00e5 f\u00e5 dem korrigert eller slettet p\u00e5 foresp\u00f8rsel.<\/li>\n            <\/ul><p>Hvis du har sp\u00f8rsm\u00e5l eller \u00f8nsker \u00e5 vite n\u00f8yaktig hvilke opplysninger vi har om deg, kan du kontakte oss.<\/p><\/p><h2>1. Form\u00e5l, data og oppbevaringsperiode<\/h2>Vi samler inn eller mottar personopplysninger av ulike grunner knyttet til tjenestene v\u00e5re. Dette kan omfatte f\u00f8lgende: (klikk for \u00e5 utvide)<details class=\"cmplz-dropdown dropdown-privacy-statement\"><summary><div><h3>1.1 Kontakt - via telefon, e-post og\/eller nettskjema<\/h3><\/div><\/summary><p class=\"cmplz-subtitle\">For dette form\u00e5let bruker vi f\u00f8lgende data:<\/p><p><ul><li>Et fornavn og etternavn<\/li><li>En e-postadresse<\/li><li>Et telefonnummer<\/li><\/ul><\/p><p class=\"cmplz-subtitle\">Grunnlaget for at vi kan behandle disse opplysningene er:<\/p><p><a target=\"_blank\" rel=\"noopener noreferrer nofollow\" href=\"https:\/\/cookiedatabase.org\/legal-bases\/#agreement\">Det er n\u00f8dvendig for \u00e5 oppfylle en kontrakt eller innledende prosedyrer i forbindelse med en kontrakt som den registrerte er part i. <\/a><\/p><p class=\"cmplz-subtitle\">Oppbevaringsperiode<\/p><p>Vi oppbevarer disse dataene n\u00e5r tjenesten avsluttes i f\u00f8lgende antall m\u00e5neder: 12<\/p><\/details><details class=\"cmplz-dropdown dropdown-privacy-statement\"><summary><div><h3>1.2 For \u00e5 st\u00f8tte tjenester eller produkter som en kunde \u00f8nsker \u00e5 kj\u00f8pe eller har kj\u00f8pt<\/h3><\/div><\/summary><p class=\"cmplz-subtitle\">For dette form\u00e5let bruker vi f\u00f8lgende data:<\/p><p><ul><li>Et fornavn og etternavn<\/li><li>En e-postadresse<\/li><li>Et telefonnummer<\/li><\/ul><\/p><p class=\"cmplz-subtitle\">Grunnlaget for at vi kan behandle disse opplysningene er:<\/p><p><a target=\"_blank\" rel=\"noopener noreferrer nofollow\" href=\"https:\/\/cookiedatabase.org\/legal-bases\/#agreement\">Det er n\u00f8dvendig for \u00e5 oppfylle en kontrakt eller innledende prosedyrer i forbindelse med en kontrakt som den registrerte er part i. <\/a><\/p><p class=\"cmplz-subtitle\">Oppbevaringsperiode<\/p><p>Vi oppbevarer disse dataene n\u00e5r tjenesten avsluttes i f\u00f8lgende antall m\u00e5neder: 12<\/p><\/details><details class=\"cmplz-dropdown dropdown-privacy-statement\"><summary><div><h3>1.3 \u00c5 tilby tilpassede produkter og tjenester<\/h3><\/div><\/summary><p class=\"cmplz-subtitle\">For dette form\u00e5let bruker vi f\u00f8lgende data:<\/p><p><ul><\/ul><\/p><p class=\"cmplz-subtitle\">Grunnlaget for at vi kan behandle disse opplysningene er:<\/p><p><a target=\"_blank\" rel=\"noopener noreferrer nofollow\" href=\"https:\/\/cookiedatabase.org\/legal-bases\/#agreement\">Det er n\u00f8dvendig for \u00e5 oppfylle en kontrakt eller innledende prosedyrer i forbindelse med en kontrakt som den registrerte er part i. <\/a><\/p><p class=\"cmplz-subtitle\">Oppbevaringsperiode<\/p><p>Vi oppbevarer disse dataene til tjenesten avsluttes.<\/p><\/details><h2>2. Informasjonskapsler<\/h2><p>Nettstedet v\u00e5rt bruker informasjonskapsler. For mer informasjon om informasjonskapsler, se v\u00e5r <a href=\"https:\/\/boomr.se\/no\/retningslinjer-for-informasjonskapsler-eu\/\">Erkl\u00e6ring om informasjonskapsler<\/a>.&nbsp;<\/p><h2>3. Formidlingspraksis<\/h2><p><p>Vi utleverer personopplysninger hvis vi er p\u00e5lagt \u00e5 gj\u00f8re det i henhold til lov eller rettskjennelse, som svar til en politimyndighet, i den grad det er tillatt i henhold til andre lovbestemmelser, for \u00e5 gi informasjon eller for \u00e5 etterforske en sak som gjelder offentlig sikkerhet.<\/p><p>Hvis nettstedet eller organisasjonen v\u00e5r overf\u00f8res, selges eller sl\u00e5s sammen, kan opplysningene dine bli utlevert til v\u00e5re r\u00e5dgivere og eventuelle kj\u00f8pere, og de vil bli videreformidlet til de nye eierne.<\/p><\/p><p>Vi har inng\u00e5tt en databehandleravtale med Google.<\/p><h2>4. Sikkerhet<\/h2><p>Vi er forpliktet til \u00e5 s\u00f8rge for sikkerheten til personopplysningene v\u00e5re. Vi iverksetter egnede sikkerhetstiltak for \u00e5 begrense misbruk av og uautorisert tilgang til personopplysninger. Dette sikrer at bare de n\u00f8dvendige personene har tilgang til opplysningene dine, at tilgangen til opplysningene er beskyttet, og at sikkerhetstiltakene v\u00e5re gjennomg\u00e5s regelmessig.<\/p><h2>5. Tredjeparts nettsteder<\/h2><p>Denne personvernerkl\u00e6ringen gjelder ikke for tredjeparts nettsteder som er koblet til via lenker p\u00e5 nettstedet v\u00e5rt. Vi kan ikke garantere at disse tredjepartene behandler personopplysningene dine p\u00e5 en p\u00e5litelig eller sikker m\u00e5te. Vi anbefaler at du leser personvernerkl\u00e6ringene til disse nettstedene f\u00f8r du bruker dem.<\/p><h2>6. endringer i denne personvernerkl\u00e6ringen<\/h2><p>Vi forbeholder oss retten til \u00e5 gj\u00f8re endringer i denne personvernerkl\u00e6ringen. Vi anbefaler at du leser denne personvernerkl\u00e6ringen regelmessig for \u00e5 v\u00e6re oppmerksom p\u00e5 eventuelle endringer. I tillegg vil vi aktivt informere deg der det er mulig.<\/p><h2>7. f\u00e5 tilgang til og endre dataene dine<\/h2><p>Hvis du har sp\u00f8rsm\u00e5l eller \u00f8nsker \u00e5 vite hvilke personopplysninger vi har om deg, kan du kontakte oss. Du kan kontakte oss ved \u00e5 bruke informasjonen nedenfor. Du har f\u00f8lgende rettigheter:<\/p><ul>\n                <li>Du har rett til \u00e5 f\u00e5 vite hvorfor vi trenger personopplysningene dine, hva som vil skje med dem og hvor lenge de vil bli oppbevart.<\/li>\n                <li>Rett til innsyn: Du har rett til \u00e5 f\u00e5 innsyn i personopplysningene dine som er kjent for oss.<\/li>\n                <li>Rett til korrigering: Du har rett til \u00e5 legge til, korrigere og f\u00e5 personopplysningene dine slettet eller blokkert n\u00e5r du m\u00e5tte \u00f8nske det.<\/li>\n                <li>Hvis du gir oss samtykke til \u00e5 behandle opplysningene dine, har du rett til \u00e5 tilbakekalle samtykket og f\u00e5 personopplysningene dine slettet.<\/li>\n                <li>Rett til \u00e5 overf\u00f8re opplysningene dine: Du har rett til \u00e5 be om \u00e5 f\u00e5 alle personopplysningene dine fra den behandlingsansvarlige og overf\u00f8re dem i sin helhet til en annen behandlingsansvarlig.<\/li>\n                <li>Rett til \u00e5 protestere: Du kan protestere mot at opplysningene dine blir behandlet. Vi vil overholde dette med mindre det foreligger legitime grunner for behandlingen.<\/li>\n            <\/ul><p>S\u00f8rg alltid for \u00e5 oppgi tydelig hvem du er, slik at vi kan v\u00e6re sikre p\u00e5 at vi ikke endrer eller sletter data fra feil person.<\/p><h2>8 Innlevering av en klage<\/h2><p>Hvis du ikke er forn\u00f8yd med m\u00e5ten vi h\u00e5ndterer (en klage p\u00e5) behandlingen av personopplysningene dine p\u00e5, har du rett til \u00e5 sende inn en klage til Datatilsynet.<\/p><h2>9. Kontaktinformasjon<\/h2><p>Boomr Group AB<br \/>\n        Engelbrektsgatan 71, 412 52, G\u00f6teborg<br \/>\n        Sverige<br \/>\n        Nettsted: <a href=\"https:\/\/boomr.se\/no\">https:\/\/boomr.se\/no<\/a> <br \/>\n        E-post: <span class=\"cmplz-obfuscate\">&#105;&#110;&#102;&#111;@<span class=\"cmplz-fmail-domain\">ex.com<\/span>boomr.se<\/span> <br \/>\n        Telefonnummer: 031-7567900<\/p><\/div>","protected":false},"excerpt":{"rendered":"<p>Retningslinjer for personvern<\/p>","protected":false},"author":1,"featured_media":0,"parent":0,"menu_order":0,"comment_status":"closed","ping_status":"closed","template":"","meta":{"_breakdance_hide_in_design_set":false,"_breakdance_tags":"","footnotes":""},"class_list":["post-46291","page","type-page","status-publish","hentry"],"yoast_head":"<!-- This site is optimized with the Yoast SEO Premium plugin v26.3 (Yoast SEO v26.3) - https:\/\/yoast.com\/wordpress\/plugins\/seo\/ -->\n<title>Integritetspolicy \u2013 S\u00e5 skyddar Boomr dina uppgifter<\/title>\n<meta name=\"description\" content=\"L\u00e4s Boomrs integritetspolicy. Vi v\u00e4rnar om din personliga integritet och hanterar dina uppgifter enligt GDPR. Transparent och s\u00e4kert.\" \/>\n<meta name=\"robots\" content=\"index, follow, max-snippet:-1, max-image-preview:large, max-video-preview:-1\" \/>\n<link rel=\"canonical\" href=\"https:\/\/boomr.se\/no\/personvernerklaering\/\" \/>\n<meta property=\"og:locale\" content=\"nb_NO\" \/>\n<meta property=\"og:type\" content=\"article\" \/>\n<meta property=\"og:title\" content=\"Integritetspolicy\" \/>\n<meta property=\"og:description\" content=\"L\u00e4s Boomrs integritetspolicy. Vi v\u00e4rnar om din personliga integritet och hanterar dina uppgifter enligt GDPR. Transparent och s\u00e4kert.\" \/>\n<meta property=\"og:url\" content=\"https:\/\/boomr.se\/no\/personvernerklaering\/\" \/>\n<meta property=\"og:site_name\" content=\"Boomr Group\" \/>\n<meta property=\"article:modified_time\" content=\"2026-02-03T13:58:45+00:00\" \/>\n<meta name=\"twitter:card\" content=\"summary_large_image\" \/>\n<meta name=\"twitter:label1\" content=\"Ansl. lesetid\" \/>\n\t<meta name=\"twitter:data1\" content=\"1 minutt\" \/>\n<script type=\"application\/ld+json\" class=\"yoast-schema-graph\">{\"@context\":\"https:\/\/schema.org\",\"@graph\":[{\"@type\":\"WebPage\",\"@id\":\"https:\/\/boomr.se\/integritetspolicy\/\",\"url\":\"https:\/\/boomr.se\/integritetspolicy\/\",\"name\":\"Integritetspolicy \u2013 S\u00e5 skyddar Boomr dina uppgifter\",\"isPartOf\":{\"@id\":\"https:\/\/boomr.se\/#website\"},\"datePublished\":\"2025-11-18T23:23:41+00:00\",\"dateModified\":\"2026-02-03T13:58:45+00:00\",\"description\":\"L\u00e4s Boomrs integritetspolicy. Vi v\u00e4rnar om din personliga integritet och hanterar dina uppgifter enligt GDPR. Transparent och s\u00e4kert.\",\"breadcrumb\":{\"@id\":\"https:\/\/boomr.se\/integritetspolicy\/#breadcrumb\"},\"inLanguage\":\"nb-NO\",\"potentialAction\":[{\"@type\":\"ReadAction\",\"target\":[\"https:\/\/boomr.se\/integritetspolicy\/\"]}]},{\"@type\":\"BreadcrumbList\",\"@id\":\"https:\/\/boomr.se\/integritetspolicy\/#breadcrumb\",\"itemListElement\":[{\"@type\":\"ListItem\",\"position\":1,\"name\":\"Home\",\"item\":\"https:\/\/boomr.se\/\"},{\"@type\":\"ListItem\",\"position\":2,\"name\":\"Integritetspolicy\"}]},{\"@type\":\"WebSite\",\"@id\":\"https:\/\/boomr.se\/#website\",\"url\":\"https:\/\/boomr.se\/\",\"name\":\"Boomr Group\",\"description\":\"Vi digitaliserar f\u00f6retagandet\",\"potentialAction\":[{\"@type\":\"SearchAction\",\"target\":{\"@type\":\"EntryPoint\",\"urlTemplate\":\"https:\/\/boomr.se\/?s={search_term_string}\"},\"query-input\":{\"@type\":\"PropertyValueSpecification\",\"valueRequired\":true,\"valueName\":\"search_term_string\"}}],\"inLanguage\":\"nb-NO\"}]}<\/script>\n<!-- \/ Yoast SEO Premium plugin. -->","yoast_head_json":{"title":"Personvernerkl\u00e6ring - Hvordan Boomr beskytter opplysningene dine","description":"Les personvernerkl\u00e6ringen til Boomr. Vi bryr oss om personvernet ditt og h\u00e5ndterer dataene dine i henhold til GDPR. \u00c5pen og sikker.","robots":{"index":"index","follow":"follow","max-snippet":"max-snippet:-1","max-image-preview":"max-image-preview:large","max-video-preview":"max-video-preview:-1"},"canonical":"https:\/\/boomr.se\/no\/personvernerklaering\/","og_locale":"nb_NO","og_type":"article","og_title":"Integritetspolicy","og_description":"L\u00e4s Boomrs integritetspolicy. Vi v\u00e4rnar om din personliga integritet och hanterar dina uppgifter enligt GDPR. Transparent och s\u00e4kert.","og_url":"https:\/\/boomr.se\/no\/personvernerklaering\/","og_site_name":"Boomr Group","article_modified_time":"2026-02-03T13:58:45+00:00","twitter_card":"summary_large_image","twitter_misc":{"Ansl. lesetid":"1 minutt"},"schema":{"@context":"https:\/\/schema.org","@graph":[{"@type":"WebPage","@id":"https:\/\/boomr.se\/integritetspolicy\/","url":"https:\/\/boomr.se\/integritetspolicy\/","name":"Personvernerkl\u00e6ring - Hvordan Boomr beskytter opplysningene dine","isPartOf":{"@id":"https:\/\/boomr.se\/#website"},"datePublished":"2025-11-18T23:23:41+00:00","dateModified":"2026-02-03T13:58:45+00:00","description":"Les personvernerkl\u00e6ringen til Boomr. Vi bryr oss om personvernet ditt og h\u00e5ndterer dataene dine i henhold til GDPR. \u00c5pen og sikker.","breadcrumb":{"@id":"https:\/\/boomr.se\/integritetspolicy\/#breadcrumb"},"inLanguage":"nb-NO","potentialAction":[{"@type":"ReadAction","target":["https:\/\/boomr.se\/integritetspolicy\/"]}]},{"@type":"BreadcrumbList","@id":"https:\/\/boomr.se\/integritetspolicy\/#breadcrumb","itemListElement":[{"@type":"ListItem","position":1,"name":"Home","item":"https:\/\/boomr.se\/"},{"@type":"ListItem","position":2,"name":"Integritetspolicy"}]},{"@type":"WebSite","@id":"https:\/\/boomr.se\/#website","url":"https:\/\/boomr.se\/","name":"Boomr Group","description":"Vi digitaliserer entrepren\u00f8rskap","potentialAction":[{"@type":"SearchAction","target":{"@type":"EntryPoint","urlTemplate":"https:\/\/boomr.se\/?s={search_term_string}"},"query-input":{"@type":"PropertyValueSpecification","valueRequired":true,"valueName":"search_term_string"}}],"inLanguage":"nb-NO"}]}},"_links":{"self":[{"href":"https:\/\/boomr.se\/no\/wp-json\/wp\/v2\/pages\/46291","targetHints":{"allow":["GET"]}}],"collection":[{"href":"https:\/\/boomr.se\/no\/wp-json\/wp\/v2\/pages"}],"about":[{"href":"https:\/\/boomr.se\/no\/wp-json\/wp\/v2\/types\/page"}],"author":[{"embeddable":true,"href":"https:\/\/boomr.se\/no\/wp-json\/wp\/v2\/users\/1"}],"replies":[{"embeddable":true,"href":"https:\/\/boomr.se\/no\/wp-json\/wp\/v2\/comments?post=46291"}],"version-history":[{"count":3,"href":"https:\/\/boomr.se\/no\/wp-json\/wp\/v2\/pages\/46291\/revisions"}],"predecessor-version":[{"id":46411,"href":"https:\/\/boomr.se\/no\/wp-json\/wp\/v2\/pages\/46291\/revisions\/46411"}],"wp:attachment":[{"href":"https:\/\/boomr.se\/no\/wp-json\/wp\/v2\/media?parent=46291"}],"curies":[{"name":"wp","href":"https:\/\/api.w.org\/{rel}","templated":true}]}}