{"id":1342,"date":"2025-05-27T08:33:40","date_gmt":"2025-05-27T07:33:40","guid":{"rendered":"https:\/\/boomr.se\/?page_id=1342"},"modified":"2025-11-10T10:53:57","modified_gmt":"2025-11-10T09:53:57","slug":"interiorarkitekt","status":"publish","type":"page","link":"https:\/\/boomr.se\/no\/karriere\/interiorarkitekt\/","title":{"rendered":"Innsidesalg"},"content":{"rendered":"<section class=\"bde-section-1342-100 bde-section bde-preset-1d68a3a3-f3f4-4bc5-b2dd-28866d8cd5eb\">\n              \n  \n  \n\t\n\n  <div class=\"section-background-overlay\"><\/div>\n\n\n<div class=\"section-container\"><div class=\"bde-columns-1342-101 bde-columns\"><div class=\"bde-column-1342-102 bde-column\">\n  \n  \n\t\n\n\n\n<h1 class=\"bde-heading-1342-103 bde-heading\">\nInnesalg for Boomr Group - Bli med i v\u00e5rt voksende team i G\u00f6teborg!\n<\/h1><p class=\"bde-text-1342-104 bde-text\">\nEr du en kommunikativ person med et \u00f8ye for forretninger? Vil du jobbe i et selskap der ditt bidrag virkelig gj\u00f8r en forskjell? Da kan du v\u00e6re den vi leter etter!\n<\/p><div class=\"bde-button-1342-127 bde-button\">\n    \n                                    \n    \n    \n    \n    \n            \n                    \n            \n            \n\n    \n    \n    \n    \n    \n    <a class=\"breakdance-link button-atom button-atom--primary bde-button__button\" href=\"mailto:petter@boomr.se\" target=\"_self\" data-type=\"url\"  >\n\n    \n        <span class=\"button-atom__text\">S\u00f8k p\u00e5 en jobb!<\/span>\n\n        \n        \n                <\/a>\n\n    \n\n\n<\/div>\n<\/div><div class=\"bde-column-1342-106 bde-column\">\n  \n  \n\t\n\n\n\n<img decoding=\"async\" class=\"bde-image2-1342-107 bde-image2\" src=\"https:\/\/boomr.se\/wp-content\/uploads\/2025\/05\/Boomr_id-bevaraken_privat_image3-768x582.webp\" loading=\"lazy\" srcset=\"https:\/\/boomr.se\/wp-content\/uploads\/2025\/05\/Boomr_id-bevaraken_privat_image3.webp 924w, https:\/\/boomr.se\/wp-content\/uploads\/2025\/05\/Boomr_id-bevaraken_privat_image3-300x227.webp 300w, https:\/\/boomr.se\/wp-content\/uploads\/2025\/05\/Boomr_id-bevaraken_privat_image3-768x582.webp 768w\" sizes=\"(max-width: 924px) 100vw, 924px\" data-entrance=\"slideRight\">\n<\/div><\/div><\/div>\n<\/section><section class=\"bde-section-1342-108 bde-section\">\n  \n  \n\t\n\n\n\n<div class=\"section-container\"><h2 class=\"bde-heading-1342-109 bde-heading\">\nOm jobben\n<\/h2><div class=\"bde-text-1342-117 bde-text\">\nEr du en kommunikativ person med et \u00f8ye for forretninger? Vil du jobbe i et selskap der ditt bidrag virkelig gj\u00f8r en forskjell? Da kan du v\u00e6re den vi leter etter!<br>\n<\/div><\/div>\n<\/section><section class=\"bde-section-1342-110 bde-section\">\n  \n  \n\t\n\n\n\n<div class=\"section-container\"><div class=\"bde-columns-1342-111 bde-columns\"><div class=\"bde-column-1342-112 bde-column\">\n  \n  \n\t\n\n\n\n<div class=\"bde-text-1342-118 bde-text\">\nOm rollene<br><br>Som inneselger hos Boomr vil du:<br>\t- Kontakt potensielle kunder og presenter v\u00e5re digitale tjenester.<br>\t- Bygge og opprettholde langsiktige kundeforhold.<br>\t- Samarbeid med teamet v\u00e5rt om \u00e5 utvikle salgsstrategier.<br><br>Du vil spille en n\u00f8kkelrolle i v\u00e5r fortsatte vekst og v\u00e6re en del av et dedikert team som brenner for \u00e5 forenkle virksomheten.\n<\/div>\n<\/div><div class=\"bde-column-1342-113 bde-column\">\n  \n  \n\t\n\n\n\n<div class=\"bde-text-1342-119 bde-text\">\nHva vi tilbyr<br><br>Hos Boomr f\u00e5r du:<br>\t- Et dynamisk arbeidsmilj\u00f8 i Kroksl\u00e4tts Fabriker i G\u00f6teborg.<br>\t- Mulighet til \u00e5 p\u00e5virke og vokse i selskapet.<br>\t- St\u00f8tte fra erfarne kolleger og ledere.<br>\t- Konkurransedyktig l\u00f8nn og fordeler.<br>\n<\/div>\n<\/div><\/div><div class=\"bde-columns-1342-122 bde-columns\"><div class=\"bde-column-1342-123 bde-column\">\n  \n  \n\t\n\n\n\n<div class=\"bde-text-1342-120 bde-text\">\nHvem er du?<br><br>Vi er p\u00e5 utkikk etter mennesker som:<br>\t- Har erfaring med salg eller kundekontakt.<br>\t- Er selvmotivert, m\u00e5lrettet og positiv.<br>\t- Har gode kommunikasjonsevner p\u00e5 svensk, b\u00e5de muntlig og skriftlig.<br>\t- Er interessert i digitale l\u00f8sninger og entrepren\u00f8rskap.<br>\n<\/div>\n<\/div><div class=\"bde-column-1342-124 bde-column\">\n  \n  \n\t\n\n\n\n<div class=\"bde-text-1342-121 bde-text\">\nAnnen informasjon:<br>Arbeidstid: 08.15-16.30 (man-fre), 100% Heltid.<br>Ansettelse: Pr\u00f8vetid, 6 m\u00e5neder.<br>L\u00f8nn: Gjennomsnittsl\u00f8nnen er for tiden 36 000:-\/m\u00e5ned. Fast garantil\u00f8nn fra 25 000:- med gener\u00f8s provisjon.<br>Start: Umiddelbart.<br><br>Vi ser frem til \u00e5 h\u00f8re fra deg!\n<\/div>\n<\/div><\/div><\/div>\n<\/section><section class=\"bde-section-1342-126 bde-section\">\n  \n  \n\t\n\n\n\n<div class=\"section-container\"><div class=\"bde-button-1342-125 bde-button\">\n    \n                                    \n    \n    \n    \n    \n            \n                    \n            \n            \n\n    \n    \n    \n    \n    \n    <a class=\"breakdance-link button-atom button-atom--primary bde-button__button\" href=\"mailto:petter@boomr.se\" target=\"_self\" data-type=\"url\"  >\n\n    \n        <span class=\"button-atom__text\">S\u00f8k p\u00e5 en jobb!<\/span>\n\n        \n        \n                <\/a>\n\n    \n\n\n<\/div><\/div>\n<\/section>","protected":false},"excerpt":{"rendered":"<p>Innesalg for Boomr Group - Bli en del av v\u00e5rt voksende team i G\u00f6teborg! Er du en kommunikativ person med et \u00f8ye for forretning? Vil du jobbe i et selskap der din innsats virkelig gj\u00f8r en forskjell? Da kan du v\u00e6re den vi leter etter! S\u00f8k p\u00e5 stillingen! Om jobben Er du en kommunikativ person med et \u00f8ye for [...]<\/p>","protected":false},"author":3,"featured_media":0,"parent":701,"menu_order":0,"comment_status":"closed","ping_status":"closed","template":"","meta":{"_breakdance_hide_in_design_set":false,"_breakdance_tags":"","footnotes":""},"class_list":["post-1342","page","type-page","status-publish","hentry"],"yoast_head":"<!-- This site is optimized with the Yoast SEO Premium plugin v26.3 (Yoast SEO v26.3) - https:\/\/yoast.com\/wordpress\/plugins\/seo\/ -->\n<title>Jobba som innes\u00e4ljare p\u00e5 Boomr \u2013 Lediga tj\u00e4nster<\/title>\n<meta name=\"description\" content=\"Vill du jobba med f\u00f6rs\u00e4ljning i ett snabbv\u00e4xande techbolag? Boomr s\u00f6ker innes\u00e4ljare. Ans\u00f6k idag och bli en del av Sveriges ledande k\u00f6rjournalsleverant\u00f6r.\" \/>\n<meta name=\"robots\" content=\"index, follow, max-snippet:-1, max-image-preview:large, max-video-preview:-1\" \/>\n<link rel=\"canonical\" href=\"https:\/\/boomr.se\/no\/karriere\/interiorarkitekt\/\" \/>\n<meta property=\"og:locale\" content=\"nb_NO\" \/>\n<meta property=\"og:type\" content=\"article\" \/>\n<meta property=\"og:title\" content=\"Innes\u00e4ljare\" \/>\n<meta property=\"og:description\" content=\"Vill du jobba med f\u00f6rs\u00e4ljning i ett snabbv\u00e4xande techbolag? Boomr s\u00f6ker innes\u00e4ljare. Ans\u00f6k idag och bli en del av Sveriges ledande k\u00f6rjournalsleverant\u00f6r.\" \/>\n<meta property=\"og:url\" content=\"https:\/\/boomr.se\/no\/karriere\/interiorarkitekt\/\" \/>\n<meta property=\"og:site_name\" content=\"Boomr Group\" \/>\n<meta property=\"article:modified_time\" content=\"2025-11-10T09:53:57+00:00\" \/>\n<meta name=\"twitter:card\" content=\"summary_large_image\" \/>\n<script type=\"application\/ld+json\" class=\"yoast-schema-graph\">{\"@context\":\"https:\/\/schema.org\",\"@graph\":[{\"@type\":\"WebPage\",\"@id\":\"https:\/\/boomr.se\/karriar\/innesaljare\/\",\"url\":\"https:\/\/boomr.se\/karriar\/innesaljare\/\",\"name\":\"Jobba som innes\u00e4ljare p\u00e5 Boomr \u2013 Lediga tj\u00e4nster\",\"isPartOf\":{\"@id\":\"https:\/\/boomr.se\/#website\"},\"datePublished\":\"2025-05-27T07:33:40+00:00\",\"dateModified\":\"2025-11-10T09:53:57+00:00\",\"description\":\"Vill du jobba med f\u00f6rs\u00e4ljning i ett snabbv\u00e4xande techbolag? Boomr s\u00f6ker innes\u00e4ljare. Ans\u00f6k idag och bli en del av Sveriges ledande k\u00f6rjournalsleverant\u00f6r.\",\"breadcrumb\":{\"@id\":\"https:\/\/boomr.se\/karriar\/innesaljare\/#breadcrumb\"},\"inLanguage\":\"nb-NO\",\"potentialAction\":[{\"@type\":\"ReadAction\",\"target\":[\"https:\/\/boomr.se\/karriar\/innesaljare\/\"]}]},{\"@type\":\"BreadcrumbList\",\"@id\":\"https:\/\/boomr.se\/karriar\/innesaljare\/#breadcrumb\",\"itemListElement\":[{\"@type\":\"ListItem\",\"position\":1,\"name\":\"Home\",\"item\":\"https:\/\/boomr.se\/\"},{\"@type\":\"ListItem\",\"position\":2,\"name\":\"Karri\u00e4r\",\"item\":\"https:\/\/boomr.se\/karriar\/\"},{\"@type\":\"ListItem\",\"position\":3,\"name\":\"Innes\u00e4ljare\"}]},{\"@type\":\"WebSite\",\"@id\":\"https:\/\/boomr.se\/#website\",\"url\":\"https:\/\/boomr.se\/\",\"name\":\"Boomr Group\",\"description\":\"Vi digitaliserar f\u00f6retagandet\",\"potentialAction\":[{\"@type\":\"SearchAction\",\"target\":{\"@type\":\"EntryPoint\",\"urlTemplate\":\"https:\/\/boomr.se\/?s={search_term_string}\"},\"query-input\":{\"@type\":\"PropertyValueSpecification\",\"valueRequired\":true,\"valueName\":\"search_term_string\"}}],\"inLanguage\":\"nb-NO\"}]}<\/script>\n<!-- \/ Yoast SEO Premium plugin. -->","yoast_head_json":{"title":"Jobb som inneselger hos Boomr - Ledige stillinger","description":"Vil du jobbe med salg i et raskt voksende teknologiselskap? Boomr er p\u00e5 utkikk etter inneselgere. S\u00f8k i dag og bli en del av Sveriges ledende leverand\u00f8r av f\u00f8rerkort.","robots":{"index":"index","follow":"follow","max-snippet":"max-snippet:-1","max-image-preview":"max-image-preview:large","max-video-preview":"max-video-preview:-1"},"canonical":"https:\/\/boomr.se\/no\/karriere\/interiorarkitekt\/","og_locale":"nb_NO","og_type":"article","og_title":"Innes\u00e4ljare","og_description":"Vill du jobba med f\u00f6rs\u00e4ljning i ett snabbv\u00e4xande techbolag? Boomr s\u00f6ker innes\u00e4ljare. Ans\u00f6k idag och bli en del av Sveriges ledande k\u00f6rjournalsleverant\u00f6r.","og_url":"https:\/\/boomr.se\/no\/karriere\/interiorarkitekt\/","og_site_name":"Boomr Group","article_modified_time":"2025-11-10T09:53:57+00:00","twitter_card":"summary_large_image","schema":{"@context":"https:\/\/schema.org","@graph":[{"@type":"WebPage","@id":"https:\/\/boomr.se\/karriar\/innesaljare\/","url":"https:\/\/boomr.se\/karriar\/innesaljare\/","name":"Jobb som inneselger hos Boomr - Ledige stillinger","isPartOf":{"@id":"https:\/\/boomr.se\/#website"},"datePublished":"2025-05-27T07:33:40+00:00","dateModified":"2025-11-10T09:53:57+00:00","description":"Vil du jobbe med salg i et raskt voksende teknologiselskap? Boomr er p\u00e5 utkikk etter inneselgere. S\u00f8k i dag og bli en del av Sveriges ledende leverand\u00f8r av f\u00f8rerkort.","breadcrumb":{"@id":"https:\/\/boomr.se\/karriar\/innesaljare\/#breadcrumb"},"inLanguage":"nb-NO","potentialAction":[{"@type":"ReadAction","target":["https:\/\/boomr.se\/karriar\/innesaljare\/"]}]},{"@type":"BreadcrumbList","@id":"https:\/\/boomr.se\/karriar\/innesaljare\/#breadcrumb","itemListElement":[{"@type":"ListItem","position":1,"name":"Home","item":"https:\/\/boomr.se\/"},{"@type":"ListItem","position":2,"name":"Karri\u00e4r","item":"https:\/\/boomr.se\/karriar\/"},{"@type":"ListItem","position":3,"name":"Innes\u00e4ljare"}]},{"@type":"WebSite","@id":"https:\/\/boomr.se\/#website","url":"https:\/\/boomr.se\/","name":"Boomr Group","description":"Vi digitaliserer entrepren\u00f8rskap","potentialAction":[{"@type":"SearchAction","target":{"@type":"EntryPoint","urlTemplate":"https:\/\/boomr.se\/?s={search_term_string}"},"query-input":{"@type":"PropertyValueSpecification","valueRequired":true,"valueName":"search_term_string"}}],"inLanguage":"nb-NO"}]}},"_links":{"self":[{"href":"https:\/\/boomr.se\/no\/wp-json\/wp\/v2\/pages\/1342","targetHints":{"allow":["GET"]}}],"collection":[{"href":"https:\/\/boomr.se\/no\/wp-json\/wp\/v2\/pages"}],"about":[{"href":"https:\/\/boomr.se\/no\/wp-json\/wp\/v2\/types\/page"}],"author":[{"embeddable":true,"href":"https:\/\/boomr.se\/no\/wp-json\/wp\/v2\/users\/3"}],"replies":[{"embeddable":true,"href":"https:\/\/boomr.se\/no\/wp-json\/wp\/v2\/comments?post=1342"}],"version-history":[{"count":17,"href":"https:\/\/boomr.se\/no\/wp-json\/wp\/v2\/pages\/1342\/revisions"}],"predecessor-version":[{"id":46190,"href":"https:\/\/boomr.se\/no\/wp-json\/wp\/v2\/pages\/1342\/revisions\/46190"}],"up":[{"embeddable":true,"href":"https:\/\/boomr.se\/no\/wp-json\/wp\/v2\/pages\/701"}],"wp:attachment":[{"href":"https:\/\/boomr.se\/no\/wp-json\/wp\/v2\/media?parent=1342"}],"curies":[{"name":"wp","href":"https:\/\/api.w.org\/{rel}","templated":true}]}}