{"id":1221,"date":"2025-05-22T09:02:46","date_gmt":"2025-05-22T08:02:46","guid":{"rendered":"https:\/\/boomr.se\/?page_id=1221"},"modified":"2025-11-11T15:54:36","modified_gmt":"2025-11-11T14:54:36","slug":"logg-inn","status":"publish","type":"page","link":"https:\/\/boomr.se\/no\/logg-inn\/","title":{"rendered":"Logg inn p\u00e5 nettstedet"},"content":{"rendered":"<section class=\"bde-section-1221-100 bde-section\">\n              \n  \n  \n\t\n\n  <div class=\"section-background-overlay\"><\/div>\n\n\n<div class=\"section-container\"><div class=\"bde-columns-1221-108 bde-columns\"><div class=\"bde-column-1221-109 bde-column\">\n  \n  \n\t\n\n\n\n<h1 class=\"bde-heading-1221-101 bde-heading\">\nLogg inn p\u00e5 tjenesten din\n<\/h1><div class=\"bde-text-1221-103 bde-text\">\nKlikk p\u00e5 en av knappene nedenfor for \u00e5 logge inn. \n<\/div><div class=\"bde-icon-1221-104 bde-icon\">\n\n    \n            <div class=\"bde-icon-icon breakdance-icon-atom\" >\n    \n                    <svg xmlns=\"http:\/\/www.w3.org\/2000\/svg\" viewbox=\"0 0 512 512\"><!--! Font Awesome Free 6.5.1 by @fontawesome - https:\/\/fontawesome.com License - https:\/\/fontawesome.com\/license\/free (Icons: CC BY 4.0, Fonts: SIL OFL 1.1, Code: MIT License) Copyright 2023 Fonticons, Inc. --><path d=\"M0 256a256 256 0 1 0 512 0A256 256 0 1 0 0 256zM281 385c-9.4 9.4-24.6 9.4-33.9 0s-9.4-24.6 0-33.9l71-71L136 280c-13.3 0-24-10.7-24-24s10.7-24 24-24l182.1 0-71-71c-9.4-9.4-9.4-24.6 0-33.9s24.6-9.4 33.9 0L393 239c9.4 9.4 9.4 24.6 0 33.9L281 385z\"\/><\/svg>\n        \n        \n        \n            <\/div>\n    \n\n\n<\/div>\n<\/div><div class=\"bde-column-1221-110 bde-column\">\n  \n  \n\t\n\n\n\n<div class=\"bde-button-1221-106 bde-button\">\n    \n                                    \n    \n    \n    \n    \n            \n                    \n            \n            \n\n    \n    \n    \n    \n    \n    <a class=\"breakdance-link button-atom button-atom--primary bde-button__button\" href=\"https:\/\/app.kontracto.se\/login\" target=\"_self\" data-type=\"url\"   rel=\"noopener noreferrer nofollow\">\n\n    \n        <span class=\"button-atom__text\">Boomr Kontrakt - Kontraktsbank<\/span>\n\n        \n        \n                <\/a>\n\n    \n\n\n<\/div><div class=\"bde-button-1221-105 bde-button\">\n    \n                                    \n    \n    \n    \n    \n            \n                    \n            \n            \n\n    \n    \n    \n    \n    \n    <a class=\"breakdance-link button-atom button-atom--primary bde-button__button\" href=\"https:\/\/korjournal.boomr.se\/account\/login\" target=\"_self\" data-type=\"url\"   rel=\"noopener noreferrer nofollow\">\n\n    \n        <span class=\"button-atom__text\">Boomr Fleet - digitale kj\u00f8reb\u00f8ker<\/span>\n\n        \n        \n                <\/a>\n\n    \n\n\n<\/div>\n<\/div><\/div><div class=\"bde-fancy-divider-1221-102 bde-fancy-divider\">\n\n\n<div class=\"bde-fancy-divider__wrapper\">\n  <div class=\"bde-fancy-divider__separator\">\n  \t  <\/div>\n<\/div>\n\n<\/div><\/div>\n<\/section>","protected":false},"excerpt":{"rendered":"<p>Logg inn p\u00e5 tjenesten din Klikk p\u00e5 en knapp nedenfor for \u00e5 logge inn. Boomr Contract - Kontraktsbank Boomr Fleet - Digitale kj\u00f8reb\u00f8ker<\/p>","protected":false},"author":3,"featured_media":0,"parent":0,"menu_order":0,"comment_status":"closed","ping_status":"closed","template":"","meta":{"_breakdance_hide_in_design_set":false,"_breakdance_tags":"","footnotes":""},"class_list":["post-1221","page","type-page","status-publish","hentry"],"yoast_head":"<!-- This site is optimized with the Yoast SEO Premium plugin v26.3 (Yoast SEO v26.3) - https:\/\/yoast.com\/wordpress\/plugins\/seo\/ -->\n<title>Logga in p\u00e5 Boomr \u2013 K\u00f6rjournal, Avtal &amp; Signering<\/title>\n<meta name=\"description\" content=\"Logga in p\u00e5 ditt Boomr-konto. Hantera din digitala k\u00f6rjournal, avtal och e-signeringar. Snabb och s\u00e4ker inloggning via BankID.\" \/>\n<meta name=\"robots\" content=\"index, follow, max-snippet:-1, max-image-preview:large, max-video-preview:-1\" \/>\n<link rel=\"canonical\" href=\"https:\/\/boomr.se\/no\/logg-inn\/\" \/>\n<meta property=\"og:locale\" content=\"nb_NO\" \/>\n<meta property=\"og:type\" content=\"article\" \/>\n<meta property=\"og:title\" content=\"Logga in\" \/>\n<meta property=\"og:description\" content=\"Logga in p\u00e5 ditt Boomr-konto. Hantera din digitala k\u00f6rjournal, avtal och e-signeringar. Snabb och s\u00e4ker inloggning via BankID.\" \/>\n<meta property=\"og:url\" content=\"https:\/\/boomr.se\/no\/logg-inn\/\" \/>\n<meta property=\"og:site_name\" content=\"Boomr Group\" \/>\n<meta property=\"article:modified_time\" content=\"2025-11-11T14:54:36+00:00\" \/>\n<meta name=\"twitter:card\" content=\"summary_large_image\" \/>\n<script type=\"application\/ld+json\" class=\"yoast-schema-graph\">{\"@context\":\"https:\/\/schema.org\",\"@graph\":[{\"@type\":\"WebPage\",\"@id\":\"https:\/\/boomr.se\/logga-in\/\",\"url\":\"https:\/\/boomr.se\/logga-in\/\",\"name\":\"Logga in p\u00e5 Boomr \u2013 K\u00f6rjournal, Avtal & Signering\",\"isPartOf\":{\"@id\":\"https:\/\/boomr.se\/#website\"},\"datePublished\":\"2025-05-22T08:02:46+00:00\",\"dateModified\":\"2025-11-11T14:54:36+00:00\",\"description\":\"Logga in p\u00e5 ditt Boomr-konto. Hantera din digitala k\u00f6rjournal, avtal och e-signeringar. Snabb och s\u00e4ker inloggning via BankID.\",\"breadcrumb\":{\"@id\":\"https:\/\/boomr.se\/logga-in\/#breadcrumb\"},\"inLanguage\":\"nb-NO\",\"potentialAction\":[{\"@type\":\"ReadAction\",\"target\":[\"https:\/\/boomr.se\/logga-in\/\"]}]},{\"@type\":\"BreadcrumbList\",\"@id\":\"https:\/\/boomr.se\/logga-in\/#breadcrumb\",\"itemListElement\":[{\"@type\":\"ListItem\",\"position\":1,\"name\":\"Home\",\"item\":\"https:\/\/boomr.se\/\"},{\"@type\":\"ListItem\",\"position\":2,\"name\":\"Logga in\"}]},{\"@type\":\"WebSite\",\"@id\":\"https:\/\/boomr.se\/#website\",\"url\":\"https:\/\/boomr.se\/\",\"name\":\"Boomr Group\",\"description\":\"Vi digitaliserar f\u00f6retagandet\",\"potentialAction\":[{\"@type\":\"SearchAction\",\"target\":{\"@type\":\"EntryPoint\",\"urlTemplate\":\"https:\/\/boomr.se\/?s={search_term_string}\"},\"query-input\":{\"@type\":\"PropertyValueSpecification\",\"valueRequired\":true,\"valueName\":\"search_term_string\"}}],\"inLanguage\":\"nb-NO\"}]}<\/script>\n<!-- \/ Yoast SEO Premium plugin. -->","yoast_head_json":{"title":"Logg inn p\u00e5 Boomr - F\u00f8rerkort, kontrakter og signering","description":"Logg inn p\u00e5 Boomr-kontoen din. Administrer din digitale kj\u00f8rebok, kontrakter og e-signaturer. Rask og sikker innlogging via BankID.","robots":{"index":"index","follow":"follow","max-snippet":"max-snippet:-1","max-image-preview":"max-image-preview:large","max-video-preview":"max-video-preview:-1"},"canonical":"https:\/\/boomr.se\/no\/logg-inn\/","og_locale":"nb_NO","og_type":"article","og_title":"Logga in","og_description":"Logga in p\u00e5 ditt Boomr-konto. Hantera din digitala k\u00f6rjournal, avtal och e-signeringar. Snabb och s\u00e4ker inloggning via BankID.","og_url":"https:\/\/boomr.se\/no\/logg-inn\/","og_site_name":"Boomr Group","article_modified_time":"2025-11-11T14:54:36+00:00","twitter_card":"summary_large_image","schema":{"@context":"https:\/\/schema.org","@graph":[{"@type":"WebPage","@id":"https:\/\/boomr.se\/logga-in\/","url":"https:\/\/boomr.se\/logga-in\/","name":"Logg inn p\u00e5 Boomr - F\u00f8rerkort, kontrakter og signering","isPartOf":{"@id":"https:\/\/boomr.se\/#website"},"datePublished":"2025-05-22T08:02:46+00:00","dateModified":"2025-11-11T14:54:36+00:00","description":"Logg inn p\u00e5 Boomr-kontoen din. Administrer din digitale kj\u00f8rebok, kontrakter og e-signaturer. Rask og sikker innlogging via BankID.","breadcrumb":{"@id":"https:\/\/boomr.se\/logga-in\/#breadcrumb"},"inLanguage":"nb-NO","potentialAction":[{"@type":"ReadAction","target":["https:\/\/boomr.se\/logga-in\/"]}]},{"@type":"BreadcrumbList","@id":"https:\/\/boomr.se\/logga-in\/#breadcrumb","itemListElement":[{"@type":"ListItem","position":1,"name":"Home","item":"https:\/\/boomr.se\/"},{"@type":"ListItem","position":2,"name":"Logga in"}]},{"@type":"WebSite","@id":"https:\/\/boomr.se\/#website","url":"https:\/\/boomr.se\/","name":"Boomr Group","description":"Vi digitaliserer entrepren\u00f8rskap","potentialAction":[{"@type":"SearchAction","target":{"@type":"EntryPoint","urlTemplate":"https:\/\/boomr.se\/?s={search_term_string}"},"query-input":{"@type":"PropertyValueSpecification","valueRequired":true,"valueName":"search_term_string"}}],"inLanguage":"nb-NO"}]}},"_links":{"self":[{"href":"https:\/\/boomr.se\/no\/wp-json\/wp\/v2\/pages\/1221","targetHints":{"allow":["GET"]}}],"collection":[{"href":"https:\/\/boomr.se\/no\/wp-json\/wp\/v2\/pages"}],"about":[{"href":"https:\/\/boomr.se\/no\/wp-json\/wp\/v2\/types\/page"}],"author":[{"embeddable":true,"href":"https:\/\/boomr.se\/no\/wp-json\/wp\/v2\/users\/3"}],"replies":[{"embeddable":true,"href":"https:\/\/boomr.se\/no\/wp-json\/wp\/v2\/comments?post=1221"}],"version-history":[{"count":19,"href":"https:\/\/boomr.se\/no\/wp-json\/wp\/v2\/pages\/1221\/revisions"}],"predecessor-version":[{"id":46192,"href":"https:\/\/boomr.se\/no\/wp-json\/wp\/v2\/pages\/1221\/revisions\/46192"}],"wp:attachment":[{"href":"https:\/\/boomr.se\/no\/wp-json\/wp\/v2\/media?parent=1221"}],"curies":[{"name":"wp","href":"https:\/\/api.w.org\/{rel}","templated":true}]}}