{"id":701,"date":"2025-04-23T09:28:47","date_gmt":"2025-04-23T08:28:47","guid":{"rendered":"https:\/\/boomr.se\/?page_id=701"},"modified":"2025-11-10T10:56:27","modified_gmt":"2025-11-10T09:56:27","slug":"ura","status":"publish","type":"page","link":"https:\/\/boomr.se\/fi\/ura\/","title":{"rendered":"Ty\u00f6urat"},"content":{"rendered":"<section class=\"bde-section-701-145 bde-section bde-preset-1d68a3a3-f3f4-4bc5-b2dd-28866d8cd5eb\">\n              \n  \n  \n\t\n\n  <div class=\"section-background-overlay\"><\/div>\n\n\n<div class=\"section-container\"><div class=\"bde-columns-701-146 bde-columns\"><div class=\"bde-column-701-147 bde-column\">\n  \n  \n\t\n\n\n\n<h1 class=\"bde-heading-701-148 bde-heading\">\nUra Boomr Groupissa\n<\/h1><p class=\"bde-text-701-149 bde-text\">\nTarjoamme dynaamisen ty\u00f6ymp\u00e4rist\u00f6n Engelbreksgatanilla G\u00f6teborgin keskustassa, jossa p\u00e4\u00e4set osaksi omistautunutta tiimi\u00e4, joka pyrkii jatkuvasti yksinkertaistamaan ja parantamaan liiketoimintaa. Boomrilla on yli 30 000 tyytyv\u00e4ist\u00e4 asiakasta, ja sen toimintakulttuurille on ominaista innovointi, yhteisty\u00f6 ja ty\u00f6tyytyv\u00e4isyys, joten Boomr on oikea paikka niille, jotka haluavat vaikuttaa.<br><br>Oletko valmis ottamaan seuraavan askeleen urallasi? Tutustu avoimiin ty\u00f6paikkoihimme ja tule osaksi Boomr-perhett\u00e4.\n<\/p>\n<\/div><div class=\"bde-column-701-151 bde-column\">\n  \n  \n\t\n\n\n\n<img decoding=\"async\" class=\"bde-image2-701-152 bde-image2\" src=\"https:\/\/boomr.se\/wp-content\/uploads\/2025\/04\/Boomr-i-korthet-1024x683-1-768x512.jpg\" loading=\"lazy\" srcset=\"https:\/\/boomr.se\/wp-content\/uploads\/2025\/04\/Boomr-i-korthet-1024x683-1.jpg 1024w, https:\/\/boomr.se\/wp-content\/uploads\/2025\/04\/Boomr-i-korthet-1024x683-1-300x200.jpg 300w, https:\/\/boomr.se\/wp-content\/uploads\/2025\/04\/Boomr-i-korthet-1024x683-1-768x512.jpg 768w\" sizes=\"(max-width: 1024px) 100vw, 1024px\" data-entrance=\"slideRight\">\n<\/div><\/div><\/div>\n<\/section><section class=\"bde-section-701-110 bde-section\">\n  \n  \n\t\n\n\n\n<div class=\"section-container\"><div class=\"bde-columns-701-111 bde-columns\"><div class=\"bde-column-701-113 bde-column\">\n  \n  \n\t\n\n\n\n<div class=\"bde-text-701-115 bde-text\">\nTy\u00f6skentely Boomr Groupissa\n<\/div><div class=\"bde-text-701-116 bde-text\">\nOlemme tiimi, joka kehittyy jatkuvasti ja joka houkuttelee yritykseemme uusia persoonallisuuksia. Voidaksesi suoriutua parhaalla mahdollisella tavalla, tarvitset oikeat olosuhteet. Me investoimme sinuun, sin\u00e4 investoit meihin - yhdess\u00e4 olemme loistava tiimi. Niille, jotka l\u00e4htev\u00e4t mukaan Boomrin matkalle, on mahtavien ty\u00f6ntekij\u00f6iden ja upean toimiston Kroksl\u00e4tts Fabrikerissa lis\u00e4ksi tarjolla loputtomia haasteita ja paljon hauskaa matkan varrella!<br><br>\n<\/div>\n<\/div><\/div><\/div>\n<\/section><section class=\"bde-section-701-117 bde-section\">\n  \n  \n\t\n\n\n\n<div class=\"section-container\"><div class=\"bde-columns-701-118 bde-columns\"><div class=\"bde-column-701-119 bde-column\">\n  \n  \n\t\n\n\n\n<div class=\"bde-text-701-122 bde-text\">\nEdut Boomr Groupissa\n<\/div><ul class=\"bde-basic-list-701-124 bde-basic-list\">\n  <li  >    \n          Hyvinvointituki ja ty\u00f6terveyshuolto Team Healthin kautta.\n      <\/li>\n  <li  >    \n          Joka p\u00e4iv\u00e4 runsas aamiainen!\n      <\/li>\n  <li  >    \n          Ty\u00f6el\u00e4ke\n      <\/li>\n  <li  >    \n          Hyv\u00e4t mahdollisuudet edet\u00e4 uralla, sill\u00e4 kaikilla yhteisty\u00f6kumppaneillamme ja johtajillamme on pitk\u00e4 historia yrityksess\u00e4, ja he kaikki ovat aloittaneet myyntity\u00f6ss\u00e4.<br>\n      <\/li>\n  <li  >    \n          J\u00e4rjest\u00e4mme kerran kuukaudessa hauskaa toimintaa, kuten paintballia, kylpyl\u00f6it\u00e4, retki\u00e4 ja paljon muuta!\n      <\/li>\n  <li  >    \n          Kilpailut ja bonukset sille myyj\u00e4lle tai niille myyjille, jotka auttavat eniten yrityksi\u00e4 turvallisuusratkaisujen kanssa.\n      <\/li>\n  <li  >    \n          Jatkuva koulutus ja luennot.\n      <\/li>\n<\/ul><div class=\"bde-text-701-125 bde-text\">\nOletko sin\u00e4 seuraava t\u00e4htemme? Hae jo t\u00e4n\u00e4\u00e4n -&gt;\n<\/div><div class=\"bde-text-701-123 bde-text\">\n\n<\/div>\n<\/div><div class=\"bde-column-701-121 bde-column\">\n  \n  \n\t\n\n\n\n<img decoding=\"async\" class=\"bde-image2-701-120 bde-image2\" src=\"https:\/\/boomr.se\/wp-content\/uploads\/2025\/04\/Karriar_Fifa-500x379-1.png\" loading=\"lazy\" srcset=\"https:\/\/boomr.se\/wp-content\/uploads\/2025\/04\/Karriar_Fifa-500x379-1.png 500w, https:\/\/boomr.se\/wp-content\/uploads\/2025\/04\/Karriar_Fifa-500x379-1-300x227.png 300w\" sizes=\"(max-width: 500px) 100vw, 500px\">\n<\/div><\/div><\/div>\n<\/section><section id=\"varatjanster\" class=\"bde-section-701-126 bde-section varatjanster\">\n  \n  \n\t\n\n\n\n<div class=\"section-container\"><div class=\"bde-text-701-132 bde-text\">\nJuuri nyt etsimme:\n<\/div><div class=\"bde-columns-701-128 bde-columns\"><div class=\"bde-column-701-129 bde-column\">\n  \n  \n\t\n\n\n\n<div class=\"bde-columns-701-134 bde-columns\"><div class=\"bde-column-701-135 bde-column\">\n  \n  \n\t\n\n\n\n<img decoding=\"async\" class=\"bde-image2-701-137 bde-image2\" src=\"https:\/\/boomr.se\/wp-content\/uploads\/2025\/05\/Boomr_id-bevaraken_privat_image3.webp\" loading=\"lazy\" srcset=\"https:\/\/boomr.se\/wp-content\/uploads\/2025\/05\/Boomr_id-bevaraken_privat_image3.webp 924w, https:\/\/boomr.se\/wp-content\/uploads\/2025\/05\/Boomr_id-bevaraken_privat_image3-300x227.webp 300w, https:\/\/boomr.se\/wp-content\/uploads\/2025\/05\/Boomr_id-bevaraken_privat_image3-768x582.webp 768w\" sizes=\"(max-width: 924px) 100vw, 924px\">\n<\/div><div class=\"bde-column-701-136 bde-column\">\n  \n  \n\t\n\n\n\n<div class=\"bde-rich-text-701-138 bde-rich-text breakdance-rich-text-styles\">\n<h2>Sis\u00e4myynti<\/h2><p>Oletko ty\u00f6el\u00e4m\u00e4n kynnyksell\u00e4? Oletko n\u00e4lk\u00e4inen ja etsit uusia haasteita? Oletko sosiaalinen ja nautit uusien ihmisten tapaamisesta?<\/p><ul><li>Ty\u00f6aika: 08.15-16.30 (ma-pe), 100% Kokoaikainen.<\/li><li>Ty\u00f6suhde: Koeaika 6 kuukautta.<\/li><li>Palkka: Keskim\u00e4\u00e4r\u00e4inen palkka on t\u00e4ll\u00e4 hetkell\u00e4 36 000:- kuukaudessa. Kiinte\u00e4 takuupalkka alkaen 25 000:- ja runsas provisio.<\/li><li>Aloitus: V\u00e4litt\u00f6m\u00e4sti.<\/li><\/ul>\n<\/div><div class=\"bde-button-701-139 bde-button\">\n    \n                                    \n    \n    \n    \n    \n            \n                    \n            \n            \n\n    \n    \n    \n    \n    \n    <a class=\"breakdance-link button-atom button-atom--primary bde-button__button\" href=\"https:\/\/boomr.se\/fi\/ura\/sisustussuunnittelija\/\" target=\"_self\" data-type=\"url\"  >\n\n    \n        <span class=\"button-atom__text\">Lue lis\u00e4\u00e4 palvelusta!<\/span>\n\n        \n        \n                <\/a>\n\n    \n\n\n<\/div>\n<\/div><\/div>\n<\/div><\/div><\/div>\n<\/section>","protected":false},"excerpt":{"rendered":"<p>Ura Boomr Groupissa Tarjoamme dynaamisen ty\u00f6ymp\u00e4rist\u00f6n G\u00f6teborgin keskustassa sijaitsevalla engelbreksgatanilla, jossa p\u00e4\u00e4set osaksi omistautunutta tiimi\u00e4, joka pyrkii jatkuvasti yksinkertaistamaan ja parantamaan liiketoimintaa. Boomrilla on yli 30 000 tyytyv\u00e4ist\u00e4 asiakasta ja kulttuurille on ominaista innovointi, yhteisty\u00f6 ja ty\u00f6tyytyv\u00e4isyys, joten Boomr on oikea paikka sinulle, jos haluat [...]<\/p>","protected":false},"author":3,"featured_media":0,"parent":0,"menu_order":0,"comment_status":"closed","ping_status":"closed","template":"","meta":{"_breakdance_hide_in_design_set":false,"_breakdance_tags":"","footnotes":""},"class_list":["post-701","page","type-page","status-publish","hentry"],"yoast_head":"<!-- This site is optimized with the Yoast SEO Premium plugin v26.3 (Yoast SEO v26.3) - https:\/\/yoast.com\/wordpress\/plugins\/seo\/ -->\n<title>Karri\u00e4r p\u00e5 Boomr \u2013 Jobba med oss | Lediga tj\u00e4nster<\/title>\n<meta name=\"description\" content=\"Vill du vara med och bygga Sveriges snabbast v\u00e4xande k\u00f6rjournalsleverant\u00f6r? Se lediga tj\u00e4nster p\u00e5 Boomr och ans\u00f6k idag. Vi s\u00f6ker nya talanger!\" \/>\n<meta name=\"robots\" content=\"index, follow, max-snippet:-1, max-image-preview:large, max-video-preview:-1\" \/>\n<link rel=\"canonical\" href=\"https:\/\/boomr.se\/fi\/ura\/\" \/>\n<meta property=\"og:locale\" content=\"fi_FI\" \/>\n<meta property=\"og:type\" content=\"article\" \/>\n<meta property=\"og:title\" content=\"Karri\u00e4r\" \/>\n<meta property=\"og:description\" content=\"Vill du vara med och bygga Sveriges snabbast v\u00e4xande k\u00f6rjournalsleverant\u00f6r? Se lediga tj\u00e4nster p\u00e5 Boomr och ans\u00f6k idag. Vi s\u00f6ker nya talanger!\" \/>\n<meta property=\"og:url\" content=\"https:\/\/boomr.se\/fi\/ura\/\" \/>\n<meta property=\"og:site_name\" content=\"Boomr Group\" \/>\n<meta property=\"article:modified_time\" content=\"2025-11-10T09:56:27+00:00\" \/>\n<meta name=\"twitter:card\" content=\"summary_large_image\" \/>\n<script type=\"application\/ld+json\" class=\"yoast-schema-graph\">{\"@context\":\"https:\/\/schema.org\",\"@graph\":[{\"@type\":\"WebPage\",\"@id\":\"https:\/\/boomr.se\/karriar\/\",\"url\":\"https:\/\/boomr.se\/karriar\/\",\"name\":\"Karri\u00e4r p\u00e5 Boomr \u2013 Jobba med oss | Lediga tj\u00e4nster\",\"isPartOf\":{\"@id\":\"https:\/\/boomr.se\/#website\"},\"datePublished\":\"2025-04-23T08:28:47+00:00\",\"dateModified\":\"2025-11-10T09:56:27+00:00\",\"description\":\"Vill du vara med och bygga Sveriges snabbast v\u00e4xande k\u00f6rjournalsleverant\u00f6r? Se lediga tj\u00e4nster p\u00e5 Boomr och ans\u00f6k idag. Vi s\u00f6ker nya talanger!\",\"breadcrumb\":{\"@id\":\"https:\/\/boomr.se\/karriar\/#breadcrumb\"},\"inLanguage\":\"fi\",\"potentialAction\":[{\"@type\":\"ReadAction\",\"target\":[\"https:\/\/boomr.se\/karriar\/\"]}]},{\"@type\":\"BreadcrumbList\",\"@id\":\"https:\/\/boomr.se\/karriar\/#breadcrumb\",\"itemListElement\":[{\"@type\":\"ListItem\",\"position\":1,\"name\":\"Home\",\"item\":\"https:\/\/boomr.se\/\"},{\"@type\":\"ListItem\",\"position\":2,\"name\":\"Karri\u00e4r\"}]},{\"@type\":\"WebSite\",\"@id\":\"https:\/\/boomr.se\/#website\",\"url\":\"https:\/\/boomr.se\/\",\"name\":\"Boomr Group\",\"description\":\"Vi digitaliserar f\u00f6retagandet\",\"potentialAction\":[{\"@type\":\"SearchAction\",\"target\":{\"@type\":\"EntryPoint\",\"urlTemplate\":\"https:\/\/boomr.se\/?s={search_term_string}\"},\"query-input\":{\"@type\":\"PropertyValueSpecification\",\"valueRequired\":true,\"valueName\":\"search_term_string\"}}],\"inLanguage\":\"fi\"}]}<\/script>\n<!-- \/ Yoast SEO Premium plugin. -->","yoast_head_json":{"title":"Ura Boomrilla - Ty\u00f6skentele kanssamme | Avoimet ty\u00f6paikat","description":"Haluatko olla mukana rakentamassa Ruotsin nopeimmin kasvavaa lokikirjojen tarjoajaa? Katso avoimet ty\u00f6paikat Boomrissa ja hae jo t\u00e4n\u00e4\u00e4n. Etsimme uusia kykyj\u00e4!","robots":{"index":"index","follow":"follow","max-snippet":"max-snippet:-1","max-image-preview":"max-image-preview:large","max-video-preview":"max-video-preview:-1"},"canonical":"https:\/\/boomr.se\/fi\/ura\/","og_locale":"fi_FI","og_type":"article","og_title":"Karri\u00e4r","og_description":"Vill du vara med och bygga Sveriges snabbast v\u00e4xande k\u00f6rjournalsleverant\u00f6r? Se lediga tj\u00e4nster p\u00e5 Boomr och ans\u00f6k idag. Vi s\u00f6ker nya talanger!","og_url":"https:\/\/boomr.se\/fi\/ura\/","og_site_name":"Boomr Group","article_modified_time":"2025-11-10T09:56:27+00:00","twitter_card":"summary_large_image","schema":{"@context":"https:\/\/schema.org","@graph":[{"@type":"WebPage","@id":"https:\/\/boomr.se\/karriar\/","url":"https:\/\/boomr.se\/karriar\/","name":"Ura Boomrilla - Ty\u00f6skentele kanssamme | Avoimet ty\u00f6paikat","isPartOf":{"@id":"https:\/\/boomr.se\/#website"},"datePublished":"2025-04-23T08:28:47+00:00","dateModified":"2025-11-10T09:56:27+00:00","description":"Haluatko olla mukana rakentamassa Ruotsin nopeimmin kasvavaa lokikirjojen tarjoajaa? Katso avoimet ty\u00f6paikat Boomrissa ja hae jo t\u00e4n\u00e4\u00e4n. Etsimme uusia kykyj\u00e4!","breadcrumb":{"@id":"https:\/\/boomr.se\/karriar\/#breadcrumb"},"inLanguage":"fi","potentialAction":[{"@type":"ReadAction","target":["https:\/\/boomr.se\/karriar\/"]}]},{"@type":"BreadcrumbList","@id":"https:\/\/boomr.se\/karriar\/#breadcrumb","itemListElement":[{"@type":"ListItem","position":1,"name":"Home","item":"https:\/\/boomr.se\/"},{"@type":"ListItem","position":2,"name":"Karri\u00e4r"}]},{"@type":"WebSite","@id":"https:\/\/boomr.se\/#website","url":"https:\/\/boomr.se\/","name":"Boomr Group","description":"Digitalisoimme yritt\u00e4jyyden","potentialAction":[{"@type":"SearchAction","target":{"@type":"EntryPoint","urlTemplate":"https:\/\/boomr.se\/?s={search_term_string}"},"query-input":{"@type":"PropertyValueSpecification","valueRequired":true,"valueName":"search_term_string"}}],"inLanguage":"fi"}]}},"_links":{"self":[{"href":"https:\/\/boomr.se\/fi\/wp-json\/wp\/v2\/pages\/701","targetHints":{"allow":["GET"]}}],"collection":[{"href":"https:\/\/boomr.se\/fi\/wp-json\/wp\/v2\/pages"}],"about":[{"href":"https:\/\/boomr.se\/fi\/wp-json\/wp\/v2\/types\/page"}],"author":[{"embeddable":true,"href":"https:\/\/boomr.se\/fi\/wp-json\/wp\/v2\/users\/3"}],"replies":[{"embeddable":true,"href":"https:\/\/boomr.se\/fi\/wp-json\/wp\/v2\/comments?post=701"}],"version-history":[{"count":49,"href":"https:\/\/boomr.se\/fi\/wp-json\/wp\/v2\/pages\/701\/revisions"}],"predecessor-version":[{"id":46191,"href":"https:\/\/boomr.se\/fi\/wp-json\/wp\/v2\/pages\/701\/revisions\/46191"}],"wp:attachment":[{"href":"https:\/\/boomr.se\/fi\/wp-json\/wp\/v2\/media?parent=701"}],"curies":[{"name":"wp","href":"https:\/\/api.w.org\/{rel}","templated":true}]}}