{"id":46291,"date":"2025-11-19T00:23:41","date_gmt":"2025-11-18T23:23:41","guid":{"rendered":"https:\/\/boomr.se\/sekretesspolicy-eu\/"},"modified":"2026-02-03T14:58:45","modified_gmt":"2026-02-03T13:58:45","slug":"tietosuojakaytanto","status":"publish","type":"page","link":"https:\/\/boomr.se\/fi\/tietosuojakaytanto\/","title":{"rendered":"Tietosuojak\u00e4yt\u00e4nt\u00f6"},"content":{"rendered":"<p><\/p>\n\n\n\n<h1 class=\"wp-block-heading\" id=\"h-integritetspolicy\">Tietosuojak\u00e4yt\u00e4nt\u00f6<\/h1>\n\n\n\n<!-- Legal document generated by Complianz | GDPR\/CCPA Cookie Consent https:\/\/wordpress.org\/plugins\/complianz-gdpr -->\n<div id=\"cmplz-document\" class=\"cmplz-document privacy-statement cmplz-document-eu\"><p><i>T\u00e4m\u00e4 tietosuojaseloste on p\u00e4ivitetty viimeksi 2025-11-25, ja se koskee Euroopan talousalueen ja Sveitsin kansalaisia ja laillisesti pysyvi\u00e4 asukkaita.<\/i><br \/><br \/><\/p><p><p>T\u00e4ss\u00e4 tietosuojaselosteessa selit\u00e4mme, mit\u00e4 teemme tiedoilla, jotka saamme sinusta seuraavien tahojen v\u00e4lityksell\u00e4 <a href=\"https:\/\/boomr.se\/fi\">https:\/\/boomr.se\/fi<\/a>. Suosittelemme, ett\u00e4 luet t\u00e4m\u00e4n selonteon huolellisesti. Noudatamme k\u00e4sittelyss\u00e4 yksityisyyden suojaa koskevan lains\u00e4\u00e4d\u00e4nn\u00f6n vaatimuksia. T\u00e4m\u00e4 tarkoittaa muun muassa sit\u00e4, ett\u00e4:<\/p><ul>\n                <li>ilmoitamme selke\u00e4sti tarkoitukset, joita varten k\u00e4sittelemme henkil\u00f6tietoja. Teemme t\u00e4m\u00e4n t\u00e4m\u00e4n tietosuojaselosteen avulla;<\/li>\n                <li>pyrimme rajoittamaan henkil\u00f6tietojen ker\u00e4\u00e4misen vain laillisiin tarkoituksiin tarvittaviin henkil\u00f6tietoihin;<\/li>\n                <li>pyyd\u00e4mme ensin nimenomaista suostumustasi henkil\u00f6tietojesi k\u00e4sittelyyn tapauksissa, jotka edellytt\u00e4v\u00e4t suostumustasi;<\/li>\n                <li>ryhdymme asianmukaisiin turvatoimiin henkil\u00f6tietojesi suojaamiseksi ja vaadimme t\u00e4t\u00e4 my\u00f6s osapuolilta, jotka k\u00e4sittelev\u00e4t henkil\u00f6tietoja puolestamme;<\/li>\n                <li>kunnioitamme oikeuttasi tutustua henkil\u00f6tietoihisi tai saada ne pyynn\u00f6st\u00e4si oikaistua tai poistettua.<\/li>\n            <\/ul><p>Jos sinulla on kysytt\u00e4v\u00e4\u00e4 tai haluat tiet\u00e4\u00e4 tarkalleen, mit\u00e4 tietoja s\u00e4ilyt\u00e4mme sinusta, ota meihin yhteytt\u00e4.<\/p><\/p><h2>1. tarkoitus, tiedot ja s\u00e4ilytysaika<\/h2>Voimme ker\u00e4t\u00e4 tai vastaanottaa henkil\u00f6tietoja useisiin liiketoimintaamme liittyviin tarkoituksiin, joihin voivat kuulua seuraavat: (klikkaa laajentaaksesi)<details class=\"cmplz-dropdown dropdown-privacy-statement\"><summary><div><h3>1.1 Yhteydenotot - puhelimitse, postitse, s\u00e4hk\u00f6postitse ja\/tai verkkolomakkeilla.<\/h3><\/div><\/summary><p class=\"cmplz-subtitle\">T\u00e4t\u00e4 tarkoitusta varten k\u00e4yt\u00e4mme seuraavia tietoja:<\/p><p><ul><li>Etu- ja sukunimi<\/li><li>S\u00e4hk\u00f6postiosoite<\/li><li>Puhelinnumero<\/li><\/ul><\/p><p class=\"cmplz-subtitle\">Peruste, jonka perusteella voimme k\u00e4sitell\u00e4 n\u00e4it\u00e4 tietoja, on:<\/p><p><a target=\"_blank\" rel=\"noopener noreferrer nofollow\" href=\"https:\/\/cookiedatabase.org\/legal-bases\/#agreement\">Se on tarpeen sellaisen sopimuksen toteuttamiseksi tai sellaiseen sopimukseen liittyvien alustavien menettelyjen toteuttamiseksi, jonka osapuolena rekister\u00f6ity on. <\/a><\/p><p class=\"cmplz-subtitle\">S\u00e4ilytysaika<\/p><p>S\u00e4ilyt\u00e4mme n\u00e4it\u00e4 tietoja palvelun p\u00e4\u00e4ttyess\u00e4 seuraavan m\u00e4\u00e4r\u00e4n kuukausia: 12 kuukautta.<\/p><\/details><details class=\"cmplz-dropdown dropdown-privacy-statement\"><summary><div><h3>1.2 Tukemaan palveluja tai tuotteita, joita asiakas haluaa ostaa tai on ostanut.<\/h3><\/div><\/summary><p class=\"cmplz-subtitle\">T\u00e4t\u00e4 tarkoitusta varten k\u00e4yt\u00e4mme seuraavia tietoja:<\/p><p><ul><li>Etu- ja sukunimi<\/li><li>S\u00e4hk\u00f6postiosoite<\/li><li>Puhelinnumero<\/li><\/ul><\/p><p class=\"cmplz-subtitle\">Peruste, jonka perusteella voimme k\u00e4sitell\u00e4 n\u00e4it\u00e4 tietoja, on:<\/p><p><a target=\"_blank\" rel=\"noopener noreferrer nofollow\" href=\"https:\/\/cookiedatabase.org\/legal-bases\/#agreement\">Se on tarpeen sellaisen sopimuksen toteuttamiseksi tai sellaiseen sopimukseen liittyvien alustavien menettelyjen toteuttamiseksi, jonka osapuolena rekister\u00f6ity on. <\/a><\/p><p class=\"cmplz-subtitle\">S\u00e4ilytysaika<\/p><p>S\u00e4ilyt\u00e4mme n\u00e4it\u00e4 tietoja palvelun p\u00e4\u00e4ttyess\u00e4 seuraavan m\u00e4\u00e4r\u00e4n kuukausia: 12 kuukautta.<\/p><\/details><details class=\"cmplz-dropdown dropdown-privacy-statement\"><summary><div><h3>1.3 Voidaksemme tarjota yksil\u00f6llisi\u00e4 tuotteita ja palveluja.<\/h3><\/div><\/summary><p class=\"cmplz-subtitle\">T\u00e4t\u00e4 tarkoitusta varten k\u00e4yt\u00e4mme seuraavia tietoja:<\/p><p><ul><\/ul><\/p><p class=\"cmplz-subtitle\">Peruste, jonka perusteella voimme k\u00e4sitell\u00e4 n\u00e4it\u00e4 tietoja, on:<\/p><p><a target=\"_blank\" rel=\"noopener noreferrer nofollow\" href=\"https:\/\/cookiedatabase.org\/legal-bases\/#agreement\">Se on tarpeen sellaisen sopimuksen toteuttamiseksi tai sellaiseen sopimukseen liittyvien alustavien menettelyjen toteuttamiseksi, jonka osapuolena rekister\u00f6ity on. <\/a><\/p><p class=\"cmplz-subtitle\">S\u00e4ilytysaika<\/p><p>S\u00e4ilyt\u00e4mme n\u00e4m\u00e4 tiedot, kunnes palvelu lopetetaan.<\/p><\/details><h2>2. ev\u00e4steet<\/h2><p>Sivustomme k\u00e4ytt\u00e4\u00e4 ev\u00e4steit\u00e4. Lis\u00e4tietoja ev\u00e4steist\u00e4 on osoitteessa osoitteessa <a href=\"https:\/\/boomr.se\/fi\/evastekaytanto-eu\/\">Ev\u00e4stek\u00e4yt\u00e4nt\u00f6<\/a>.&nbsp;<\/p><h2>3. tiedonantok\u00e4yt\u00e4nn\u00f6t<\/h2><p><p>Luovutamme henkil\u00f6tietoja, jos laki tai tuomioistuimen m\u00e4\u00e4r\u00e4ys vaatii meit\u00e4 antamaan tietoja, lainvalvontaviranomaisen vastauksena, muiden lain s\u00e4\u00e4nn\u00f6sten sallimissa rajoissa tai yleiseen turvallisuuteen liittyv\u00e4n asian tutkimiseksi.<\/p><p>Jos verkkosivustomme tai organisaatiomme otetaan haltuun, myyd\u00e4\u00e4n tai osallistuu fuusioon tai yrityskauppaan, tietosi voidaan luovuttaa neuvonantajillemme ja mahdollisille ostajille, ja ne luovutetaan uusille omistajille.<\/p><\/p><p>Olemme tehneet tietojenk\u00e4sittelysopimuksen Googlen kanssa.<\/p><h2>4. turvallisuus<\/h2><p>Olemme sitoutuneet henkil\u00f6tietojen turvallisuuteen. Toteutamme asianmukaisia turvatoimia rajoittaaksemme henkil\u00f6tietojen v\u00e4\u00e4rink\u00e4ytt\u00f6\u00e4 ja luvatonta p\u00e4\u00e4sy\u00e4 niihin. N\u00e4in varmistetaan, ett\u00e4 vain tarvittavilla henkil\u00f6ill\u00e4 on p\u00e4\u00e4sy tietoihin, ett\u00e4 p\u00e4\u00e4sy tietoihin on suojattu ja ett\u00e4 turvatoimenpiteemme tarkistetaan s\u00e4\u00e4nn\u00f6llisesti.<\/p><h2>5. Kolmannen osapuolen verkkosivustot<\/h2><p>T\u00e4m\u00e4 tietosuojaseloste ei koske kolmansien osapuolten verkkosivustoja, jotka on yhdistetty verkkosivustomme linkkien kautta. Emme voi taata, ett\u00e4 n\u00e4m\u00e4 kolmannet osapuolet k\u00e4sittelev\u00e4t henkil\u00f6tietojasi luotettavasti tai turvallisesti. Suosittelemme, ett\u00e4 luet n\u00e4iden verkkosivustojen tietosuojalausekkeet ennen kuin k\u00e4yt\u00e4t n\u00e4it\u00e4 verkkosivustoja.<\/p><h2>6 Muutokset t\u00e4h\u00e4n tietosuojaselosteeseen<\/h2><p>Pid\u00e4t\u00e4mme oikeuden tehd\u00e4 muutoksia t\u00e4h\u00e4n tietosuojalausuntoon. On suositeltavaa, ett\u00e4 tutustut t\u00e4h\u00e4n tietosuojalausuntoon s\u00e4\u00e4nn\u00f6llisesti, jotta olet tietoinen kaikista muutoksista. Lis\u00e4ksi tiedotamme sinulle aktiivisesti aina kun se on mahdollista.<\/p><h2>7. tietojen k\u00e4ytt\u00e4minen ja muuttaminen<\/h2><p>Jos sinulla on kysytt\u00e4v\u00e4\u00e4 tai haluat tiet\u00e4\u00e4, mit\u00e4 henkil\u00f6tietoja meill\u00e4 on sinusta, ota meihin yhteytt\u00e4. Voit ottaa meihin yhteytt\u00e4 alla olevien tietojen avulla. Sinulla on seuraavat oikeudet:<\/p><ul>\n                <li>Sinulla on oikeus tiet\u00e4\u00e4, miksi henkil\u00f6tietojasi tarvitaan, mit\u00e4 niille tapahtuu ja kuinka kauan niit\u00e4 s\u00e4ilytet\u00e4\u00e4n.<\/li>\n                <li>Oikeus tutustua tietoihin: Sinulla on oikeus tutustua tietojasi koskeviin tietoihin, jotka ovat meid\u00e4n tiedossamme.<\/li>\n                <li>Oikaisuoikeus: sinulla on oikeus t\u00e4ydent\u00e4\u00e4, korjata, poistaa tai est\u00e4\u00e4 henkil\u00f6tietojasi milloin tahansa.<\/li>\n                <li>Jos annat meille suostumuksesi tietojesi k\u00e4sittelyyn, sinulla on oikeus peruuttaa suostumuksesi ja pyyt\u00e4\u00e4 henkil\u00f6tietojesi poistamista.<\/li>\n                <li>Oikeus siirt\u00e4\u00e4 tietosi: sinulla on oikeus pyyt\u00e4\u00e4 kaikki henkil\u00f6tietosi rekisterinpit\u00e4j\u00e4lt\u00e4 ja siirt\u00e4\u00e4 ne kokonaisuudessaan toiselle rekisterinpit\u00e4j\u00e4lle.<\/li>\n                <li>Vastustamisoikeus: Voit vastustaa tietojesi k\u00e4sittely\u00e4. Noudatamme t\u00e4t\u00e4, ellei k\u00e4sittelylle ole perusteltua syyt\u00e4.<\/li>\n            <\/ul><p>Ilmoita aina selv\u00e4sti, kuka olet, jotta voimme olla varmoja, ettemme muuta tai poista v\u00e4\u00e4r\u00e4n henkil\u00f6n tietoja.<\/p><h2>8. Valituksen tekeminen<\/h2><p>Jos et ole tyytyv\u00e4inen tapaan, jolla k\u00e4sittelemme henkil\u00f6tietojesi k\u00e4sittely\u00e4, sinulla on oikeus tehd\u00e4 valitus tietosuojaviranomaiselle.<\/p><h2>9. yhteystiedot<\/h2><p>Boomr Group AB<br \/>\n        Engelbrektsgatan 71, 412 52, G\u00f6teborg<br \/>\n        Ruotsi<br \/>\n        Verkkosivusto: <a href=\"https:\/\/boomr.se\/fi\">https:\/\/boomr.se\/fi<\/a> <br \/>\n        S\u00e4hk\u00f6posti: <span class=\"cmplz-obfuscate\">info@<span class=\"cmplz-fmail-domain\">ex.com<\/span>boomr.se<\/span> <br \/>\n        Puhelinnumero: 031-7567900<\/p><\/div>","protected":false},"excerpt":{"rendered":"<p>Tietosuojak\u00e4yt\u00e4nt\u00f6<\/p>","protected":false},"author":1,"featured_media":0,"parent":0,"menu_order":0,"comment_status":"closed","ping_status":"closed","template":"","meta":{"_breakdance_hide_in_design_set":false,"_breakdance_tags":"","footnotes":""},"class_list":["post-46291","page","type-page","status-publish","hentry"],"yoast_head":"<!-- This site is optimized with the Yoast SEO Premium plugin v26.3 (Yoast SEO v26.3) - https:\/\/yoast.com\/wordpress\/plugins\/seo\/ -->\n<title>Integritetspolicy \u2013 S\u00e5 skyddar Boomr dina uppgifter<\/title>\n<meta name=\"description\" content=\"L\u00e4s Boomrs integritetspolicy. Vi v\u00e4rnar om din personliga integritet och hanterar dina uppgifter enligt GDPR. Transparent och s\u00e4kert.\" \/>\n<meta name=\"robots\" content=\"index, follow, max-snippet:-1, max-image-preview:large, max-video-preview:-1\" \/>\n<link rel=\"canonical\" href=\"https:\/\/boomr.se\/fi\/tietosuojakaytanto\/\" \/>\n<meta property=\"og:locale\" content=\"fi_FI\" \/>\n<meta property=\"og:type\" content=\"article\" \/>\n<meta property=\"og:title\" content=\"Integritetspolicy\" \/>\n<meta property=\"og:description\" content=\"L\u00e4s Boomrs integritetspolicy. Vi v\u00e4rnar om din personliga integritet och hanterar dina uppgifter enligt GDPR. Transparent och s\u00e4kert.\" \/>\n<meta property=\"og:url\" content=\"https:\/\/boomr.se\/fi\/tietosuojakaytanto\/\" \/>\n<meta property=\"og:site_name\" content=\"Boomr Group\" \/>\n<meta property=\"article:modified_time\" content=\"2026-02-03T13:58:45+00:00\" \/>\n<meta name=\"twitter:card\" content=\"summary_large_image\" \/>\n<meta name=\"twitter:label1\" content=\"Arvioitu lukuaika\" \/>\n\t<meta name=\"twitter:data1\" content=\"1 minuutti\" \/>\n<script type=\"application\/ld+json\" class=\"yoast-schema-graph\">{\"@context\":\"https:\/\/schema.org\",\"@graph\":[{\"@type\":\"WebPage\",\"@id\":\"https:\/\/boomr.se\/integritetspolicy\/\",\"url\":\"https:\/\/boomr.se\/integritetspolicy\/\",\"name\":\"Integritetspolicy \u2013 S\u00e5 skyddar Boomr dina uppgifter\",\"isPartOf\":{\"@id\":\"https:\/\/boomr.se\/#website\"},\"datePublished\":\"2025-11-18T23:23:41+00:00\",\"dateModified\":\"2026-02-03T13:58:45+00:00\",\"description\":\"L\u00e4s Boomrs integritetspolicy. Vi v\u00e4rnar om din personliga integritet och hanterar dina uppgifter enligt GDPR. Transparent och s\u00e4kert.\",\"breadcrumb\":{\"@id\":\"https:\/\/boomr.se\/integritetspolicy\/#breadcrumb\"},\"inLanguage\":\"fi\",\"potentialAction\":[{\"@type\":\"ReadAction\",\"target\":[\"https:\/\/boomr.se\/integritetspolicy\/\"]}]},{\"@type\":\"BreadcrumbList\",\"@id\":\"https:\/\/boomr.se\/integritetspolicy\/#breadcrumb\",\"itemListElement\":[{\"@type\":\"ListItem\",\"position\":1,\"name\":\"Home\",\"item\":\"https:\/\/boomr.se\/\"},{\"@type\":\"ListItem\",\"position\":2,\"name\":\"Integritetspolicy\"}]},{\"@type\":\"WebSite\",\"@id\":\"https:\/\/boomr.se\/#website\",\"url\":\"https:\/\/boomr.se\/\",\"name\":\"Boomr Group\",\"description\":\"Vi digitaliserar f\u00f6retagandet\",\"potentialAction\":[{\"@type\":\"SearchAction\",\"target\":{\"@type\":\"EntryPoint\",\"urlTemplate\":\"https:\/\/boomr.se\/?s={search_term_string}\"},\"query-input\":{\"@type\":\"PropertyValueSpecification\",\"valueRequired\":true,\"valueName\":\"search_term_string\"}}],\"inLanguage\":\"fi\"}]}<\/script>\n<!-- \/ Yoast SEO Premium plugin. -->","yoast_head_json":{"title":"Tietosuojak\u00e4yt\u00e4nt\u00f6 - Miten Boomr suojaa tietojasi?","description":"Lue Boomrin tietosuojak\u00e4yt\u00e4nt\u00f6. V\u00e4lit\u00e4mme yksityisyydest\u00e4si ja k\u00e4sittelemme tietojasi GDPR:n mukaisesti. L\u00e4pin\u00e4kyv\u00e4sti ja turvallisesti.","robots":{"index":"index","follow":"follow","max-snippet":"max-snippet:-1","max-image-preview":"max-image-preview:large","max-video-preview":"max-video-preview:-1"},"canonical":"https:\/\/boomr.se\/fi\/tietosuojakaytanto\/","og_locale":"fi_FI","og_type":"article","og_title":"Integritetspolicy","og_description":"L\u00e4s Boomrs integritetspolicy. Vi v\u00e4rnar om din personliga integritet och hanterar dina uppgifter enligt GDPR. Transparent och s\u00e4kert.","og_url":"https:\/\/boomr.se\/fi\/tietosuojakaytanto\/","og_site_name":"Boomr Group","article_modified_time":"2026-02-03T13:58:45+00:00","twitter_card":"summary_large_image","twitter_misc":{"Arvioitu lukuaika":"1 minuutti"},"schema":{"@context":"https:\/\/schema.org","@graph":[{"@type":"WebPage","@id":"https:\/\/boomr.se\/integritetspolicy\/","url":"https:\/\/boomr.se\/integritetspolicy\/","name":"Tietosuojak\u00e4yt\u00e4nt\u00f6 - Miten Boomr suojaa tietojasi?","isPartOf":{"@id":"https:\/\/boomr.se\/#website"},"datePublished":"2025-11-18T23:23:41+00:00","dateModified":"2026-02-03T13:58:45+00:00","description":"Lue Boomrin tietosuojak\u00e4yt\u00e4nt\u00f6. V\u00e4lit\u00e4mme yksityisyydest\u00e4si ja k\u00e4sittelemme tietojasi GDPR:n mukaisesti. L\u00e4pin\u00e4kyv\u00e4sti ja turvallisesti.","breadcrumb":{"@id":"https:\/\/boomr.se\/integritetspolicy\/#breadcrumb"},"inLanguage":"fi","potentialAction":[{"@type":"ReadAction","target":["https:\/\/boomr.se\/integritetspolicy\/"]}]},{"@type":"BreadcrumbList","@id":"https:\/\/boomr.se\/integritetspolicy\/#breadcrumb","itemListElement":[{"@type":"ListItem","position":1,"name":"Home","item":"https:\/\/boomr.se\/"},{"@type":"ListItem","position":2,"name":"Integritetspolicy"}]},{"@type":"WebSite","@id":"https:\/\/boomr.se\/#website","url":"https:\/\/boomr.se\/","name":"Boomr Group","description":"Digitalisoimme yritt\u00e4jyyden","potentialAction":[{"@type":"SearchAction","target":{"@type":"EntryPoint","urlTemplate":"https:\/\/boomr.se\/?s={search_term_string}"},"query-input":{"@type":"PropertyValueSpecification","valueRequired":true,"valueName":"search_term_string"}}],"inLanguage":"fi"}]}},"_links":{"self":[{"href":"https:\/\/boomr.se\/fi\/wp-json\/wp\/v2\/pages\/46291","targetHints":{"allow":["GET"]}}],"collection":[{"href":"https:\/\/boomr.se\/fi\/wp-json\/wp\/v2\/pages"}],"about":[{"href":"https:\/\/boomr.se\/fi\/wp-json\/wp\/v2\/types\/page"}],"author":[{"embeddable":true,"href":"https:\/\/boomr.se\/fi\/wp-json\/wp\/v2\/users\/1"}],"replies":[{"embeddable":true,"href":"https:\/\/boomr.se\/fi\/wp-json\/wp\/v2\/comments?post=46291"}],"version-history":[{"count":3,"href":"https:\/\/boomr.se\/fi\/wp-json\/wp\/v2\/pages\/46291\/revisions"}],"predecessor-version":[{"id":46411,"href":"https:\/\/boomr.se\/fi\/wp-json\/wp\/v2\/pages\/46291\/revisions\/46411"}],"wp:attachment":[{"href":"https:\/\/boomr.se\/fi\/wp-json\/wp\/v2\/media?parent=46291"}],"curies":[{"name":"wp","href":"https:\/\/api.w.org\/{rel}","templated":true}]}}