{"id":40,"date":"2025-04-07T10:36:18","date_gmt":"2025-04-07T09:36:18","guid":{"rendered":"https:\/\/boomr.se\/?page_id=40"},"modified":"2026-02-05T14:40:06","modified_gmt":"2026-02-05T13:40:06","slug":"digitaalinen-kuoropaivakirja","status":"publish","type":"page","link":"https:\/\/boomr.se\/fi\/digitaalinen-kuoropaivakirja\/","title":{"rendered":"Digitaalinen ajop\u00e4iv\u00e4kirja | Automaattinen GPS-lokitus | Boomr Fleet"},"content":{"rendered":"","protected":false},"excerpt":{"rendered":"","protected":false},"author":3,"featured_media":0,"parent":0,"menu_order":0,"comment_status":"closed","ping_status":"closed","template":"","meta":{"_breakdance_hide_in_design_set":false,"_breakdance_tags":"","footnotes":""},"class_list":["post-40","page","type-page","status-publish","hentry"],"yoast_head":"<!-- This site is optimized with the Yoast SEO Premium plugin v26.3 (Yoast SEO v26.3) - https:\/\/yoast.com\/wordpress\/plugins\/seo\/ -->\n<title>Digital K\u00f6rjournal \u2014 F\u00f6rsta M\u00e5naden Gratis | Boomr<\/title>\n<meta name=\"description\" content=\"Automatisk GPS-k\u00f6rjournal godk\u00e4nd av Skatteverket. F\u00f6rsta m\u00e5naden gratis \u2014 koppla in, starta bilen, klart. \u00d6ver 1 500 f\u00f6retag har redan bytt.\" \/>\n<meta name=\"robots\" content=\"index, follow, max-snippet:-1, max-image-preview:large, max-video-preview:-1\" \/>\n<link rel=\"canonical\" href=\"https:\/\/boomr.se\/fi\/digitaalinen-kuoropaivakirja\/\" \/>\n<meta property=\"og:locale\" content=\"fi_FI\" \/>\n<meta property=\"og:type\" content=\"article\" \/>\n<meta property=\"og:title\" content=\"Digital k\u00f6rjournal | Automatisk GPS-loggning | Boomr Fleet\" \/>\n<meta property=\"og:description\" content=\"Automatisk GPS-k\u00f6rjournal godk\u00e4nd av Skatteverket. F\u00f6rsta m\u00e5naden gratis \u2014 koppla in, starta bilen, klart. \u00d6ver 1 500 f\u00f6retag har redan bytt.\" \/>\n<meta property=\"og:url\" content=\"https:\/\/boomr.se\/fi\/digitaalinen-kuoropaivakirja\/\" \/>\n<meta property=\"og:site_name\" content=\"Boomr Group\" \/>\n<meta property=\"article:modified_time\" content=\"2026-02-05T13:40:06+00:00\" \/>\n<meta name=\"twitter:card\" content=\"summary_large_image\" \/>\n<script type=\"application\/ld+json\" class=\"yoast-schema-graph\">{\"@context\":\"https:\/\/schema.org\",\"@graph\":[{\"@type\":\"WebPage\",\"@id\":\"https:\/\/boomr.se\/digital-korjournal\/\",\"url\":\"https:\/\/boomr.se\/digital-korjournal\/\",\"name\":\"Digital K\u00f6rjournal \u2014 F\u00f6rsta M\u00e5naden Gratis | Boomr\",\"isPartOf\":{\"@id\":\"https:\/\/boomr.se\/#website\"},\"datePublished\":\"2025-04-07T09:36:18+00:00\",\"dateModified\":\"2026-02-05T13:40:06+00:00\",\"description\":\"Automatisk GPS-k\u00f6rjournal godk\u00e4nd av Skatteverket. F\u00f6rsta m\u00e5naden gratis \u2014 koppla in, starta bilen, klart. \u00d6ver 1 500 f\u00f6retag har redan bytt.\",\"breadcrumb\":{\"@id\":\"https:\/\/boomr.se\/digital-korjournal\/#breadcrumb\"},\"inLanguage\":\"fi\",\"potentialAction\":[{\"@type\":\"ReadAction\",\"target\":[\"https:\/\/boomr.se\/digital-korjournal\/\"]}]},{\"@type\":\"BreadcrumbList\",\"@id\":\"https:\/\/boomr.se\/digital-korjournal\/#breadcrumb\",\"itemListElement\":[{\"@type\":\"ListItem\",\"position\":1,\"name\":\"Home\",\"item\":\"https:\/\/boomr.se\/\"},{\"@type\":\"ListItem\",\"position\":2,\"name\":\"Digital k\u00f6rjournal | Automatisk GPS-loggning | Boomr Fleet\"}]},{\"@type\":\"WebSite\",\"@id\":\"https:\/\/boomr.se\/#website\",\"url\":\"https:\/\/boomr.se\/\",\"name\":\"Boomr Group\",\"description\":\"Vi digitaliserar f\u00f6retagandet\",\"potentialAction\":[{\"@type\":\"SearchAction\",\"target\":{\"@type\":\"EntryPoint\",\"urlTemplate\":\"https:\/\/boomr.se\/?s={search_term_string}\"},\"query-input\":{\"@type\":\"PropertyValueSpecification\",\"valueRequired\":true,\"valueName\":\"search_term_string\"}}],\"inLanguage\":\"fi\"}]}<\/script>\n<!-- \/ Yoast SEO Premium plugin. -->","yoast_head_json":{"title":"Digitaalinen kuorop\u00e4iv\u00e4kirja - Ensimm\u00e4inen kuukausi ilmaiseksi | Boomr","description":"Ruotsin veroviraston hyv\u00e4ksym\u00e4 automaattinen GPS-ajokortti. Ensimm\u00e4inen kuukausi ilmainen - kytke virta, k\u00e4ynnist\u00e4 auto, valmis. Yli 1 500 yrityst\u00e4 on jo siirtynyt.","robots":{"index":"index","follow":"follow","max-snippet":"max-snippet:-1","max-image-preview":"max-image-preview:large","max-video-preview":"max-video-preview:-1"},"canonical":"https:\/\/boomr.se\/fi\/digitaalinen-kuoropaivakirja\/","og_locale":"fi_FI","og_type":"article","og_title":"Digital k\u00f6rjournal | Automatisk GPS-loggning | Boomr Fleet","og_description":"Automatisk GPS-k\u00f6rjournal godk\u00e4nd av Skatteverket. F\u00f6rsta m\u00e5naden gratis \u2014 koppla in, starta bilen, klart. \u00d6ver 1 500 f\u00f6retag har redan bytt.","og_url":"https:\/\/boomr.se\/fi\/digitaalinen-kuoropaivakirja\/","og_site_name":"Boomr Group","article_modified_time":"2026-02-05T13:40:06+00:00","twitter_card":"summary_large_image","schema":{"@context":"https:\/\/schema.org","@graph":[{"@type":"WebPage","@id":"https:\/\/boomr.se\/digital-korjournal\/","url":"https:\/\/boomr.se\/digital-korjournal\/","name":"Digitaalinen kuorop\u00e4iv\u00e4kirja - Ensimm\u00e4inen kuukausi ilmaiseksi | Boomr","isPartOf":{"@id":"https:\/\/boomr.se\/#website"},"datePublished":"2025-04-07T09:36:18+00:00","dateModified":"2026-02-05T13:40:06+00:00","description":"Ruotsin veroviraston hyv\u00e4ksym\u00e4 automaattinen GPS-ajokortti. Ensimm\u00e4inen kuukausi ilmainen - kytke virta, k\u00e4ynnist\u00e4 auto, valmis. Yli 1 500 yrityst\u00e4 on jo siirtynyt.","breadcrumb":{"@id":"https:\/\/boomr.se\/digital-korjournal\/#breadcrumb"},"inLanguage":"fi","potentialAction":[{"@type":"ReadAction","target":["https:\/\/boomr.se\/digital-korjournal\/"]}]},{"@type":"BreadcrumbList","@id":"https:\/\/boomr.se\/digital-korjournal\/#breadcrumb","itemListElement":[{"@type":"ListItem","position":1,"name":"Home","item":"https:\/\/boomr.se\/"},{"@type":"ListItem","position":2,"name":"Digital k\u00f6rjournal | Automatisk GPS-loggning | Boomr Fleet"}]},{"@type":"WebSite","@id":"https:\/\/boomr.se\/#website","url":"https:\/\/boomr.se\/","name":"Boomr Group","description":"Digitalisoimme yritt\u00e4jyyden","potentialAction":[{"@type":"SearchAction","target":{"@type":"EntryPoint","urlTemplate":"https:\/\/boomr.se\/?s={search_term_string}"},"query-input":{"@type":"PropertyValueSpecification","valueRequired":true,"valueName":"search_term_string"}}],"inLanguage":"fi"}]}},"_links":{"self":[{"href":"https:\/\/boomr.se\/fi\/wp-json\/wp\/v2\/pages\/40","targetHints":{"allow":["GET"]}}],"collection":[{"href":"https:\/\/boomr.se\/fi\/wp-json\/wp\/v2\/pages"}],"about":[{"href":"https:\/\/boomr.se\/fi\/wp-json\/wp\/v2\/types\/page"}],"author":[{"embeddable":true,"href":"https:\/\/boomr.se\/fi\/wp-json\/wp\/v2\/users\/3"}],"replies":[{"embeddable":true,"href":"https:\/\/boomr.se\/fi\/wp-json\/wp\/v2\/comments?post=40"}],"version-history":[{"count":3,"href":"https:\/\/boomr.se\/fi\/wp-json\/wp\/v2\/pages\/40\/revisions"}],"predecessor-version":[{"id":46412,"href":"https:\/\/boomr.se\/fi\/wp-json\/wp\/v2\/pages\/40\/revisions\/46412"}],"wp:attachment":[{"href":"https:\/\/boomr.se\/fi\/wp-json\/wp\/v2\/media?parent=40"}],"curies":[{"name":"wp","href":"https:\/\/api.w.org\/{rel}","templated":true}]}}