{"id":23,"date":"2025-03-14T21:04:28","date_gmt":"2025-03-14T21:04:28","guid":{"rendered":"https:\/\/boomr.se\/?page_id=23"},"modified":"2026-03-29T22:59:53","modified_gmt":"2026-03-29T21:59:53","slug":"meista","status":"publish","type":"page","link":"https:\/\/boomr.se\/fi\/meista\/","title":{"rendered":"Tietoa meist\u00e4"},"content":{"rendered":"<section class=\"bde-section-23-162 bde-section bde-preset-1d68a3a3-f3f4-4bc5-b2dd-28866d8cd5eb\">\n              \n  \n  \n\t\n\n  <div class=\"section-background-overlay\"><\/div>\n\n\n<div class=\"section-container\"><div class=\"bde-columns-23-163 bde-columns\"><div class=\"bde-column-23-164 bde-column\">\n  \n  \n\t\n\n\n\n<h1 class=\"bde-heading-23-165 bde-heading\">\nTietoa meist\u00e4\n<\/h1><p class=\"bde-text-23-166 bde-text\">\nBoomr on pitk\u00e4\u00e4n tarjonnut yksinkertaisia mutta \u00e4lykk\u00e4it\u00e4 palveluita, jotka yksinkertaistavat ja antavat yrityksille mielenrauhaa. Digitaalinen alustamme poistaa hallinnolliset ja toistuvat teht\u00e4v\u00e4t ja automatisoi monia osia yrityksesi projekteista ja taloudesta. Aina kiinte\u00e4ll\u00e4 kuukausihinnalla, joten sinun ei tarvitse huolehtia karkaavista kustannuksista.\n<\/p>\n<\/div><div class=\"bde-column-23-176 bde-column\">\n  \n  \n\t\n\n\n\n<img decoding=\"async\" class=\"bde-image2-23-177 bde-image2\" src=\"https:\/\/boomr.se\/wp-content\/uploads\/2025\/04\/vitAsset-3@4x-768x350.png\" loading=\"lazy\" srcset=\"https:\/\/boomr.se\/wp-content\/uploads\/2025\/04\/vitAsset-3@4x-768x350.png 768w, https:\/\/boomr.se\/wp-content\/uploads\/2025\/04\/vitAsset-3@4x-300x137.png 300w\" sizes=\"(max-width: 768px) 100vw, 768px\" data-entrance=\"slideRight\">\n<\/div><\/div><\/div>\n<\/section><section class=\"bde-section-23-104 bde-section\">\n  \n  \n\t\n\n\n\n<div class=\"section-container\"><div class=\"bde-columns-23-105 bde-columns\"><div class=\"bde-column-23-106 bde-column\">\n  \n  \n\t\n\n\n\n\n<\/div><div class=\"bde-column-23-108 bde-column\">\n  \n  \n\t\n\n\n\n<h3 class=\"bde-heading-23-170 bde-heading\">\nLiiketoimintakonsepti\n<\/h3><p class=\"bde-text-23-117 bde-text\">\nYritt\u00e4jin\u00e4 joudumme usein kohtaamaan monimutkaisia ongelmia, aikaa vievi\u00e4 teht\u00e4vi\u00e4 ja kriittisi\u00e4 kysymyksi\u00e4. Boomr tarjoaa \u00e4lykk\u00e4it\u00e4 palveluja, jotka auttavat pieni\u00e4 ja keskisuuria yrityksi\u00e4. Innovatiivisella ajattelulla, laaja-alaisella asiantuntemuksella ja erinomaisella palvelulla autamme tekem\u00e4\u00e4n liiketoiminnan harjoittamisesta turvallisempaa ja helpompaa.<br><br>\n<\/p><img decoding=\"async\" class=\"bde-image2-23-173 bde-image2\" src=\"https:\/\/boomr.se\/wp-content\/uploads\/2025\/10\/Gemini_Generated_Image_1ma8qj1ma8qj1ma8.png\" loading=\"lazy\" srcset=\"https:\/\/boomr.se\/wp-content\/uploads\/2025\/10\/Gemini_Generated_Image_1ma8qj1ma8qj1ma8.png 1024w, https:\/\/boomr.se\/wp-content\/uploads\/2025\/10\/Gemini_Generated_Image_1ma8qj1ma8qj1ma8-300x300.png 300w, https:\/\/boomr.se\/wp-content\/uploads\/2025\/10\/Gemini_Generated_Image_1ma8qj1ma8qj1ma8-150x150.png 150w, https:\/\/boomr.se\/wp-content\/uploads\/2025\/10\/Gemini_Generated_Image_1ma8qj1ma8qj1ma8-768x768.png 768w, https:\/\/boomr.se\/wp-content\/uploads\/2025\/10\/Gemini_Generated_Image_1ma8qj1ma8qj1ma8-12x12.png 12w\" sizes=\"(max-width: 1024px) 100vw, 1024px\"><h3 class=\"bde-heading-23-172 bde-heading\">\nVisio\n<\/h3><p class=\"bde-text-23-171 bde-text\">\nTeemme liiketoiminnan harjoittamisesta helppoa ja turvallista.\n<\/p>\n<\/div><\/div><\/div>\n<\/section><section class=\"bde-section-23-189 bde-section\">\n  \n  \n\t\n\n\n\n<div class=\"section-container\"><div class=\"bde-columns-23-119 bde-columns\"><div class=\"bde-column-23-120 bde-column\">\n  \n  \n\t\n\n\n\n<h2 class=\"bde-heading-23-123 bde-heading\">\nBoomr Group lyhyesti\n<\/h2><div class=\"bde-rich-text-23-202 bde-rich-text breakdance-rich-text-styles\">\n<p>Kaikki alkoi vuonna 2002 pieness\u00e4 toimistossa, joka sijaitsi salaper\u00e4ist\u00e4 voodoo-salongia vastap\u00e4\u00e4t\u00e4 F\u00e5gelbergsgatanilla Vasastanissa. Siit\u00e4 l\u00e4htien olemme kasvaneet - ja nyky\u00e4\u00e4n toimistomme sijaitsee G\u00f6teborgin syd\u00e4mess\u00e4.<\/p><p>Olemme noin 40 hengen tiimi, jonka intohimona on yksinkertaistaa ruotsalaisten yritysten arkea. \u00c4lykk\u00e4iden digitaalisten palvelujen avulla autamme asiakkaitamme ty\u00f6skentelem\u00e4\u00e4n turvallisemmin, tehokkaammin ja suunnitelmallisemmin. T\u00e4rkeimm\u00e4t palvelumme ovat <a href=\"https:\/\/boomr.se\/fi\/digitaalinen-kuoropaivakirja\/\">Boomr Fleet<\/a>, <a href=\"https:\/\/boomr.se\/fi\/sopimuspankit\/\">Boomr Sign<\/a> ja <a href=\"https:\/\/boomr.se\/fi\/e-allekirjoittaminen\/\">Boomr sopimus<\/a>. <\/p>\n<\/div>\n<\/div><div class=\"bde-column-23-121 bde-column\">\n  \n  \n\t\n\n\n\n<div class=\"bde-image-23-122 bde-image\">\n<figure class=\"breakdance-image breakdance-image--34\">\n\t<div class=\"breakdance-image-container\">\n\t\t<div class=\"breakdance-image-clip\"><img loading=\"lazy\" decoding=\"async\" class=\"breakdance-image-object\" src=\"https:\/\/breakdancelibrary.com\/architecture\/wp-content\/uploads\/sites\/13\/2022\/10\/modern-architecture3_about-us_pyramid.jpg\" width=\"969\" height=\"709\" srcset=\"https:\/\/breakdancelibrary.com\/architecture\/wp-content\/uploads\/sites\/13\/2022\/10\/modern-architecture3_about-us_pyramid.jpg 969w, https:\/\/breakdancelibrary.com\/architecture\/wp-content\/uploads\/sites\/13\/2022\/10\/modern-architecture3_about-us_pyramid-300x220.jpg 300w, https:\/\/breakdancelibrary.com\/architecture\/wp-content\/uploads\/sites\/13\/2022\/10\/modern-architecture3_about-us_pyramid-768x562.jpg 768w\" sizes=\"auto, (max-width: 969px) 100vw, 969px\"><\/div>\n\t<\/div><\/figure>\n\n<\/div>\n<\/div><\/div><\/div>\n<\/section><section class=\"bde-section-23-118 bde-section\">\n  \n  \n\t\n\n\n\n<div class=\"section-container\"><div class=\"bde-fancy-divider-23-158 bde-fancy-divider\">\n\n\n<div class=\"bde-fancy-divider__wrapper\">\n  <div class=\"bde-fancy-divider__separator\">\n  \t  <\/div>\n<\/div>\n\n<\/div><div class=\"bde-div-23-129 bde-div\">\n  \n  \n\t\n\n\n\n<h2 class=\"bde-heading-23-130 bde-heading\">\nJoukkue\n<\/h2><p class=\"bde-text-23-131 bde-text\">\nKulissien takana olevat ihmiset saavat py\u00f6r\u00e4t py\u00f6rim\u00e4\u00e4n. Sitoutunut tiimimme on yrityksen syd\u00e4n - sill\u00e4 on runsaasti asiantuntemusta, ammattiylpeytt\u00e4 ja halu tehd\u00e4 aina ylim\u00e4\u00e4r\u00e4ist\u00e4.\n<\/p>\n<\/div><div id=\"bilderstorlek\" class=\"bde-image-accordion-23-180 bde-image-accordion bilderstorlek\">\n\n  \n    \n    <div class=\"ee-image-accordion-item ee-image-accordion-item-1\">\n\n                  \n       \n\n                    \n                      <div class=\"ee-image-accordion-content-item ee-image-accordion-title\" >Petter Jakobsson<\/div>\n          \n                      <div class=\"ee-image-accordion-content-item ee-image-accordion-desc\"  >TOIMITUSJOHTAJA<\/div>\n          \n      \n                    <img loading=\"lazy\" decoding=\"async\" class=\"breakdance-image-object\" src=\"https:\/\/boomr.se\/wp-content\/uploads\/2025\/08\/boomr-personal-12.webp\" width=\"1500\" height=\"1999\" srcset=\"https:\/\/boomr.se\/wp-content\/uploads\/2025\/08\/boomr-personal-12.webp 1500w, https:\/\/boomr.se\/wp-content\/uploads\/2025\/08\/boomr-personal-12-225x300.webp 225w, https:\/\/boomr.se\/wp-content\/uploads\/2025\/08\/boomr-personal-12-768x1023.webp 768w, https:\/\/boomr.se\/wp-content\/uploads\/2025\/08\/boomr-personal-12-1153x1536.webp 1153w\" sizes=\"auto, (max-width: 1500px) 100vw, 1500px\" alt=\"Boomr Groupin toimitusjohtaja - Petter Jakobsson\">\n        \n    <\/div>\n\n  \n    \n    <div class=\"ee-image-accordion-item ee-image-accordion-item-2\">\n\n                  \n       \n\n                    \n                      <div class=\"ee-image-accordion-content-item ee-image-accordion-title\" >Alexander Olsson<\/div>\n          \n                      <div class=\"ee-image-accordion-content-item ee-image-accordion-desc\"  >COO<\/div>\n          \n      \n                    <img loading=\"lazy\" decoding=\"async\" class=\"breakdance-image-object\" src=\"https:\/\/boomr.se\/wp-content\/uploads\/2025\/10\/alexander5-1.png\" width=\"240\" height=\"320\" srcset=\"https:\/\/boomr.se\/wp-content\/uploads\/2025\/10\/alexander5-1.png 240w, https:\/\/boomr.se\/wp-content\/uploads\/2025\/10\/alexander5-1-225x300.png 225w, https:\/\/boomr.se\/wp-content\/uploads\/2025\/10\/alexander5-1-9x12.png 9w\" sizes=\"auto, (max-width: 240px) 100vw, 240px\">\n        \n    <\/div>\n\n  <\/div><div id=\"bilderstorlek\" class=\"bde-image-accordion-23-203 bde-image-accordion bilderstorlek\">\n\n  \n    \n    <div class=\"ee-image-accordion-item ee-image-accordion-item-1\">\n\n                  \n       \n\n                    \n                      <div class=\"ee-image-accordion-content-item ee-image-accordion-title\" >Joakim Karlefeldt<\/div>\n          \n                      <div class=\"ee-image-accordion-content-item ee-image-accordion-desc\"  >Myyntip\u00e4\u00e4llikk\u00f6<\/div>\n          \n      \n                    <img loading=\"lazy\" decoding=\"async\" class=\"breakdance-image-object\" src=\"https:\/\/boomr.se\/wp-content\/uploads\/2025\/05\/boomr-personal-5.webp\" width=\"1500\" height=\"1999\" srcset=\"https:\/\/boomr.se\/wp-content\/uploads\/2025\/05\/boomr-personal-5.webp 1500w, https:\/\/boomr.se\/wp-content\/uploads\/2025\/05\/boomr-personal-5-225x300.webp 225w, https:\/\/boomr.se\/wp-content\/uploads\/2025\/05\/boomr-personal-5-768x1023.webp 768w, https:\/\/boomr.se\/wp-content\/uploads\/2025\/05\/boomr-personal-5-1153x1536.webp 1153w\" sizes=\"auto, (max-width: 1500px) 100vw, 1500px\">\n        \n    <\/div>\n\n  \n    \n    <div class=\"ee-image-accordion-item ee-image-accordion-item-2\">\n\n                  \n       \n\n                    \n                      <div class=\"ee-image-accordion-content-item ee-image-accordion-title\" >Filip Lundeborg<\/div>\n          \n                      <div class=\"ee-image-accordion-content-item ee-image-accordion-desc\"  >Johtaja s\u00e4ilytt\u00e4misest\u00e4<\/div>\n          \n      \n                    <img loading=\"lazy\" decoding=\"async\" class=\"breakdance-image-object\" src=\"https:\/\/boomr.se\/wp-content\/uploads\/2025\/05\/filip-1.webp\" width=\"1500\" height=\"1999\" srcset=\"https:\/\/boomr.se\/wp-content\/uploads\/2025\/05\/filip-1.webp 1500w, https:\/\/boomr.se\/wp-content\/uploads\/2025\/05\/filip-1-225x300.webp 225w, https:\/\/boomr.se\/wp-content\/uploads\/2025\/05\/filip-1-768x1023.webp 768w, https:\/\/boomr.se\/wp-content\/uploads\/2025\/05\/filip-1-1153x1536.webp 1153w\" sizes=\"auto, (max-width: 1500px) 100vw, 1500px\">\n        \n    <\/div>\n\n  <\/div><div class=\"bde-image-accordion-23-184 bde-image-accordion bilderstorlek\">\n\n  \n    \n    <div class=\"ee-image-accordion-item ee-image-accordion-item-1\">\n\n                  \n       \n\n                    \n                      <div class=\"ee-image-accordion-content-item ee-image-accordion-title\" >Felicia Tillander<\/div>\n          \n                      <div class=\"ee-image-accordion-content-item ee-image-accordion-desc\"  >Head of Customer Success<\/div>\n          \n      \n                    <img loading=\"lazy\" decoding=\"async\" class=\"breakdance-image-object\" src=\"https:\/\/boomr.se\/wp-content\/uploads\/2026\/02\/felicianyhemsida.png\" width=\"800\" height=\"1000\" srcset=\"https:\/\/boomr.se\/wp-content\/uploads\/2026\/02\/felicianyhemsida.png 800w, https:\/\/boomr.se\/wp-content\/uploads\/2026\/02\/felicianyhemsida-240x300.png 240w, https:\/\/boomr.se\/wp-content\/uploads\/2026\/02\/felicianyhemsida-768x960.png 768w, https:\/\/boomr.se\/wp-content\/uploads\/2026\/02\/felicianyhemsida-10x12.png 10w\" sizes=\"auto, (max-width: 800px) 100vw, 800px\">\n        \n    <\/div>\n\n  \n    \n    <div class=\"ee-image-accordion-item ee-image-accordion-item-2\">\n\n                  \n       \n\n                    \n                      <div class=\"ee-image-accordion-content-item ee-image-accordion-title\" >Cristina Vasilescu<\/div>\n          \n                      <div class=\"ee-image-accordion-content-item ee-image-accordion-desc\"  >Backoffice-p\u00e4\u00e4llikk\u00f6<\/div>\n          \n      \n                    <img loading=\"lazy\" decoding=\"async\" class=\"breakdance-image-object\" src=\"https:\/\/boomr.se\/wp-content\/uploads\/2025\/05\/boomr-personal-6.webp\" width=\"1499\" height=\"2000\" srcset=\"https:\/\/boomr.se\/wp-content\/uploads\/2025\/05\/boomr-personal-6.webp 1499w, https:\/\/boomr.se\/wp-content\/uploads\/2025\/05\/boomr-personal-6-225x300.webp 225w, https:\/\/boomr.se\/wp-content\/uploads\/2025\/05\/boomr-personal-6-767x1024.webp 767w, https:\/\/boomr.se\/wp-content\/uploads\/2025\/05\/boomr-personal-6-768x1025.webp 768w, https:\/\/boomr.se\/wp-content\/uploads\/2025\/05\/boomr-personal-6-1151x1536.webp 1151w\" sizes=\"auto, (max-width: 1499px) 100vw, 1499px\">\n        \n    <\/div>\n\n  <\/div><div class=\"bde-image-accordion-23-204 bde-image-accordion bilderstorlek\">\n\n  \n    \n    <div class=\"ee-image-accordion-item ee-image-accordion-item-1\">\n\n                            \n            \n            \n\n    \n    \n    \n    \n    \n    <a class=\"breakdance-link ee-image-accordion-link\" href=\"https:\/\/patrickpetcu.com\" target=\"_blank\" data-type=\"url\" aria-label=\"Patrick Petcu\"  rel=\"noopener noreferrer nofollow\">\n    <\/a>\n\n            \n       \n\n                    \n                      <div class=\"ee-image-accordion-content-item ee-image-accordion-title\" >Patrick Petcu<\/div>\n          \n                      <div class=\"ee-image-accordion-content-item ee-image-accordion-desc\"  >Markkinointip\u00e4\u00e4llikk\u00f6<\/div>\n          \n      \n                    <img loading=\"lazy\" decoding=\"async\" class=\"breakdance-image-object\" src=\"https:\/\/boomr.se\/wp-content\/uploads\/2025\/11\/navykostym.png\" width=\"1200\" height=\"1800\" srcset=\"https:\/\/boomr.se\/wp-content\/uploads\/2025\/11\/navykostym.png 1200w, https:\/\/boomr.se\/wp-content\/uploads\/2025\/11\/navykostym-200x300.png 200w, https:\/\/boomr.se\/wp-content\/uploads\/2025\/11\/navykostym-683x1024.png 683w, https:\/\/boomr.se\/wp-content\/uploads\/2025\/11\/navykostym-768x1152.png 768w, https:\/\/boomr.se\/wp-content\/uploads\/2025\/11\/navykostym-1024x1536.png 1024w, https:\/\/boomr.se\/wp-content\/uploads\/2025\/11\/navykostym-8x12.png 8w\" sizes=\"auto, (max-width: 1200px) 100vw, 1200px\">\n        \n    <\/div>\n\n  \n    \n    <div class=\"ee-image-accordion-item ee-image-accordion-item-2\">\n\n                  \n       \n\n                    \n                      <div class=\"ee-image-accordion-content-item ee-image-accordion-title\" >Ioana Neldefors<\/div>\n          \n                      <div class=\"ee-image-accordion-content-item ee-image-accordion-desc\"  >Rahoitusp\u00e4\u00e4llikk\u00f6<\/div>\n          \n      \n                    <img loading=\"lazy\" decoding=\"async\" class=\"breakdance-image-object\" src=\"https:\/\/boomr.se\/wp-content\/uploads\/2025\/11\/ioana2.png\" width=\"240\" height=\"320\" srcset=\"https:\/\/boomr.se\/wp-content\/uploads\/2025\/11\/ioana2.png 240w, https:\/\/boomr.se\/wp-content\/uploads\/2025\/11\/ioana2-225x300.png 225w, https:\/\/boomr.se\/wp-content\/uploads\/2025\/11\/ioana2-9x12.png 9w\" sizes=\"auto, (max-width: 240px) 100vw, 240px\">\n        \n    <\/div>\n\n  <\/div><\/div>\n<\/section><section class=\"bde-section-23-133 bde-section\">\n  \n  \n\t\n\n\n\n<div class=\"section-container\"><div class=\"bde-columns-23-134 bde-columns\"><div class=\"bde-column-23-135 bde-column\">\n  \n  \n\t\n\n\n\n<div class=\"bde-image-23-137 bde-image\">\n<figure class=\"breakdance-image breakdance-image--37\">\n\t<div class=\"breakdance-image-container\">\n\t\t<div class=\"breakdance-image-clip\"><img loading=\"lazy\" decoding=\"async\" class=\"breakdance-image-object\" src=\"https:\/\/breakdancelibrary.com\/architecture\/wp-content\/uploads\/sites\/13\/2022\/10\/modern-architecture6_about-us_pyramid.jpg\" width=\"577\" height=\"595\" srcset=\"https:\/\/breakdancelibrary.com\/architecture\/wp-content\/uploads\/sites\/13\/2022\/10\/modern-architecture6_about-us_pyramid.jpg 577w, https:\/\/breakdancelibrary.com\/architecture\/wp-content\/uploads\/sites\/13\/2022\/10\/modern-architecture6_about-us_pyramid-291x300.jpg 291w\" sizes=\"auto, (max-width: 577px) 100vw, 577px\"><\/div>\n\t<\/div><\/figure>\n\n<\/div>\n<\/div><div class=\"bde-column-23-136 bde-column\">\n  \n  \n\t\n\n\n\n<h2 class=\"bde-heading-23-139 bde-heading\">\nBoomr helpottaa liiketoimintaasi\n<\/h2><div class=\"bde-div-23-140 bde-div\">\n  \n  \n\t\n\n\n\n<div class=\"bde-simple-counter-23-141 bde-simple-counter\">\n<div class=\"bde-simple-counter__wrapper\">\n  <p class=\"bde-simple-counter__number bde-h6\">\n    <span class=\"bde-simple-counter__prefix\">+<\/span>\n    <span class=\"bde-simple-counter__digit js-digit\"><\/span>\n    <span class=\"bde-simple-counter__suffix\"><\/span>\n  <\/p>\n    \t<div class=\"bde-simple-counter__title\" >Asiakkaat<\/div>\n  <\/div>\n\n<\/div><div class=\"bde-simple-counter-23-142 bde-simple-counter\">\n<div class=\"bde-simple-counter__wrapper\">\n  <p class=\"bde-simple-counter__number bde-h6\">\n    <span class=\"bde-simple-counter__prefix\">+<\/span>\n    <span class=\"bde-simple-counter__digit js-digit\"><\/span>\n    <span class=\"bde-simple-counter__suffix\"><\/span>\n  <\/p>\n    \t<div class=\"bde-simple-counter__title\" >Ty\u00f6ntekij\u00e4t<\/div>\n  <\/div>\n\n<\/div><div class=\"bde-simple-counter-23-143 bde-simple-counter\">\n<div class=\"bde-simple-counter__wrapper\">\n  <p class=\"bde-simple-counter__number bde-h6\">\n    <span class=\"bde-simple-counter__prefix\"><\/span>\n    <span class=\"bde-simple-counter__digit js-digit\"><\/span>\n    <span class=\"bde-simple-counter__suffix\"><\/span>\n  <\/p>\n    \t<div class=\"bde-simple-counter__title\" >Toimisto<\/div>\n  <\/div>\n\n<\/div>\n<\/div>\n<\/div><\/div><\/div>\n<\/section><section class=\"bde-section-23-151 bde-section\">\n  \n  \n\t\n\n\n\n<div class=\"section-container\"><\/div>\n<\/section>","protected":false},"excerpt":{"rendered":"<p>Tietoa meist\u00e4 Boomrilla on pitk\u00e4 historia yksinkertaisten, mutta \u00e4lykk\u00e4iden palvelujen tarjoamisessa, jotka yksinkertaistavat ja takaavat mielenrauhan yrityksille. Digitaalinen alustamme poistaa hallinnolliset ja toistuvat teht\u00e4v\u00e4t ja automatisoi monia osia yrityksesi projekteista ja taloudesta. Aina kiinte\u00e4ll\u00e4 kuukausihinnalla, joten sinun ei tarvitse huolehtia karkaavista kustannuksista. Liikeidea Yritt\u00e4j\u00e4n\u00e4 kohtaat [...]<\/p>","protected":false},"author":1,"featured_media":0,"parent":0,"menu_order":0,"comment_status":"closed","ping_status":"closed","template":"","meta":{"_breakdance_hide_in_design_set":false,"_breakdance_tags":"","footnotes":""},"class_list":["post-23","page","type-page","status-publish","hentry"],"yoast_head":"<!-- This site is optimized with the Yoast SEO Premium plugin v26.3 (Yoast SEO v26.3) - https:\/\/yoast.com\/wordpress\/plugins\/seo\/ -->\n<title>Om Boomr \u2013 Sveriges snabbast v\u00e4xande k\u00f6rjournalsleverant\u00f6r<\/title>\n<meta name=\"description\" content=\"L\u00e4r k\u00e4nna Boomr \u2013 vi utvecklar digitala verktyg f\u00f6r k\u00f6rjournal, avtal och signering. Kundn\u00e4ra, innovativa och svenskutvecklade l\u00f6sningar.\" \/>\n<meta name=\"robots\" content=\"index, follow, max-snippet:-1, max-image-preview:large, max-video-preview:-1\" \/>\n<link rel=\"canonical\" href=\"https:\/\/boomr.se\/fi\/meista\/\" \/>\n<meta property=\"og:locale\" content=\"fi_FI\" \/>\n<meta property=\"og:type\" content=\"article\" \/>\n<meta property=\"og:title\" content=\"Om oss\" \/>\n<meta property=\"og:description\" content=\"L\u00e4r k\u00e4nna Boomr \u2013 vi utvecklar digitala verktyg f\u00f6r k\u00f6rjournal, avtal och signering. Kundn\u00e4ra, innovativa och svenskutvecklade l\u00f6sningar.\" \/>\n<meta property=\"og:url\" content=\"https:\/\/boomr.se\/fi\/meista\/\" \/>\n<meta property=\"og:site_name\" content=\"Boomr Group\" \/>\n<meta property=\"article:modified_time\" content=\"2026-03-29T21:59:53+00:00\" \/>\n<meta name=\"twitter:card\" content=\"summary_large_image\" \/>\n<script type=\"application\/ld+json\" class=\"yoast-schema-graph\">{\"@context\":\"https:\/\/schema.org\",\"@graph\":[{\"@type\":\"WebPage\",\"@id\":\"https:\/\/boomr.se\/om-oss\/\",\"url\":\"https:\/\/boomr.se\/om-oss\/\",\"name\":\"Om Boomr \u2013 Sveriges snabbast v\u00e4xande k\u00f6rjournalsleverant\u00f6r\",\"isPartOf\":{\"@id\":\"https:\/\/boomr.se\/#website\"},\"datePublished\":\"2025-03-14T21:04:28+00:00\",\"dateModified\":\"2026-03-29T21:59:53+00:00\",\"description\":\"L\u00e4r k\u00e4nna Boomr \u2013 vi utvecklar digitala verktyg f\u00f6r k\u00f6rjournal, avtal och signering. Kundn\u00e4ra, innovativa och svenskutvecklade l\u00f6sningar.\",\"breadcrumb\":{\"@id\":\"https:\/\/boomr.se\/om-oss\/#breadcrumb\"},\"inLanguage\":\"fi\",\"potentialAction\":[{\"@type\":\"ReadAction\",\"target\":[\"https:\/\/boomr.se\/om-oss\/\"]}]},{\"@type\":\"BreadcrumbList\",\"@id\":\"https:\/\/boomr.se\/om-oss\/#breadcrumb\",\"itemListElement\":[{\"@type\":\"ListItem\",\"position\":1,\"name\":\"Home\",\"item\":\"https:\/\/boomr.se\/\"},{\"@type\":\"ListItem\",\"position\":2,\"name\":\"Om oss\"}]},{\"@type\":\"WebSite\",\"@id\":\"https:\/\/boomr.se\/#website\",\"url\":\"https:\/\/boomr.se\/\",\"name\":\"Boomr Group\",\"description\":\"Vi digitaliserar f\u00f6retagandet\",\"potentialAction\":[{\"@type\":\"SearchAction\",\"target\":{\"@type\":\"EntryPoint\",\"urlTemplate\":\"https:\/\/boomr.se\/?s={search_term_string}\"},\"query-input\":{\"@type\":\"PropertyValueSpecification\",\"valueRequired\":true,\"valueName\":\"search_term_string\"}}],\"inLanguage\":\"fi\"}]}<\/script>\n<!-- \/ Yoast SEO Premium plugin. -->","yoast_head_json":{"title":"Tietoa Boomrista - Ruotsin nopeimmin kasvava lokikirjan tarjoaja","description":"Tutustu Boomriin - kehit\u00e4mme digitaalisia ty\u00f6kaluja ajop\u00e4iv\u00e4kirjoihin, sopimuksiin ja allekirjoittamiseen. Asiakasl\u00e4ht\u00f6isi\u00e4, innovatiivisia ja ruotsalaisittain kehitettyj\u00e4 ratkaisuja.","robots":{"index":"index","follow":"follow","max-snippet":"max-snippet:-1","max-image-preview":"max-image-preview:large","max-video-preview":"max-video-preview:-1"},"canonical":"https:\/\/boomr.se\/fi\/meista\/","og_locale":"fi_FI","og_type":"article","og_title":"Om oss","og_description":"L\u00e4r k\u00e4nna Boomr \u2013 vi utvecklar digitala verktyg f\u00f6r k\u00f6rjournal, avtal och signering. Kundn\u00e4ra, innovativa och svenskutvecklade l\u00f6sningar.","og_url":"https:\/\/boomr.se\/fi\/meista\/","og_site_name":"Boomr Group","article_modified_time":"2026-03-29T21:59:53+00:00","twitter_card":"summary_large_image","schema":{"@context":"https:\/\/schema.org","@graph":[{"@type":"WebPage","@id":"https:\/\/boomr.se\/om-oss\/","url":"https:\/\/boomr.se\/om-oss\/","name":"Tietoa Boomrista - Ruotsin nopeimmin kasvava lokikirjan tarjoaja","isPartOf":{"@id":"https:\/\/boomr.se\/#website"},"datePublished":"2025-03-14T21:04:28+00:00","dateModified":"2026-03-29T21:59:53+00:00","description":"Tutustu Boomriin - kehit\u00e4mme digitaalisia ty\u00f6kaluja ajop\u00e4iv\u00e4kirjoihin, sopimuksiin ja allekirjoittamiseen. Asiakasl\u00e4ht\u00f6isi\u00e4, innovatiivisia ja ruotsalaisittain kehitettyj\u00e4 ratkaisuja.","breadcrumb":{"@id":"https:\/\/boomr.se\/om-oss\/#breadcrumb"},"inLanguage":"fi","potentialAction":[{"@type":"ReadAction","target":["https:\/\/boomr.se\/om-oss\/"]}]},{"@type":"BreadcrumbList","@id":"https:\/\/boomr.se\/om-oss\/#breadcrumb","itemListElement":[{"@type":"ListItem","position":1,"name":"Home","item":"https:\/\/boomr.se\/"},{"@type":"ListItem","position":2,"name":"Om oss"}]},{"@type":"WebSite","@id":"https:\/\/boomr.se\/#website","url":"https:\/\/boomr.se\/","name":"Boomr Group","description":"Digitalisoimme yritt\u00e4jyyden","potentialAction":[{"@type":"SearchAction","target":{"@type":"EntryPoint","urlTemplate":"https:\/\/boomr.se\/?s={search_term_string}"},"query-input":{"@type":"PropertyValueSpecification","valueRequired":true,"valueName":"search_term_string"}}],"inLanguage":"fi"}]}},"_links":{"self":[{"href":"https:\/\/boomr.se\/fi\/wp-json\/wp\/v2\/pages\/23","targetHints":{"allow":["GET"]}}],"collection":[{"href":"https:\/\/boomr.se\/fi\/wp-json\/wp\/v2\/pages"}],"about":[{"href":"https:\/\/boomr.se\/fi\/wp-json\/wp\/v2\/types\/page"}],"author":[{"embeddable":true,"href":"https:\/\/boomr.se\/fi\/wp-json\/wp\/v2\/users\/1"}],"replies":[{"embeddable":true,"href":"https:\/\/boomr.se\/fi\/wp-json\/wp\/v2\/comments?post=23"}],"version-history":[{"count":111,"href":"https:\/\/boomr.se\/fi\/wp-json\/wp\/v2\/pages\/23\/revisions"}],"predecessor-version":[{"id":46560,"href":"https:\/\/boomr.se\/fi\/wp-json\/wp\/v2\/pages\/23\/revisions\/46560"}],"wp:attachment":[{"href":"https:\/\/boomr.se\/fi\/wp-json\/wp\/v2\/media?parent=23"}],"curies":[{"name":"wp","href":"https:\/\/api.w.org\/{rel}","templated":true}]}}