{"id":1342,"date":"2025-05-27T08:33:40","date_gmt":"2025-05-27T07:33:40","guid":{"rendered":"https:\/\/boomr.se\/?page_id=1342"},"modified":"2025-11-10T10:53:57","modified_gmt":"2025-11-10T09:53:57","slug":"sisustussuunnittelija","status":"publish","type":"page","link":"https:\/\/boomr.se\/fi\/ura\/sisustussuunnittelija\/","title":{"rendered":"Sis\u00e4myynti"},"content":{"rendered":"<section class=\"bde-section-1342-100 bde-section bde-preset-1d68a3a3-f3f4-4bc5-b2dd-28866d8cd5eb\">\n              \n  \n  \n\t\n\n  <div class=\"section-background-overlay\"><\/div>\n\n\n<div class=\"section-container\"><div class=\"bde-columns-1342-101 bde-columns\"><div class=\"bde-column-1342-102 bde-column\">\n  \n  \n\t\n\n\n\n<h1 class=\"bde-heading-1342-103 bde-heading\">\nSis\u00e4myynti Boomr Groupille - Liity kasvavaan tiimiimme G\u00f6teborgissa!\n<\/h1><p class=\"bde-text-1342-104 bde-text\">\nOletko kommunikatiivinen henkil\u00f6, jolla on silm\u00e4\u00e4 liiketoiminnalle? Haluatko ty\u00f6skennell\u00e4 yrityksess\u00e4, jossa panoksellasi on todellista merkityst\u00e4? Sitten saatat olla etsim\u00e4mme henkil\u00f6!\n<\/p><div class=\"bde-button-1342-127 bde-button\">\n    \n                                    \n    \n    \n    \n    \n            \n                    \n            \n            \n\n    \n    \n    \n    \n    \n    <a class=\"breakdance-link button-atom button-atom--primary bde-button__button\" href=\"mailto:petter@boomr.se\" target=\"_self\" data-type=\"url\"  >\n\n    \n        <span class=\"button-atom__text\">Hae ty\u00f6paikkaa!<\/span>\n\n        \n        \n                <\/a>\n\n    \n\n\n<\/div>\n<\/div><div class=\"bde-column-1342-106 bde-column\">\n  \n  \n\t\n\n\n\n<img decoding=\"async\" class=\"bde-image2-1342-107 bde-image2\" src=\"https:\/\/boomr.se\/wp-content\/uploads\/2025\/05\/Boomr_id-bevaraken_privat_image3-768x582.webp\" loading=\"lazy\" srcset=\"https:\/\/boomr.se\/wp-content\/uploads\/2025\/05\/Boomr_id-bevaraken_privat_image3.webp 924w, https:\/\/boomr.se\/wp-content\/uploads\/2025\/05\/Boomr_id-bevaraken_privat_image3-300x227.webp 300w, https:\/\/boomr.se\/wp-content\/uploads\/2025\/05\/Boomr_id-bevaraken_privat_image3-768x582.webp 768w\" sizes=\"(max-width: 924px) 100vw, 924px\" data-entrance=\"slideRight\">\n<\/div><\/div><\/div>\n<\/section><section class=\"bde-section-1342-108 bde-section\">\n  \n  \n\t\n\n\n\n<div class=\"section-container\"><h2 class=\"bde-heading-1342-109 bde-heading\">\nTietoa ty\u00f6st\u00e4\n<\/h2><div class=\"bde-text-1342-117 bde-text\">\nOletko kommunikatiivinen henkil\u00f6, jolla on silm\u00e4\u00e4 liiketoiminnalle? Haluatko ty\u00f6skennell\u00e4 yrityksess\u00e4, jossa panoksellasi on todellista merkityst\u00e4? Sitten saatat olla etsim\u00e4mme henkil\u00f6!<br>\n<\/div><\/div>\n<\/section><section class=\"bde-section-1342-110 bde-section\">\n  \n  \n\t\n\n\n\n<div class=\"section-container\"><div class=\"bde-columns-1342-111 bde-columns\"><div class=\"bde-column-1342-112 bde-column\">\n  \n  \n\t\n\n\n\n<div class=\"bde-text-1342-118 bde-text\">\nTietoa teht\u00e4vist\u00e4<br><br>Boomrin sis\u00e4isen myynnin edustajana teet seuraavaa:<br>\t- Ota yhteytt\u00e4 potentiaalisiin asiakkaisiin ja esittele digitaalisia palveluitamme.<br>\t- Pitk\u00e4aikaisten asiakassuhteiden rakentaminen ja yll\u00e4pit\u00e4minen.<br>\t- Tee yhteisty\u00f6t\u00e4 tiimimme kanssa myyntistrategioiden kehitt\u00e4miseksi.<br><br>Sinulla on keskeinen rooli jatkuvassa kasvussamme ja olet osa omistautunutta tiimi\u00e4, joka on innostunut liiketoiminnan yksinkertaistamisesta.\n<\/div>\n<\/div><div class=\"bde-column-1342-113 bde-column\">\n  \n  \n\t\n\n\n\n<div class=\"bde-text-1342-119 bde-text\">\nMit\u00e4 tarjoamme<br><br>Boomrissa saat:<br>\t- Dynaaminen ty\u00f6ymp\u00e4rist\u00f6 Kroksl\u00e4tts Fabrikerissa G\u00f6teborgissa.<br>\t- Mahdollisuus vaikuttaa ja kasvaa yrityksess\u00e4.<br>\t- Kokeneiden kollegojen ja johtajien tuki.<br>\t- Kilpailukykyinen palkka ja edut.<br>\n<\/div>\n<\/div><\/div><div class=\"bde-columns-1342-122 bde-columns\"><div class=\"bde-column-1342-123 bde-column\">\n  \n  \n\t\n\n\n\n<div class=\"bde-text-1342-120 bde-text\">\nKuka sin\u00e4 olet?<br><br>Etsimme ihmisi\u00e4, jotka:<br>\t- sinulla on kokemusta myynnist\u00e4 tai asiakaskontakteista.<br>\t- on oma-aloitteinen, tavoitteellinen ja positiivinen.<br>\t- hyv\u00e4t ruotsin kielen viestint\u00e4taidot sek\u00e4 suullisesti ett\u00e4 kirjallisesti.<br>\t- On kiinnostunut digitaalisista ratkaisuista ja yritt\u00e4jyydest\u00e4.<br>\n<\/div>\n<\/div><div class=\"bde-column-1342-124 bde-column\">\n  \n  \n\t\n\n\n\n<div class=\"bde-text-1342-121 bde-text\">\nMuita tietoja:<br>Ty\u00f6aika: 08.15-16.30 (ma-pe), 100% Kokoaikainen.<br>Ty\u00f6suhde: Koeaika 6 kuukautta.<br>Palkka: Keskim\u00e4\u00e4r\u00e4inen palkka on t\u00e4ll\u00e4 hetkell\u00e4 36 000:- kuukaudessa. Kiinte\u00e4 takuupalkka alkaen 25 000:- ja runsas provisio.<br>Aloitus: V\u00e4litt\u00f6m\u00e4sti.<br><br>Odotamme innolla yhteydenottoasi!\n<\/div>\n<\/div><\/div><\/div>\n<\/section><section class=\"bde-section-1342-126 bde-section\">\n  \n  \n\t\n\n\n\n<div class=\"section-container\"><div class=\"bde-button-1342-125 bde-button\">\n    \n                                    \n    \n    \n    \n    \n            \n                    \n            \n            \n\n    \n    \n    \n    \n    \n    <a class=\"breakdance-link button-atom button-atom--primary bde-button__button\" href=\"mailto:petter@boomr.se\" target=\"_self\" data-type=\"url\"  >\n\n    \n        <span class=\"button-atom__text\">Hae ty\u00f6paikkaa!<\/span>\n\n        \n        \n                <\/a>\n\n    \n\n\n<\/div><\/div>\n<\/section>","protected":false},"excerpt":{"rendered":"<p>Sis\u00e4myynti Boomr Groupille - Liity kasvavaan tiimiimme G\u00f6teborgissa! Oletko kommunikatiivinen henkil\u00f6, jolla on silm\u00e4\u00e4 liiketoiminnalle? Haluatko ty\u00f6skennell\u00e4 yrityksess\u00e4, jossa panoksellasi on todella merkityst\u00e4? Sitten saatat olla etsim\u00e4mme henkil\u00f6! Hae paikkaa! Tietoja ty\u00f6st\u00e4 Oletko viestinn\u00e4llinen henkil\u00f6, jolla on silm\u00e4\u00e4 [...]<\/p>","protected":false},"author":3,"featured_media":0,"parent":701,"menu_order":0,"comment_status":"closed","ping_status":"closed","template":"","meta":{"_breakdance_hide_in_design_set":false,"_breakdance_tags":"","footnotes":""},"class_list":["post-1342","page","type-page","status-publish","hentry"],"yoast_head":"<!-- This site is optimized with the Yoast SEO Premium plugin v26.3 (Yoast SEO v26.3) - https:\/\/yoast.com\/wordpress\/plugins\/seo\/ -->\n<title>Jobba som innes\u00e4ljare p\u00e5 Boomr \u2013 Lediga tj\u00e4nster<\/title>\n<meta name=\"description\" content=\"Vill du jobba med f\u00f6rs\u00e4ljning i ett snabbv\u00e4xande techbolag? Boomr s\u00f6ker innes\u00e4ljare. Ans\u00f6k idag och bli en del av Sveriges ledande k\u00f6rjournalsleverant\u00f6r.\" \/>\n<meta name=\"robots\" content=\"index, follow, max-snippet:-1, max-image-preview:large, max-video-preview:-1\" \/>\n<link rel=\"canonical\" href=\"https:\/\/boomr.se\/fi\/ura\/sisustussuunnittelija\/\" \/>\n<meta property=\"og:locale\" content=\"fi_FI\" \/>\n<meta property=\"og:type\" content=\"article\" \/>\n<meta property=\"og:title\" content=\"Innes\u00e4ljare\" \/>\n<meta property=\"og:description\" content=\"Vill du jobba med f\u00f6rs\u00e4ljning i ett snabbv\u00e4xande techbolag? Boomr s\u00f6ker innes\u00e4ljare. Ans\u00f6k idag och bli en del av Sveriges ledande k\u00f6rjournalsleverant\u00f6r.\" \/>\n<meta property=\"og:url\" content=\"https:\/\/boomr.se\/fi\/ura\/sisustussuunnittelija\/\" \/>\n<meta property=\"og:site_name\" content=\"Boomr Group\" \/>\n<meta property=\"article:modified_time\" content=\"2025-11-10T09:53:57+00:00\" \/>\n<meta name=\"twitter:card\" content=\"summary_large_image\" \/>\n<script type=\"application\/ld+json\" class=\"yoast-schema-graph\">{\"@context\":\"https:\/\/schema.org\",\"@graph\":[{\"@type\":\"WebPage\",\"@id\":\"https:\/\/boomr.se\/karriar\/innesaljare\/\",\"url\":\"https:\/\/boomr.se\/karriar\/innesaljare\/\",\"name\":\"Jobba som innes\u00e4ljare p\u00e5 Boomr \u2013 Lediga tj\u00e4nster\",\"isPartOf\":{\"@id\":\"https:\/\/boomr.se\/#website\"},\"datePublished\":\"2025-05-27T07:33:40+00:00\",\"dateModified\":\"2025-11-10T09:53:57+00:00\",\"description\":\"Vill du jobba med f\u00f6rs\u00e4ljning i ett snabbv\u00e4xande techbolag? Boomr s\u00f6ker innes\u00e4ljare. Ans\u00f6k idag och bli en del av Sveriges ledande k\u00f6rjournalsleverant\u00f6r.\",\"breadcrumb\":{\"@id\":\"https:\/\/boomr.se\/karriar\/innesaljare\/#breadcrumb\"},\"inLanguage\":\"fi\",\"potentialAction\":[{\"@type\":\"ReadAction\",\"target\":[\"https:\/\/boomr.se\/karriar\/innesaljare\/\"]}]},{\"@type\":\"BreadcrumbList\",\"@id\":\"https:\/\/boomr.se\/karriar\/innesaljare\/#breadcrumb\",\"itemListElement\":[{\"@type\":\"ListItem\",\"position\":1,\"name\":\"Home\",\"item\":\"https:\/\/boomr.se\/\"},{\"@type\":\"ListItem\",\"position\":2,\"name\":\"Karri\u00e4r\",\"item\":\"https:\/\/boomr.se\/karriar\/\"},{\"@type\":\"ListItem\",\"position\":3,\"name\":\"Innes\u00e4ljare\"}]},{\"@type\":\"WebSite\",\"@id\":\"https:\/\/boomr.se\/#website\",\"url\":\"https:\/\/boomr.se\/\",\"name\":\"Boomr Group\",\"description\":\"Vi digitaliserar f\u00f6retagandet\",\"potentialAction\":[{\"@type\":\"SearchAction\",\"target\":{\"@type\":\"EntryPoint\",\"urlTemplate\":\"https:\/\/boomr.se\/?s={search_term_string}\"},\"query-input\":{\"@type\":\"PropertyValueSpecification\",\"valueRequired\":true,\"valueName\":\"search_term_string\"}}],\"inLanguage\":\"fi\"}]}<\/script>\n<!-- \/ Yoast SEO Premium plugin. -->","yoast_head_json":{"title":"Ty\u00f6skentele sis\u00e4isen\u00e4 myyj\u00e4n\u00e4 Boomrilla - Avoimet ty\u00f6paikat","description":"Haluatko ty\u00f6skennell\u00e4 myynniss\u00e4 nopeasti kasvavassa teknologiayrityksess\u00e4? Boomr etsii sis\u00e4ist\u00e4 myynti\u00e4. Hae jo t\u00e4n\u00e4\u00e4n ja tule osaksi Ruotsin johtavaa ajokorttitoimittajaa.","robots":{"index":"index","follow":"follow","max-snippet":"max-snippet:-1","max-image-preview":"max-image-preview:large","max-video-preview":"max-video-preview:-1"},"canonical":"https:\/\/boomr.se\/fi\/ura\/sisustussuunnittelija\/","og_locale":"fi_FI","og_type":"article","og_title":"Innes\u00e4ljare","og_description":"Vill du jobba med f\u00f6rs\u00e4ljning i ett snabbv\u00e4xande techbolag? Boomr s\u00f6ker innes\u00e4ljare. Ans\u00f6k idag och bli en del av Sveriges ledande k\u00f6rjournalsleverant\u00f6r.","og_url":"https:\/\/boomr.se\/fi\/ura\/sisustussuunnittelija\/","og_site_name":"Boomr Group","article_modified_time":"2025-11-10T09:53:57+00:00","twitter_card":"summary_large_image","schema":{"@context":"https:\/\/schema.org","@graph":[{"@type":"WebPage","@id":"https:\/\/boomr.se\/karriar\/innesaljare\/","url":"https:\/\/boomr.se\/karriar\/innesaljare\/","name":"Ty\u00f6skentele sis\u00e4isen\u00e4 myyj\u00e4n\u00e4 Boomrilla - Avoimet ty\u00f6paikat","isPartOf":{"@id":"https:\/\/boomr.se\/#website"},"datePublished":"2025-05-27T07:33:40+00:00","dateModified":"2025-11-10T09:53:57+00:00","description":"Haluatko ty\u00f6skennell\u00e4 myynniss\u00e4 nopeasti kasvavassa teknologiayrityksess\u00e4? Boomr etsii sis\u00e4ist\u00e4 myynti\u00e4. Hae jo t\u00e4n\u00e4\u00e4n ja tule osaksi Ruotsin johtavaa ajokorttitoimittajaa.","breadcrumb":{"@id":"https:\/\/boomr.se\/karriar\/innesaljare\/#breadcrumb"},"inLanguage":"fi","potentialAction":[{"@type":"ReadAction","target":["https:\/\/boomr.se\/karriar\/innesaljare\/"]}]},{"@type":"BreadcrumbList","@id":"https:\/\/boomr.se\/karriar\/innesaljare\/#breadcrumb","itemListElement":[{"@type":"ListItem","position":1,"name":"Home","item":"https:\/\/boomr.se\/"},{"@type":"ListItem","position":2,"name":"Karri\u00e4r","item":"https:\/\/boomr.se\/karriar\/"},{"@type":"ListItem","position":3,"name":"Innes\u00e4ljare"}]},{"@type":"WebSite","@id":"https:\/\/boomr.se\/#website","url":"https:\/\/boomr.se\/","name":"Boomr Group","description":"Digitalisoimme yritt\u00e4jyyden","potentialAction":[{"@type":"SearchAction","target":{"@type":"EntryPoint","urlTemplate":"https:\/\/boomr.se\/?s={search_term_string}"},"query-input":{"@type":"PropertyValueSpecification","valueRequired":true,"valueName":"search_term_string"}}],"inLanguage":"fi"}]}},"_links":{"self":[{"href":"https:\/\/boomr.se\/fi\/wp-json\/wp\/v2\/pages\/1342","targetHints":{"allow":["GET"]}}],"collection":[{"href":"https:\/\/boomr.se\/fi\/wp-json\/wp\/v2\/pages"}],"about":[{"href":"https:\/\/boomr.se\/fi\/wp-json\/wp\/v2\/types\/page"}],"author":[{"embeddable":true,"href":"https:\/\/boomr.se\/fi\/wp-json\/wp\/v2\/users\/3"}],"replies":[{"embeddable":true,"href":"https:\/\/boomr.se\/fi\/wp-json\/wp\/v2\/comments?post=1342"}],"version-history":[{"count":17,"href":"https:\/\/boomr.se\/fi\/wp-json\/wp\/v2\/pages\/1342\/revisions"}],"predecessor-version":[{"id":46190,"href":"https:\/\/boomr.se\/fi\/wp-json\/wp\/v2\/pages\/1342\/revisions\/46190"}],"up":[{"embeddable":true,"href":"https:\/\/boomr.se\/fi\/wp-json\/wp\/v2\/pages\/701"}],"wp:attachment":[{"href":"https:\/\/boomr.se\/fi\/wp-json\/wp\/v2\/media?parent=1342"}],"curies":[{"name":"wp","href":"https:\/\/api.w.org\/{rel}","templated":true}]}}