{"id":701,"date":"2025-04-23T09:28:47","date_gmt":"2025-04-23T08:28:47","guid":{"rendered":"https:\/\/boomr.se\/?page_id=701"},"modified":"2025-11-10T10:56:27","modified_gmt":"2025-11-10T09:56:27","slug":"career","status":"publish","type":"page","link":"https:\/\/boomr.se\/en\/career\/","title":{"rendered":"Careers"},"content":{"rendered":"<section class=\"bde-section-701-145 bde-section bde-preset-1d68a3a3-f3f4-4bc5-b2dd-28866d8cd5eb\">\n              \n  \n  \n\t\n\n  <div class=\"section-background-overlay\"><\/div>\n\n\n<div class=\"section-container\"><div class=\"bde-columns-701-146 bde-columns\"><div class=\"bde-column-701-147 bde-column\">\n  \n  \n\t\n\n\n\n<h1 class=\"bde-heading-701-148 bde-heading\">\nCareers at Boomr Group\n<\/h1><p class=\"bde-text-701-149 bde-text\">\nWe offer a dynamic work environment on Engelbreksgatan in central Gothenburg, where you get to be part of a dedicated team that constantly strives to simplify and improve business. With over 30,000 satisfied customers and a culture characterised by innovation, collaboration and job satisfaction, Boomr is the place for those who want to make a difference.<br><br>Are you ready to take the next step in your career? Explore our vacancies and become part of the Boomr family.\n<\/p>\n<\/div><div class=\"bde-column-701-151 bde-column\">\n  \n  \n\t\n\n\n\n<img decoding=\"async\" class=\"bde-image2-701-152 bde-image2\" src=\"https:\/\/boomr.se\/wp-content\/uploads\/2025\/04\/Boomr-i-korthet-1024x683-1-768x512.jpg\" loading=\"lazy\" srcset=\"https:\/\/boomr.se\/wp-content\/uploads\/2025\/04\/Boomr-i-korthet-1024x683-1.jpg 1024w, https:\/\/boomr.se\/wp-content\/uploads\/2025\/04\/Boomr-i-korthet-1024x683-1-300x200.jpg 300w, https:\/\/boomr.se\/wp-content\/uploads\/2025\/04\/Boomr-i-korthet-1024x683-1-768x512.jpg 768w\" sizes=\"(max-width: 1024px) 100vw, 1024px\" data-entrance=\"slideRight\">\n<\/div><\/div><\/div>\n<\/section><section class=\"bde-section-701-110 bde-section\">\n  \n  \n\t\n\n\n\n<div class=\"section-container\"><div class=\"bde-columns-701-111 bde-columns\"><div class=\"bde-column-701-113 bde-column\">\n  \n  \n\t\n\n\n\n<div class=\"bde-text-701-115 bde-text\">\nWorking at Boomr Group\n<\/div><div class=\"bde-text-701-116 bde-text\">\nWe're a team that's constantly evolving and attracting great new personalities to the company. To be able to perform at your best, you need the right conditions. We invest in you, you invest in us - together we make a great team. For those who join the Boomr journey, in addition to awesome employees and a wonderful office in Kroksl\u00e4tts Fabriker, there are endless challenges to take on and a lot of fun along the way!<br><br>\n<\/div>\n<\/div><\/div><\/div>\n<\/section><section class=\"bde-section-701-117 bde-section\">\n  \n  \n\t\n\n\n\n<div class=\"section-container\"><div class=\"bde-columns-701-118 bde-columns\"><div class=\"bde-column-701-119 bde-column\">\n  \n  \n\t\n\n\n\n<div class=\"bde-text-701-122 bde-text\">\nBenefits at Boomr Group\n<\/div><ul class=\"bde-basic-list-701-124 bde-basic-list\">\n  <li  >    \n          Wellness allowance and occupational health care through Team Health.\n      <\/li>\n  <li  >    \n          A hearty breakfast every day!\n      <\/li>\n  <li  >    \n          Occupational pension\n      <\/li>\n  <li  >    \n          Good opportunities to climb the career ladder, all our partners and managers have a long history in the company and all started as salespeople.<br>\n      <\/li>\n  <li  >    \n          We organise fun activities once a month such as paintball, spa, trips and more!\n      <\/li>\n  <li  >    \n          Competitions with bonuses for the salesperson(s) who helps the most companies with security solutions.\n      <\/li>\n  <li  >    \n          Continuous training &amp; lectures.\n      <\/li>\n<\/ul><div class=\"bde-text-701-125 bde-text\">\nAre you our next star? Apply today -&gt;\n<\/div><div class=\"bde-text-701-123 bde-text\">\n\n<\/div>\n<\/div><div class=\"bde-column-701-121 bde-column\">\n  \n  \n\t\n\n\n\n<img decoding=\"async\" class=\"bde-image2-701-120 bde-image2\" src=\"https:\/\/boomr.se\/wp-content\/uploads\/2025\/04\/Karriar_Fifa-500x379-1.png\" loading=\"lazy\" srcset=\"https:\/\/boomr.se\/wp-content\/uploads\/2025\/04\/Karriar_Fifa-500x379-1.png 500w, https:\/\/boomr.se\/wp-content\/uploads\/2025\/04\/Karriar_Fifa-500x379-1-300x227.png 300w\" sizes=\"(max-width: 500px) 100vw, 500px\">\n<\/div><\/div><\/div>\n<\/section><section id=\"varatjanster\" class=\"bde-section-701-126 bde-section varatjanster\">\n  \n  \n\t\n\n\n\n<div class=\"section-container\"><div class=\"bde-text-701-132 bde-text\">\nRight now we are looking for:\n<\/div><div class=\"bde-columns-701-128 bde-columns\"><div class=\"bde-column-701-129 bde-column\">\n  \n  \n\t\n\n\n\n<div class=\"bde-columns-701-134 bde-columns\"><div class=\"bde-column-701-135 bde-column\">\n  \n  \n\t\n\n\n\n<img decoding=\"async\" class=\"bde-image2-701-137 bde-image2\" src=\"https:\/\/boomr.se\/wp-content\/uploads\/2025\/05\/Boomr_id-bevaraken_privat_image3.webp\" loading=\"lazy\" srcset=\"https:\/\/boomr.se\/wp-content\/uploads\/2025\/05\/Boomr_id-bevaraken_privat_image3.webp 924w, https:\/\/boomr.se\/wp-content\/uploads\/2025\/05\/Boomr_id-bevaraken_privat_image3-300x227.webp 300w, https:\/\/boomr.se\/wp-content\/uploads\/2025\/05\/Boomr_id-bevaraken_privat_image3-768x582.webp 768w\" sizes=\"(max-width: 924px) 100vw, 924px\">\n<\/div><div class=\"bde-column-701-136 bde-column\">\n  \n  \n\t\n\n\n\n<div class=\"bde-rich-text-701-138 bde-rich-text breakdance-rich-text-styles\">\n<h2>Inside sales<\/h2><p>Are you on the threshold of working life? Are you hungry and looking for new challenges? Are you sociable and enjoy meeting new people?<\/p><ul><li>Working hours: 08.15-16.30 (Mon-Fri), 100% Full time.<\/li><li>Employment: Probationary period, 6 months.<\/li><li>Salary: The average salary is currently 36 000:-\/month. Fixed guaranteed salary from 25 000:- with generous commission.<\/li><li>Start: Immediately.<\/li><\/ul>\n<\/div><div class=\"bde-button-701-139 bde-button\">\n    \n                                    \n    \n    \n    \n    \n            \n                    \n            \n            \n\n    \n    \n    \n    \n    \n    <a class=\"breakdance-link button-atom button-atom--primary bde-button__button\" href=\"https:\/\/boomr.se\/en\/career\/interior-decorator\/\" target=\"_self\" data-type=\"url\"  >\n\n    \n        <span class=\"button-atom__text\">Find out more about the service!<\/span>\n\n        \n        \n                <\/a>\n\n    \n\n\n<\/div>\n<\/div><\/div>\n<\/div><\/div><\/div>\n<\/section>","protected":false},"excerpt":{"rendered":"<p>Career at Boomr Group We offer a dynamic work environment on engelbreksgatan in central Gothenburg, where you get to be part of a dedicated team that constantly strives to simplify and improve business. With over 30,000 satisfied customers and a culture characterised by innovation, collaboration and job satisfaction, Boomr is the place for you if you [...]<\/p>","protected":false},"author":3,"featured_media":0,"parent":0,"menu_order":0,"comment_status":"closed","ping_status":"closed","template":"","meta":{"_breakdance_hide_in_design_set":false,"_breakdance_tags":"","footnotes":""},"class_list":["post-701","page","type-page","status-publish","hentry"],"yoast_head":"<!-- This site is optimized with the Yoast SEO Premium plugin v26.3 (Yoast SEO v26.3) - https:\/\/yoast.com\/wordpress\/plugins\/seo\/ -->\n<title>Karri\u00e4r p\u00e5 Boomr \u2013 Jobba med oss | Lediga tj\u00e4nster<\/title>\n<meta name=\"description\" content=\"Vill du vara med och bygga Sveriges snabbast v\u00e4xande k\u00f6rjournalsleverant\u00f6r? Se lediga tj\u00e4nster p\u00e5 Boomr och ans\u00f6k idag. Vi s\u00f6ker nya talanger!\" \/>\n<meta name=\"robots\" content=\"index, follow, max-snippet:-1, max-image-preview:large, max-video-preview:-1\" \/>\n<link rel=\"canonical\" href=\"https:\/\/boomr.se\/en\/career\/\" \/>\n<meta property=\"og:locale\" content=\"en_GB\" \/>\n<meta property=\"og:type\" content=\"article\" \/>\n<meta property=\"og:title\" content=\"Karri\u00e4r\" \/>\n<meta property=\"og:description\" content=\"Vill du vara med och bygga Sveriges snabbast v\u00e4xande k\u00f6rjournalsleverant\u00f6r? Se lediga tj\u00e4nster p\u00e5 Boomr och ans\u00f6k idag. Vi s\u00f6ker nya talanger!\" \/>\n<meta property=\"og:url\" content=\"https:\/\/boomr.se\/en\/career\/\" \/>\n<meta property=\"og:site_name\" content=\"Boomr Group\" \/>\n<meta property=\"article:modified_time\" content=\"2025-11-10T09:56:27+00:00\" \/>\n<meta name=\"twitter:card\" content=\"summary_large_image\" \/>\n<script type=\"application\/ld+json\" class=\"yoast-schema-graph\">{\"@context\":\"https:\/\/schema.org\",\"@graph\":[{\"@type\":\"WebPage\",\"@id\":\"https:\/\/boomr.se\/karriar\/\",\"url\":\"https:\/\/boomr.se\/karriar\/\",\"name\":\"Karri\u00e4r p\u00e5 Boomr \u2013 Jobba med oss | Lediga tj\u00e4nster\",\"isPartOf\":{\"@id\":\"https:\/\/boomr.se\/#website\"},\"datePublished\":\"2025-04-23T08:28:47+00:00\",\"dateModified\":\"2025-11-10T09:56:27+00:00\",\"description\":\"Vill du vara med och bygga Sveriges snabbast v\u00e4xande k\u00f6rjournalsleverant\u00f6r? Se lediga tj\u00e4nster p\u00e5 Boomr och ans\u00f6k idag. Vi s\u00f6ker nya talanger!\",\"breadcrumb\":{\"@id\":\"https:\/\/boomr.se\/karriar\/#breadcrumb\"},\"inLanguage\":\"en-GB\",\"potentialAction\":[{\"@type\":\"ReadAction\",\"target\":[\"https:\/\/boomr.se\/karriar\/\"]}]},{\"@type\":\"BreadcrumbList\",\"@id\":\"https:\/\/boomr.se\/karriar\/#breadcrumb\",\"itemListElement\":[{\"@type\":\"ListItem\",\"position\":1,\"name\":\"Home\",\"item\":\"https:\/\/boomr.se\/\"},{\"@type\":\"ListItem\",\"position\":2,\"name\":\"Karri\u00e4r\"}]},{\"@type\":\"WebSite\",\"@id\":\"https:\/\/boomr.se\/#website\",\"url\":\"https:\/\/boomr.se\/\",\"name\":\"Boomr Group\",\"description\":\"Vi digitaliserar f\u00f6retagandet\",\"potentialAction\":[{\"@type\":\"SearchAction\",\"target\":{\"@type\":\"EntryPoint\",\"urlTemplate\":\"https:\/\/boomr.se\/?s={search_term_string}\"},\"query-input\":{\"@type\":\"PropertyValueSpecification\",\"valueRequired\":true,\"valueName\":\"search_term_string\"}}],\"inLanguage\":\"en-GB\"}]}<\/script>\n<!-- \/ Yoast SEO Premium plugin. -->","yoast_head_json":{"title":"Careers at Boomr - Work with us | Vacancies","description":"Do you want to be part of building Sweden's fastest growing logbook provider? See open positions on Boomr and apply today. We are looking for new talent!","robots":{"index":"index","follow":"follow","max-snippet":"max-snippet:-1","max-image-preview":"max-image-preview:large","max-video-preview":"max-video-preview:-1"},"canonical":"https:\/\/boomr.se\/en\/career\/","og_locale":"en_GB","og_type":"article","og_title":"Karri\u00e4r","og_description":"Vill du vara med och bygga Sveriges snabbast v\u00e4xande k\u00f6rjournalsleverant\u00f6r? Se lediga tj\u00e4nster p\u00e5 Boomr och ans\u00f6k idag. Vi s\u00f6ker nya talanger!","og_url":"https:\/\/boomr.se\/en\/career\/","og_site_name":"Boomr Group","article_modified_time":"2025-11-10T09:56:27+00:00","twitter_card":"summary_large_image","schema":{"@context":"https:\/\/schema.org","@graph":[{"@type":"WebPage","@id":"https:\/\/boomr.se\/karriar\/","url":"https:\/\/boomr.se\/karriar\/","name":"Careers at Boomr - Work with us | Vacancies","isPartOf":{"@id":"https:\/\/boomr.se\/#website"},"datePublished":"2025-04-23T08:28:47+00:00","dateModified":"2025-11-10T09:56:27+00:00","description":"Do you want to be part of building Sweden's fastest growing logbook provider? See open positions on Boomr and apply today. We are looking for new talent!","breadcrumb":{"@id":"https:\/\/boomr.se\/karriar\/#breadcrumb"},"inLanguage":"en-GB","potentialAction":[{"@type":"ReadAction","target":["https:\/\/boomr.se\/karriar\/"]}]},{"@type":"BreadcrumbList","@id":"https:\/\/boomr.se\/karriar\/#breadcrumb","itemListElement":[{"@type":"ListItem","position":1,"name":"Home","item":"https:\/\/boomr.se\/"},{"@type":"ListItem","position":2,"name":"Karri\u00e4r"}]},{"@type":"WebSite","@id":"https:\/\/boomr.se\/#website","url":"https:\/\/boomr.se\/","name":"Boomr Group","description":"We digitise entrepreneurship","potentialAction":[{"@type":"SearchAction","target":{"@type":"EntryPoint","urlTemplate":"https:\/\/boomr.se\/?s={search_term_string}"},"query-input":{"@type":"PropertyValueSpecification","valueRequired":true,"valueName":"search_term_string"}}],"inLanguage":"en-GB"}]}},"_links":{"self":[{"href":"https:\/\/boomr.se\/en\/wp-json\/wp\/v2\/pages\/701","targetHints":{"allow":["GET"]}}],"collection":[{"href":"https:\/\/boomr.se\/en\/wp-json\/wp\/v2\/pages"}],"about":[{"href":"https:\/\/boomr.se\/en\/wp-json\/wp\/v2\/types\/page"}],"author":[{"embeddable":true,"href":"https:\/\/boomr.se\/en\/wp-json\/wp\/v2\/users\/3"}],"replies":[{"embeddable":true,"href":"https:\/\/boomr.se\/en\/wp-json\/wp\/v2\/comments?post=701"}],"version-history":[{"count":49,"href":"https:\/\/boomr.se\/en\/wp-json\/wp\/v2\/pages\/701\/revisions"}],"predecessor-version":[{"id":46191,"href":"https:\/\/boomr.se\/en\/wp-json\/wp\/v2\/pages\/701\/revisions\/46191"}],"wp:attachment":[{"href":"https:\/\/boomr.se\/en\/wp-json\/wp\/v2\/media?parent=701"}],"curies":[{"name":"wp","href":"https:\/\/api.w.org\/{rel}","templated":true}]}}