{"id":49,"date":"2025-04-07T10:37:07","date_gmt":"2025-04-07T09:37:07","guid":{"rendered":"https:\/\/boomr.se\/?page_id=49"},"modified":"2025-11-13T13:41:29","modified_gmt":"2025-11-13T12:41:29","slug":"boomr-project","status":"publish","type":"page","link":"https:\/\/boomr.se\/en\/boomr-project\/","title":{"rendered":"Time and projects"},"content":{"rendered":"","protected":false},"excerpt":{"rendered":"","protected":false},"author":3,"featured_media":0,"parent":0,"menu_order":0,"comment_status":"closed","ping_status":"closed","template":"","meta":{"_breakdance_hide_in_design_set":false,"_breakdance_tags":"","footnotes":""},"class_list":["post-49","page","type-page","status-publish","hentry"],"yoast_head":"<!-- This site is optimized with the Yoast SEO Premium plugin v26.3 (Yoast SEO v26.3) - https:\/\/yoast.com\/wordpress\/plugins\/seo\/ -->\n<title>Tidrapportering: Effektiv Hantering av Tid och Projekt - Boomr Group<\/title>\n<meta name=\"description\" content=\"F\u00f6rb\u00e4ttra din projektledning med Tidrapportering och smart hantering. L\u00e4r dig strategier f\u00f6r att effektivt hantera tid och resurser.\" \/>\n<meta name=\"robots\" content=\"index, follow, max-snippet:-1, max-image-preview:large, max-video-preview:-1\" \/>\n<link rel=\"canonical\" href=\"https:\/\/boomr.se\/en\/boomr-project\/\" \/>\n<meta property=\"og:locale\" content=\"en_GB\" \/>\n<meta property=\"og:type\" content=\"article\" \/>\n<meta property=\"og:title\" content=\"Tid och projekt\" \/>\n<meta property=\"og:description\" content=\"F\u00f6rb\u00e4ttra din projektledning med Tidrapportering och smart hantering. L\u00e4r dig strategier f\u00f6r att effektivt hantera tid och resurser.\" \/>\n<meta property=\"og:url\" content=\"https:\/\/boomr.se\/en\/boomr-project\/\" \/>\n<meta property=\"og:site_name\" content=\"Boomr Group\" \/>\n<meta property=\"article:modified_time\" content=\"2025-11-13T12:41:29+00:00\" \/>\n<meta name=\"twitter:card\" content=\"summary_large_image\" \/>\n<script type=\"application\/ld+json\" class=\"yoast-schema-graph\">{\"@context\":\"https:\/\/schema.org\",\"@graph\":[{\"@type\":\"WebPage\",\"@id\":\"https:\/\/boomr.se\/boomr-project\/\",\"url\":\"https:\/\/boomr.se\/boomr-project\/\",\"name\":\"Tidrapportering: Effektiv Hantering av Tid och Projekt - Boomr Group\",\"isPartOf\":{\"@id\":\"https:\/\/boomr.se\/#website\"},\"datePublished\":\"2025-04-07T09:37:07+00:00\",\"dateModified\":\"2025-11-13T12:41:29+00:00\",\"description\":\"F\u00f6rb\u00e4ttra din projektledning med Tidrapportering och smart hantering. L\u00e4r dig strategier f\u00f6r att effektivt hantera tid och resurser.\",\"breadcrumb\":{\"@id\":\"https:\/\/boomr.se\/boomr-project\/#breadcrumb\"},\"inLanguage\":\"en-GB\",\"potentialAction\":[{\"@type\":\"ReadAction\",\"target\":[\"https:\/\/boomr.se\/boomr-project\/\"]}]},{\"@type\":\"BreadcrumbList\",\"@id\":\"https:\/\/boomr.se\/boomr-project\/#breadcrumb\",\"itemListElement\":[{\"@type\":\"ListItem\",\"position\":1,\"name\":\"Home\",\"item\":\"https:\/\/boomr.se\/\"},{\"@type\":\"ListItem\",\"position\":2,\"name\":\"Tid och projekt\"}]},{\"@type\":\"WebSite\",\"@id\":\"https:\/\/boomr.se\/#website\",\"url\":\"https:\/\/boomr.se\/\",\"name\":\"Boomr Group\",\"description\":\"Vi digitaliserar f\u00f6retagandet\",\"potentialAction\":[{\"@type\":\"SearchAction\",\"target\":{\"@type\":\"EntryPoint\",\"urlTemplate\":\"https:\/\/boomr.se\/?s={search_term_string}\"},\"query-input\":{\"@type\":\"PropertyValueSpecification\",\"valueRequired\":true,\"valueName\":\"search_term_string\"}}],\"inLanguage\":\"en-GB\"}]}<\/script>\n<!-- \/ Yoast SEO Premium plugin. -->","yoast_head_json":{"title":"Time Tracking: Effective Management of Time and Projects - Boomr Group","description":"Improve your project management with Time Tracking and Smart Management. Learn strategies to effectively manage time and resources.","robots":{"index":"index","follow":"follow","max-snippet":"max-snippet:-1","max-image-preview":"max-image-preview:large","max-video-preview":"max-video-preview:-1"},"canonical":"https:\/\/boomr.se\/en\/boomr-project\/","og_locale":"en_GB","og_type":"article","og_title":"Tid och projekt","og_description":"F\u00f6rb\u00e4ttra din projektledning med Tidrapportering och smart hantering. L\u00e4r dig strategier f\u00f6r att effektivt hantera tid och resurser.","og_url":"https:\/\/boomr.se\/en\/boomr-project\/","og_site_name":"Boomr Group","article_modified_time":"2025-11-13T12:41:29+00:00","twitter_card":"summary_large_image","schema":{"@context":"https:\/\/schema.org","@graph":[{"@type":"WebPage","@id":"https:\/\/boomr.se\/boomr-project\/","url":"https:\/\/boomr.se\/boomr-project\/","name":"Time Tracking: Effective Management of Time and Projects - Boomr Group","isPartOf":{"@id":"https:\/\/boomr.se\/#website"},"datePublished":"2025-04-07T09:37:07+00:00","dateModified":"2025-11-13T12:41:29+00:00","description":"Improve your project management with Time Tracking and Smart Management. Learn strategies to effectively manage time and resources.","breadcrumb":{"@id":"https:\/\/boomr.se\/boomr-project\/#breadcrumb"},"inLanguage":"en-GB","potentialAction":[{"@type":"ReadAction","target":["https:\/\/boomr.se\/boomr-project\/"]}]},{"@type":"BreadcrumbList","@id":"https:\/\/boomr.se\/boomr-project\/#breadcrumb","itemListElement":[{"@type":"ListItem","position":1,"name":"Home","item":"https:\/\/boomr.se\/"},{"@type":"ListItem","position":2,"name":"Tid och projekt"}]},{"@type":"WebSite","@id":"https:\/\/boomr.se\/#website","url":"https:\/\/boomr.se\/","name":"Boomr Group","description":"We digitise entrepreneurship","potentialAction":[{"@type":"SearchAction","target":{"@type":"EntryPoint","urlTemplate":"https:\/\/boomr.se\/?s={search_term_string}"},"query-input":{"@type":"PropertyValueSpecification","valueRequired":true,"valueName":"search_term_string"}}],"inLanguage":"en-GB"}]}},"_links":{"self":[{"href":"https:\/\/boomr.se\/en\/wp-json\/wp\/v2\/pages\/49","targetHints":{"allow":["GET"]}}],"collection":[{"href":"https:\/\/boomr.se\/en\/wp-json\/wp\/v2\/pages"}],"about":[{"href":"https:\/\/boomr.se\/en\/wp-json\/wp\/v2\/types\/page"}],"author":[{"embeddable":true,"href":"https:\/\/boomr.se\/en\/wp-json\/wp\/v2\/users\/3"}],"replies":[{"embeddable":true,"href":"https:\/\/boomr.se\/en\/wp-json\/wp\/v2\/comments?post=49"}],"version-history":[{"count":1,"href":"https:\/\/boomr.se\/en\/wp-json\/wp\/v2\/pages\/49\/revisions"}],"predecessor-version":[{"id":50,"href":"https:\/\/boomr.se\/en\/wp-json\/wp\/v2\/pages\/49\/revisions\/50"}],"wp:attachment":[{"href":"https:\/\/boomr.se\/en\/wp-json\/wp\/v2\/media?parent=49"}],"curies":[{"name":"wp","href":"https:\/\/api.w.org\/{rel}","templated":true}]}}