{"id":23,"date":"2025-03-14T21:04:28","date_gmt":"2025-03-14T21:04:28","guid":{"rendered":"https:\/\/boomr.se\/?page_id=23"},"modified":"2026-03-29T22:59:53","modified_gmt":"2026-03-29T21:59:53","slug":"about-us","status":"publish","type":"page","link":"https:\/\/boomr.se\/en\/about-us\/","title":{"rendered":"About us"},"content":{"rendered":"<section class=\"bde-section-23-162 bde-section bde-preset-1d68a3a3-f3f4-4bc5-b2dd-28866d8cd5eb\">\n              \n  \n  \n\t\n\n  <div class=\"section-background-overlay\"><\/div>\n\n\n<div class=\"section-container\"><div class=\"bde-columns-23-163 bde-columns\"><div class=\"bde-column-23-164 bde-column\">\n  \n  \n\t\n\n\n\n<h1 class=\"bde-heading-23-165 bde-heading\">\nAbout us\n<\/h1><p class=\"bde-text-23-166 bde-text\">\nBoomr has a long track record of providing simple but smart services that simplify and give peace of mind to businesses. Our digital platform removes administrative and repetitive tasks and automates many parts of your company's projects and finances. Always at a fixed monthly cost, so you don't have to worry about runaway costs.\n<\/p>\n<\/div><div class=\"bde-column-23-176 bde-column\">\n  \n  \n\t\n\n\n\n<img decoding=\"async\" class=\"bde-image2-23-177 bde-image2\" src=\"https:\/\/boomr.se\/wp-content\/uploads\/2025\/04\/vitAsset-3@4x-768x350.png\" loading=\"lazy\" srcset=\"https:\/\/boomr.se\/wp-content\/uploads\/2025\/04\/vitAsset-3@4x-768x350.png 768w, https:\/\/boomr.se\/wp-content\/uploads\/2025\/04\/vitAsset-3@4x-300x137.png 300w\" sizes=\"(max-width: 768px) 100vw, 768px\" data-entrance=\"slideRight\">\n<\/div><\/div><\/div>\n<\/section><section class=\"bde-section-23-104 bde-section\">\n  \n  \n\t\n\n\n\n<div class=\"section-container\"><div class=\"bde-columns-23-105 bde-columns\"><div class=\"bde-column-23-106 bde-column\">\n  \n  \n\t\n\n\n\n\n<\/div><div class=\"bde-column-23-108 bde-column\">\n  \n  \n\t\n\n\n\n<h3 class=\"bde-heading-23-170 bde-heading\">\nBusiness concept\n<\/h3><p class=\"bde-text-23-117 bde-text\">\nAs entrepreneurs, we are often faced with complex problems, time-consuming tasks and critical issues. Boomr provides smart services that help small and medium-sized enterprises. With our innovative thinking, wide-ranging expertise and excellent service, we help make doing business safer and easier.<br><br>\n<\/p><img decoding=\"async\" class=\"bde-image2-23-173 bde-image2\" src=\"https:\/\/boomr.se\/wp-content\/uploads\/2025\/10\/Gemini_Generated_Image_1ma8qj1ma8qj1ma8.png\" loading=\"lazy\" srcset=\"https:\/\/boomr.se\/wp-content\/uploads\/2025\/10\/Gemini_Generated_Image_1ma8qj1ma8qj1ma8.png 1024w, https:\/\/boomr.se\/wp-content\/uploads\/2025\/10\/Gemini_Generated_Image_1ma8qj1ma8qj1ma8-300x300.png 300w, https:\/\/boomr.se\/wp-content\/uploads\/2025\/10\/Gemini_Generated_Image_1ma8qj1ma8qj1ma8-150x150.png 150w, https:\/\/boomr.se\/wp-content\/uploads\/2025\/10\/Gemini_Generated_Image_1ma8qj1ma8qj1ma8-768x768.png 768w, https:\/\/boomr.se\/wp-content\/uploads\/2025\/10\/Gemini_Generated_Image_1ma8qj1ma8qj1ma8-12x12.png 12w\" sizes=\"(max-width: 1024px) 100vw, 1024px\"><h3 class=\"bde-heading-23-172 bde-heading\">\nVision\n<\/h3><p class=\"bde-text-23-171 bde-text\">\nWe make it easy and safe to run a business.\n<\/p>\n<\/div><\/div><\/div>\n<\/section><section class=\"bde-section-23-189 bde-section\">\n  \n  \n\t\n\n\n\n<div class=\"section-container\"><div class=\"bde-columns-23-119 bde-columns\"><div class=\"bde-column-23-120 bde-column\">\n  \n  \n\t\n\n\n\n<h2 class=\"bde-heading-23-123 bde-heading\">\nBoomr Group in brief\n<\/h2><div class=\"bde-rich-text-23-202 bde-rich-text breakdance-rich-text-styles\">\n<p>It all started in 2002, in a small office opposite a mysterious voodoo parlour on F\u00e5gelbergsgatan in Vasastan. Since then we have grown - and today we have our office in the heart of Gothenburg.<\/p><p>We are a team of around 40 people who are passionate about simplifying everyday life for Swedish companies. With smart digital services, we help our customers work more securely, efficiently and in a more structured way. Our main services are <a href=\"https:\/\/boomr.se\/en\/digital-choir-journal\/\">Boomr Fleet<\/a>, <a href=\"https:\/\/boomr.se\/en\/contract-banks\/\">Boomr Sign<\/a> and <a href=\"https:\/\/boomr.se\/en\/e-signing\/\">Boomr Contract<\/a>. <\/p>\n<\/div>\n<\/div><div class=\"bde-column-23-121 bde-column\">\n  \n  \n\t\n\n\n\n<div class=\"bde-image-23-122 bde-image\">\n<figure class=\"breakdance-image breakdance-image--34\">\n\t<div class=\"breakdance-image-container\">\n\t\t<div class=\"breakdance-image-clip\"><img loading=\"lazy\" decoding=\"async\" class=\"breakdance-image-object\" src=\"https:\/\/breakdancelibrary.com\/architecture\/wp-content\/uploads\/sites\/13\/2022\/10\/modern-architecture3_about-us_pyramid.jpg\" width=\"969\" height=\"709\" srcset=\"https:\/\/breakdancelibrary.com\/architecture\/wp-content\/uploads\/sites\/13\/2022\/10\/modern-architecture3_about-us_pyramid.jpg 969w, https:\/\/breakdancelibrary.com\/architecture\/wp-content\/uploads\/sites\/13\/2022\/10\/modern-architecture3_about-us_pyramid-300x220.jpg 300w, https:\/\/breakdancelibrary.com\/architecture\/wp-content\/uploads\/sites\/13\/2022\/10\/modern-architecture3_about-us_pyramid-768x562.jpg 768w\" sizes=\"auto, (max-width: 969px) 100vw, 969px\"><\/div>\n\t<\/div><\/figure>\n\n<\/div>\n<\/div><\/div><\/div>\n<\/section><section class=\"bde-section-23-118 bde-section\">\n  \n  \n\t\n\n\n\n<div class=\"section-container\"><div class=\"bde-fancy-divider-23-158 bde-fancy-divider\">\n\n\n<div class=\"bde-fancy-divider__wrapper\">\n  <div class=\"bde-fancy-divider__separator\">\n  \t  <\/div>\n<\/div>\n\n<\/div><div class=\"bde-div-23-129 bde-div\">\n  \n  \n\t\n\n\n\n<h2 class=\"bde-heading-23-130 bde-heading\">\nThe team\n<\/h2><p class=\"bde-text-23-131 bde-text\">\nIt's the people behind the scenes who make the wheels turn. Our dedicated team is the heart of the company - with a wealth of expertise, professional pride and a desire to always go the extra mile.\n<\/p>\n<\/div><div id=\"bilderstorlek\" class=\"bde-image-accordion-23-180 bde-image-accordion bilderstorlek\">\n\n  \n    \n    <div class=\"ee-image-accordion-item ee-image-accordion-item-1\">\n\n                  \n       \n\n                    \n                      <div class=\"ee-image-accordion-content-item ee-image-accordion-title\" >Mr Petter Jakobsson<\/div>\n          \n                      <div class=\"ee-image-accordion-content-item ee-image-accordion-desc\"  >CEO<\/div>\n          \n      \n                    <img loading=\"lazy\" decoding=\"async\" class=\"breakdance-image-object\" src=\"https:\/\/boomr.se\/wp-content\/uploads\/2025\/08\/boomr-personal-12.webp\" width=\"1500\" height=\"1999\" srcset=\"https:\/\/boomr.se\/wp-content\/uploads\/2025\/08\/boomr-personal-12.webp 1500w, https:\/\/boomr.se\/wp-content\/uploads\/2025\/08\/boomr-personal-12-225x300.webp 225w, https:\/\/boomr.se\/wp-content\/uploads\/2025\/08\/boomr-personal-12-768x1023.webp 768w, https:\/\/boomr.se\/wp-content\/uploads\/2025\/08\/boomr-personal-12-1153x1536.webp 1153w\" sizes=\"auto, (max-width: 1500px) 100vw, 1500px\" alt=\"CEO of Boomr Group - Petter Jakobsson\">\n        \n    <\/div>\n\n  \n    \n    <div class=\"ee-image-accordion-item ee-image-accordion-item-2\">\n\n                  \n       \n\n                    \n                      <div class=\"ee-image-accordion-content-item ee-image-accordion-title\" >Alexander Olsson<\/div>\n          \n                      <div class=\"ee-image-accordion-content-item ee-image-accordion-desc\"  >COO<\/div>\n          \n      \n                    <img loading=\"lazy\" decoding=\"async\" class=\"breakdance-image-object\" src=\"https:\/\/boomr.se\/wp-content\/uploads\/2025\/10\/alexander5-1.png\" width=\"240\" height=\"320\" srcset=\"https:\/\/boomr.se\/wp-content\/uploads\/2025\/10\/alexander5-1.png 240w, https:\/\/boomr.se\/wp-content\/uploads\/2025\/10\/alexander5-1-225x300.png 225w, https:\/\/boomr.se\/wp-content\/uploads\/2025\/10\/alexander5-1-9x12.png 9w\" sizes=\"auto, (max-width: 240px) 100vw, 240px\">\n        \n    <\/div>\n\n  <\/div><div id=\"bilderstorlek\" class=\"bde-image-accordion-23-203 bde-image-accordion bilderstorlek\">\n\n  \n    \n    <div class=\"ee-image-accordion-item ee-image-accordion-item-1\">\n\n                  \n       \n\n                    \n                      <div class=\"ee-image-accordion-content-item ee-image-accordion-title\" >Mr Joakim Karlefeldt<\/div>\n          \n                      <div class=\"ee-image-accordion-content-item ee-image-accordion-desc\"  >Head of Sales<\/div>\n          \n      \n                    <img loading=\"lazy\" decoding=\"async\" class=\"breakdance-image-object\" src=\"https:\/\/boomr.se\/wp-content\/uploads\/2025\/05\/boomr-personal-5.webp\" width=\"1500\" height=\"1999\" srcset=\"https:\/\/boomr.se\/wp-content\/uploads\/2025\/05\/boomr-personal-5.webp 1500w, https:\/\/boomr.se\/wp-content\/uploads\/2025\/05\/boomr-personal-5-225x300.webp 225w, https:\/\/boomr.se\/wp-content\/uploads\/2025\/05\/boomr-personal-5-768x1023.webp 768w, https:\/\/boomr.se\/wp-content\/uploads\/2025\/05\/boomr-personal-5-1153x1536.webp 1153w\" sizes=\"auto, (max-width: 1500px) 100vw, 1500px\">\n        \n    <\/div>\n\n  \n    \n    <div class=\"ee-image-accordion-item ee-image-accordion-item-2\">\n\n                  \n       \n\n                    \n                      <div class=\"ee-image-accordion-content-item ee-image-accordion-title\" >Filip Lundeborg<\/div>\n          \n                      <div class=\"ee-image-accordion-content-item ee-image-accordion-desc\"  >Head of Retention<\/div>\n          \n      \n                    <img loading=\"lazy\" decoding=\"async\" class=\"breakdance-image-object\" src=\"https:\/\/boomr.se\/wp-content\/uploads\/2025\/05\/filip-1.webp\" width=\"1500\" height=\"1999\" srcset=\"https:\/\/boomr.se\/wp-content\/uploads\/2025\/05\/filip-1.webp 1500w, https:\/\/boomr.se\/wp-content\/uploads\/2025\/05\/filip-1-225x300.webp 225w, https:\/\/boomr.se\/wp-content\/uploads\/2025\/05\/filip-1-768x1023.webp 768w, https:\/\/boomr.se\/wp-content\/uploads\/2025\/05\/filip-1-1153x1536.webp 1153w\" sizes=\"auto, (max-width: 1500px) 100vw, 1500px\">\n        \n    <\/div>\n\n  <\/div><div class=\"bde-image-accordion-23-184 bde-image-accordion bilderstorlek\">\n\n  \n    \n    <div class=\"ee-image-accordion-item ee-image-accordion-item-1\">\n\n                  \n       \n\n                    \n                      <div class=\"ee-image-accordion-content-item ee-image-accordion-title\" >Felicia Tillander<\/div>\n          \n                      <div class=\"ee-image-accordion-content-item ee-image-accordion-desc\"  >Head of Customer Success<\/div>\n          \n      \n                    <img loading=\"lazy\" decoding=\"async\" class=\"breakdance-image-object\" src=\"https:\/\/boomr.se\/wp-content\/uploads\/2026\/02\/felicianyhemsida.png\" width=\"800\" height=\"1000\" srcset=\"https:\/\/boomr.se\/wp-content\/uploads\/2026\/02\/felicianyhemsida.png 800w, https:\/\/boomr.se\/wp-content\/uploads\/2026\/02\/felicianyhemsida-240x300.png 240w, https:\/\/boomr.se\/wp-content\/uploads\/2026\/02\/felicianyhemsida-768x960.png 768w, https:\/\/boomr.se\/wp-content\/uploads\/2026\/02\/felicianyhemsida-10x12.png 10w\" sizes=\"auto, (max-width: 800px) 100vw, 800px\">\n        \n    <\/div>\n\n  \n    \n    <div class=\"ee-image-accordion-item ee-image-accordion-item-2\">\n\n                  \n       \n\n                    \n                      <div class=\"ee-image-accordion-content-item ee-image-accordion-title\" >Cristina Vasilescu<\/div>\n          \n                      <div class=\"ee-image-accordion-content-item ee-image-accordion-desc\"  >Head of Backoffice<\/div>\n          \n      \n                    <img loading=\"lazy\" decoding=\"async\" class=\"breakdance-image-object\" src=\"https:\/\/boomr.se\/wp-content\/uploads\/2025\/05\/boomr-personal-6.webp\" width=\"1499\" height=\"2000\" srcset=\"https:\/\/boomr.se\/wp-content\/uploads\/2025\/05\/boomr-personal-6.webp 1499w, https:\/\/boomr.se\/wp-content\/uploads\/2025\/05\/boomr-personal-6-225x300.webp 225w, https:\/\/boomr.se\/wp-content\/uploads\/2025\/05\/boomr-personal-6-767x1024.webp 767w, https:\/\/boomr.se\/wp-content\/uploads\/2025\/05\/boomr-personal-6-768x1025.webp 768w, https:\/\/boomr.se\/wp-content\/uploads\/2025\/05\/boomr-personal-6-1151x1536.webp 1151w\" sizes=\"auto, (max-width: 1499px) 100vw, 1499px\">\n        \n    <\/div>\n\n  <\/div><div class=\"bde-image-accordion-23-204 bde-image-accordion bilderstorlek\">\n\n  \n    \n    <div class=\"ee-image-accordion-item ee-image-accordion-item-1\">\n\n                            \n            \n            \n\n    \n    \n    \n    \n    \n    <a class=\"breakdance-link ee-image-accordion-link\" href=\"https:\/\/patrickpetcu.com\" target=\"_blank\" data-type=\"url\" aria-label=\"Mr Patrick Petcu\"  rel=\"noopener noreferrer nofollow\">\n    <\/a>\n\n            \n       \n\n                    \n                      <div class=\"ee-image-accordion-content-item ee-image-accordion-title\" >Mr Patrick Petcu<\/div>\n          \n                      <div class=\"ee-image-accordion-content-item ee-image-accordion-desc\"  >Head of Marketing<\/div>\n          \n      \n                    <img loading=\"lazy\" decoding=\"async\" class=\"breakdance-image-object\" src=\"https:\/\/boomr.se\/wp-content\/uploads\/2025\/11\/navykostym.png\" width=\"1200\" height=\"1800\" srcset=\"https:\/\/boomr.se\/wp-content\/uploads\/2025\/11\/navykostym.png 1200w, https:\/\/boomr.se\/wp-content\/uploads\/2025\/11\/navykostym-200x300.png 200w, https:\/\/boomr.se\/wp-content\/uploads\/2025\/11\/navykostym-683x1024.png 683w, https:\/\/boomr.se\/wp-content\/uploads\/2025\/11\/navykostym-768x1152.png 768w, https:\/\/boomr.se\/wp-content\/uploads\/2025\/11\/navykostym-1024x1536.png 1024w, https:\/\/boomr.se\/wp-content\/uploads\/2025\/11\/navykostym-8x12.png 8w\" sizes=\"auto, (max-width: 1200px) 100vw, 1200px\">\n        \n    <\/div>\n\n  \n    \n    <div class=\"ee-image-accordion-item ee-image-accordion-item-2\">\n\n                  \n       \n\n                    \n                      <div class=\"ee-image-accordion-content-item ee-image-accordion-title\" >Ioana Neldefors<\/div>\n          \n                      <div class=\"ee-image-accordion-content-item ee-image-accordion-desc\"  >Head of Finance<\/div>\n          \n      \n                    <img loading=\"lazy\" decoding=\"async\" class=\"breakdance-image-object\" src=\"https:\/\/boomr.se\/wp-content\/uploads\/2025\/11\/ioana2.png\" width=\"240\" height=\"320\" srcset=\"https:\/\/boomr.se\/wp-content\/uploads\/2025\/11\/ioana2.png 240w, https:\/\/boomr.se\/wp-content\/uploads\/2025\/11\/ioana2-225x300.png 225w, https:\/\/boomr.se\/wp-content\/uploads\/2025\/11\/ioana2-9x12.png 9w\" sizes=\"auto, (max-width: 240px) 100vw, 240px\">\n        \n    <\/div>\n\n  <\/div><\/div>\n<\/section><section class=\"bde-section-23-133 bde-section\">\n  \n  \n\t\n\n\n\n<div class=\"section-container\"><div class=\"bde-columns-23-134 bde-columns\"><div class=\"bde-column-23-135 bde-column\">\n  \n  \n\t\n\n\n\n<div class=\"bde-image-23-137 bde-image\">\n<figure class=\"breakdance-image breakdance-image--37\">\n\t<div class=\"breakdance-image-container\">\n\t\t<div class=\"breakdance-image-clip\"><img loading=\"lazy\" decoding=\"async\" class=\"breakdance-image-object\" src=\"https:\/\/breakdancelibrary.com\/architecture\/wp-content\/uploads\/sites\/13\/2022\/10\/modern-architecture6_about-us_pyramid.jpg\" width=\"577\" height=\"595\" srcset=\"https:\/\/breakdancelibrary.com\/architecture\/wp-content\/uploads\/sites\/13\/2022\/10\/modern-architecture6_about-us_pyramid.jpg 577w, https:\/\/breakdancelibrary.com\/architecture\/wp-content\/uploads\/sites\/13\/2022\/10\/modern-architecture6_about-us_pyramid-291x300.jpg 291w\" sizes=\"auto, (max-width: 577px) 100vw, 577px\"><\/div>\n\t<\/div><\/figure>\n\n<\/div>\n<\/div><div class=\"bde-column-23-136 bde-column\">\n  \n  \n\t\n\n\n\n<h2 class=\"bde-heading-23-139 bde-heading\">\nBoomr makes your business easier\n<\/h2><div class=\"bde-div-23-140 bde-div\">\n  \n  \n\t\n\n\n\n<div class=\"bde-simple-counter-23-141 bde-simple-counter\">\n<div class=\"bde-simple-counter__wrapper\">\n  <p class=\"bde-simple-counter__number bde-h6\">\n    <span class=\"bde-simple-counter__prefix\">+<\/span>\n    <span class=\"bde-simple-counter__digit js-digit\"><\/span>\n    <span class=\"bde-simple-counter__suffix\"><\/span>\n  <\/p>\n    \t<div class=\"bde-simple-counter__title\" >Customers<\/div>\n  <\/div>\n\n<\/div><div class=\"bde-simple-counter-23-142 bde-simple-counter\">\n<div class=\"bde-simple-counter__wrapper\">\n  <p class=\"bde-simple-counter__number bde-h6\">\n    <span class=\"bde-simple-counter__prefix\">+<\/span>\n    <span class=\"bde-simple-counter__digit js-digit\"><\/span>\n    <span class=\"bde-simple-counter__suffix\"><\/span>\n  <\/p>\n    \t<div class=\"bde-simple-counter__title\" >Employees<\/div>\n  <\/div>\n\n<\/div><div class=\"bde-simple-counter-23-143 bde-simple-counter\">\n<div class=\"bde-simple-counter__wrapper\">\n  <p class=\"bde-simple-counter__number bde-h6\">\n    <span class=\"bde-simple-counter__prefix\"><\/span>\n    <span class=\"bde-simple-counter__digit js-digit\"><\/span>\n    <span class=\"bde-simple-counter__suffix\"><\/span>\n  <\/p>\n    \t<div class=\"bde-simple-counter__title\" >Office<\/div>\n  <\/div>\n\n<\/div>\n<\/div>\n<\/div><\/div><\/div>\n<\/section><section class=\"bde-section-23-151 bde-section\">\n  \n  \n\t\n\n\n\n<div class=\"section-container\"><\/div>\n<\/section>","protected":false},"excerpt":{"rendered":"<p>About us Boomr has a long history of providing simple, yet smart services that simplify and provide peace of mind for businesses. Our digital platform removes administrative and repetitive tasks and automates many parts of your company's projects and finances. Always at a fixed monthly cost so you don't have to worry about runaway costs. Business idea As an entrepreneur, you face [...]<\/p>","protected":false},"author":1,"featured_media":0,"parent":0,"menu_order":0,"comment_status":"closed","ping_status":"closed","template":"","meta":{"_breakdance_hide_in_design_set":false,"_breakdance_tags":"","footnotes":""},"class_list":["post-23","page","type-page","status-publish","hentry"],"yoast_head":"<!-- This site is optimized with the Yoast SEO Premium plugin v26.3 (Yoast SEO v26.3) - https:\/\/yoast.com\/wordpress\/plugins\/seo\/ -->\n<title>Om Boomr \u2013 Sveriges snabbast v\u00e4xande k\u00f6rjournalsleverant\u00f6r<\/title>\n<meta name=\"description\" content=\"L\u00e4r k\u00e4nna Boomr \u2013 vi utvecklar digitala verktyg f\u00f6r k\u00f6rjournal, avtal och signering. Kundn\u00e4ra, innovativa och svenskutvecklade l\u00f6sningar.\" \/>\n<meta name=\"robots\" content=\"index, follow, max-snippet:-1, max-image-preview:large, max-video-preview:-1\" \/>\n<link rel=\"canonical\" href=\"https:\/\/boomr.se\/en\/about-us\/\" \/>\n<meta property=\"og:locale\" content=\"en_GB\" \/>\n<meta property=\"og:type\" content=\"article\" \/>\n<meta property=\"og:title\" content=\"Om oss\" \/>\n<meta property=\"og:description\" content=\"L\u00e4r k\u00e4nna Boomr \u2013 vi utvecklar digitala verktyg f\u00f6r k\u00f6rjournal, avtal och signering. Kundn\u00e4ra, innovativa och svenskutvecklade l\u00f6sningar.\" \/>\n<meta property=\"og:url\" content=\"https:\/\/boomr.se\/en\/about-us\/\" \/>\n<meta property=\"og:site_name\" content=\"Boomr Group\" \/>\n<meta property=\"article:modified_time\" content=\"2026-03-29T21:59:53+00:00\" \/>\n<meta name=\"twitter:card\" content=\"summary_large_image\" \/>\n<script type=\"application\/ld+json\" class=\"yoast-schema-graph\">{\"@context\":\"https:\/\/schema.org\",\"@graph\":[{\"@type\":\"WebPage\",\"@id\":\"https:\/\/boomr.se\/om-oss\/\",\"url\":\"https:\/\/boomr.se\/om-oss\/\",\"name\":\"Om Boomr \u2013 Sveriges snabbast v\u00e4xande k\u00f6rjournalsleverant\u00f6r\",\"isPartOf\":{\"@id\":\"https:\/\/boomr.se\/#website\"},\"datePublished\":\"2025-03-14T21:04:28+00:00\",\"dateModified\":\"2026-03-29T21:59:53+00:00\",\"description\":\"L\u00e4r k\u00e4nna Boomr \u2013 vi utvecklar digitala verktyg f\u00f6r k\u00f6rjournal, avtal och signering. Kundn\u00e4ra, innovativa och svenskutvecklade l\u00f6sningar.\",\"breadcrumb\":{\"@id\":\"https:\/\/boomr.se\/om-oss\/#breadcrumb\"},\"inLanguage\":\"en-GB\",\"potentialAction\":[{\"@type\":\"ReadAction\",\"target\":[\"https:\/\/boomr.se\/om-oss\/\"]}]},{\"@type\":\"BreadcrumbList\",\"@id\":\"https:\/\/boomr.se\/om-oss\/#breadcrumb\",\"itemListElement\":[{\"@type\":\"ListItem\",\"position\":1,\"name\":\"Home\",\"item\":\"https:\/\/boomr.se\/\"},{\"@type\":\"ListItem\",\"position\":2,\"name\":\"Om oss\"}]},{\"@type\":\"WebSite\",\"@id\":\"https:\/\/boomr.se\/#website\",\"url\":\"https:\/\/boomr.se\/\",\"name\":\"Boomr Group\",\"description\":\"Vi digitaliserar f\u00f6retagandet\",\"potentialAction\":[{\"@type\":\"SearchAction\",\"target\":{\"@type\":\"EntryPoint\",\"urlTemplate\":\"https:\/\/boomr.se\/?s={search_term_string}\"},\"query-input\":{\"@type\":\"PropertyValueSpecification\",\"valueRequired\":true,\"valueName\":\"search_term_string\"}}],\"inLanguage\":\"en-GB\"}]}<\/script>\n<!-- \/ Yoast SEO Premium plugin. -->","yoast_head_json":{"title":"About Boomr - Sweden's fastest growing logbook provider","description":"Get to know Boomr - we develop digital tools for driving logs, contracts and signing. Customer-orientated, innovative and Swedish-developed solutions.","robots":{"index":"index","follow":"follow","max-snippet":"max-snippet:-1","max-image-preview":"max-image-preview:large","max-video-preview":"max-video-preview:-1"},"canonical":"https:\/\/boomr.se\/en\/about-us\/","og_locale":"en_GB","og_type":"article","og_title":"Om oss","og_description":"L\u00e4r k\u00e4nna Boomr \u2013 vi utvecklar digitala verktyg f\u00f6r k\u00f6rjournal, avtal och signering. Kundn\u00e4ra, innovativa och svenskutvecklade l\u00f6sningar.","og_url":"https:\/\/boomr.se\/en\/about-us\/","og_site_name":"Boomr Group","article_modified_time":"2026-03-29T21:59:53+00:00","twitter_card":"summary_large_image","schema":{"@context":"https:\/\/schema.org","@graph":[{"@type":"WebPage","@id":"https:\/\/boomr.se\/om-oss\/","url":"https:\/\/boomr.se\/om-oss\/","name":"About Boomr - Sweden's fastest growing logbook provider","isPartOf":{"@id":"https:\/\/boomr.se\/#website"},"datePublished":"2025-03-14T21:04:28+00:00","dateModified":"2026-03-29T21:59:53+00:00","description":"Get to know Boomr - we develop digital tools for driving logs, contracts and signing. Customer-orientated, innovative and Swedish-developed solutions.","breadcrumb":{"@id":"https:\/\/boomr.se\/om-oss\/#breadcrumb"},"inLanguage":"en-GB","potentialAction":[{"@type":"ReadAction","target":["https:\/\/boomr.se\/om-oss\/"]}]},{"@type":"BreadcrumbList","@id":"https:\/\/boomr.se\/om-oss\/#breadcrumb","itemListElement":[{"@type":"ListItem","position":1,"name":"Home","item":"https:\/\/boomr.se\/"},{"@type":"ListItem","position":2,"name":"Om oss"}]},{"@type":"WebSite","@id":"https:\/\/boomr.se\/#website","url":"https:\/\/boomr.se\/","name":"Boomr Group","description":"We digitise entrepreneurship","potentialAction":[{"@type":"SearchAction","target":{"@type":"EntryPoint","urlTemplate":"https:\/\/boomr.se\/?s={search_term_string}"},"query-input":{"@type":"PropertyValueSpecification","valueRequired":true,"valueName":"search_term_string"}}],"inLanguage":"en-GB"}]}},"_links":{"self":[{"href":"https:\/\/boomr.se\/en\/wp-json\/wp\/v2\/pages\/23","targetHints":{"allow":["GET"]}}],"collection":[{"href":"https:\/\/boomr.se\/en\/wp-json\/wp\/v2\/pages"}],"about":[{"href":"https:\/\/boomr.se\/en\/wp-json\/wp\/v2\/types\/page"}],"author":[{"embeddable":true,"href":"https:\/\/boomr.se\/en\/wp-json\/wp\/v2\/users\/1"}],"replies":[{"embeddable":true,"href":"https:\/\/boomr.se\/en\/wp-json\/wp\/v2\/comments?post=23"}],"version-history":[{"count":111,"href":"https:\/\/boomr.se\/en\/wp-json\/wp\/v2\/pages\/23\/revisions"}],"predecessor-version":[{"id":46560,"href":"https:\/\/boomr.se\/en\/wp-json\/wp\/v2\/pages\/23\/revisions\/46560"}],"wp:attachment":[{"href":"https:\/\/boomr.se\/en\/wp-json\/wp\/v2\/media?parent=23"}],"curies":[{"name":"wp","href":"https:\/\/api.w.org\/{rel}","templated":true}]}}