{"id":14,"date":"2025-03-14T21:04:25","date_gmt":"2025-03-14T21:04:25","guid":{"rendered":"https:\/\/boomr.se\/?page_id=14"},"modified":"2026-02-16T11:40:14","modified_gmt":"2026-02-16T10:40:14","slug":"contact","status":"publish","type":"page","link":"https:\/\/boomr.se\/en\/contact\/","title":{"rendered":"Contact us"},"content":{"rendered":"<section class=\"bde-section-14-124 bde-section\">\n  \n  \n\t\n\n\n\n<div class=\"section-container\"><div class=\"bde-div-14-125 bde-div\">\n  \n  \n\t\n\n\n\n<h2 class=\"bde-heading-14-126 bde-heading\">\nDo you want to contact us?\n<\/h2><div class=\"bde-text-14-127 bde-text\">\nYou are always welcome to contact us if you have any questions or concerns, or if you would like to receive a demo of our services. Fill in the form to be contacted by us. Welcome to us at Boomr Group!<br>\n<\/div><div class=\"bde-form-builder-14-128 bde-form-builder\">\n\n\n<form id=\"kontaktformular128\" class=\"breakdance-form breakdance-form--vertical\" data-options=\"{&quot;slug&quot;:&quot;custom&quot;,&quot;name&quot;:&quot;Kontaktformul\\u00e4r&quot;,&quot;ajaxUrl&quot;:&quot;https:\\\/\\\/boomr.se\\\/wp-admin\\\/admin-ajax.php&quot;,&quot;clearOnSuccess&quot;:true,&quot;hideOnSuccess&quot;:false,&quot;successMessage&quot;:&quot;Ditt meddelande har skickats!&quot;,&quot;errorMessage&quot;:&quot;N\\u00e5got gick fel.&quot;,&quot;redirect&quot;:false,&quot;redirectUrl&quot;:&quot;&quot;,&quot;customJavaScript&quot;:&quot;&quot;,&quot;recaptcha&quot;:{&quot;key&quot;:&quot;6Lca3REsAAAAAOTPCHkgABVOBvb_om8eFavXoQ0t&quot;,&quot;enabled&quot;:true},&quot;honeypot_enabled&quot;:true,&quot;popupsOnSuccess&quot;:[],&quot;popupsOnError&quot;:[]}\" data-steps=\"0\" action=\"\" >\n  \n  \n  \n<div class=\"breakdance-form-field breakdance-form-field--text\" >\n    \n    \n            <label class=\"breakdance-form-field__label\" for=\"name\">\n            Name of the organisation<span class=\"breakdance-form-field__required\">*<\/span>\n        <\/label>\n    \n    <input\n    class=\"breakdance-form-field__input\"\n    id=\"name\"\n    aria-describedby=\"name\"\n    type=\"text\"\n    name=\"fields[name]\"\n    placeholder=\"Name of the organisation\"\n    value=\"\"\n                \n        \n        \n    required\n>\n\n\n    \n    \n<\/div>\n\n\n<div class=\"breakdance-form-field breakdance-form-field--email\" >\n    \n    \n            <label class=\"breakdance-form-field__label\" for=\"email\">\n            Mail<span class=\"breakdance-form-field__required\">*<\/span>\n        <\/label>\n    \n    <input\n    class=\"breakdance-form-field__input\"\n    id=\"email\"\n    aria-describedby=\"email\"\n    type=\"email\"\n    name=\"fields[email]\"\n    placeholder=\"Mail\"\n    value=\"\"\n                \n        \n        \n    required\n>\n\n\n    \n    \n<\/div>\n\n\n<div class=\"breakdance-form-field breakdance-form-field--tel\" >\n    \n    \n            <label class=\"breakdance-form-field__label\" for=\"oywjne\">\n            Telephone number<span class=\"breakdance-form-field__required\">*<\/span>\n        <\/label>\n    \n    <input\n    class=\"breakdance-form-field__input\"\n    id=\"oywjne\"\n    aria-describedby=\"oywjne\"\n    type=\"tel\"\n    name=\"fields[oywjne]\"\n    placeholder=\"Telephone number\"\n    value=\"\"\n                \n        \n        \n    required\n>\n\n\n    \n    \n<\/div>\n\n\n<div class=\"breakdance-form-field breakdance-form-field--select\" >\n    \n    \n            <label class=\"breakdance-form-field__label\" for=\"crmbsf\">\n            Service\n        <\/label>\n    \n    <select\n    class=\"breakdance-form-field__input\"\n    id=\"crmbsf\"\n    name=\"fields[crmbsf]\"\n    \n    \n        >\n      <option value=\"\">Service<\/option>\n          <option value=\"Allm\u00e4nt\" >General<\/option>\n        <option value=\"Boomr Fleet\" >Boomr Fleet<\/option>\n        <option value=\"Boomr Contract\" >Boomr Contract<\/option>\n        <option value=\"Boomr Project\" >Boomr Project<\/option>\n        <option value=\"Boomr Sign\" >Boomr Sign<\/option>\n  <\/select>\n\n\n    \n    \n<\/div>\n\n\n<div class=\"breakdance-form-field breakdance-form-field--textarea\" >\n    \n    \n            <label class=\"breakdance-form-field__label\" for=\"message\">\n            Notification<span class=\"breakdance-form-field__required\">*<\/span>\n        <\/label>\n    \n    <textarea\n    class=\"breakdance-form-field__input\"\n    id=\"message\"\n    aria-describedby=\"message\"\n    type=\"textarea\"\n    name=\"fields[message]\"\n        rows=\"6\"\n        placeholder=\"Notification\"\n    required\n>\n<\/textarea>\n\n\n    \n    \n<\/div>\n\n\n<div class=\"breakdance-form-field breakdance-form-field--hpinput\" >\n    \n    \n            <label class=\"breakdance-form-field__label\" for=\"hpname\">\n            HP Name\n        <\/label>\n    \n    <input\n    class=\"breakdance-form-field__input\"\n    id=\"hpname\"\n    aria-describedby=\"hpname\"\n    type=\"hpinput\"\n    name=\"fields[hpname]\"\n    placeholder=\"\"\n    value=\"\"\n                \n        \n        \n    \n    autocomplete=\"off\"\n    tabindex=\"-1\"\n    \n>\n\n\n    \n    \n<\/div>\n\n\n  \n\n<div class=\"breakdance-form-field breakdance-form-footer\">\n    \n    \n                                    \n    \n    \n    \n    \n            \n            <button type=\"submit\" class=\"button-atom button-atom--primary breakdance-form-button breakdance-form-button__submit\"  >\n    \n        <span class=\"button-atom__text\">Submit<\/span>\n\n        \n        \n            <\/button>\n    \n    <input type=\"hidden\" name=\"form_id\" value=\"128\">\n    <input type=\"hidden\" name=\"post_id\" value=\"14\">\n<\/div>\n\n  \n<input type=\"hidden\" name=\"trp-form-language\" value=\"en\"\/><\/form>\n\n\n\n<\/div>\n<\/div><\/div>\n<\/section><section class=\"bde-section-14-133 bde-section\">\n  \n  \n\t\n\n\n\n<div class=\"section-container\"><div class=\"bde-columns-14-134 bde-columns\"><div class=\"bde-column-14-135 bde-column\">\n  \n  \n\t\n\n\n\n<div class=\"bde-icon-14-136 bde-icon\">\n\n    \n            <div class=\"bde-icon-icon breakdance-icon-atom\" >\n    \n                    <svg xmlns=\"http:\/\/www.w3.org\/2000\/svg\" width=\"24\" height=\"24\" fill-rule=\"evenodd\" clip-rule=\"evenodd\"><path d=\"M16 7h8v17h-24v-24h16v7zm-9 12h-2v4h2v-4zm4 0h-2v4h2v-4zm7 0h-2v4h2v-4zm4-10h-6v8h4v5h2v-13zm-8-7h-12v20h1v-5h10v5h1v-20zm-8 13h-2v-2h2v2zm3 0h-2v-2h2v2zm3 0h-2v-2h2v2zm8-2v2h-2v-2h2zm-14-1h-2v-2h2v2zm3 0h-2v-2h2v2zm3 0h-2v-2h2v2zm6-2h2v2h-2v-2zm-12-1h-2v-2h2v2zm3 0h-2v-2h2v2zm3 0h-2v-2h2v2zm-6-3h-2v-2h2v2zm3 0h-2v-2h2v2zm3 0h-2v-2h2v2z\"\/><\/svg>\n        \n        \n        \n            <\/div>\n    \n\n\n<\/div><div class=\"bde-text-14-137 bde-text\">\nEngelbrektsgatan 71,<br>412 52 G\u00f6teborg\n<\/div>\n<\/div><div class=\"bde-column-14-138 bde-column\">\n  \n  \n\t\n\n\n\n<div class=\"bde-icon-14-139 bde-icon\">\n\n    \n            <div class=\"bde-icon-icon breakdance-icon-atom\" >\n    \n                    <svg xmlns=\"http:\/\/www.w3.org\/2000\/svg\" width=\"24\" height=\"24\" viewbox=\"0 0 24 24\"><path d=\"M9.762 1.322l2.843-1.322 4.041 7.89-2.725 1.341c-.537 1.259 2.159 6.289 3.297 6.372.09-.058 2.672-1.328 2.672-1.328l4.11 7.933s-2.764 1.354-2.854 1.396c-7.861 3.59-19.101-18.259-11.384-22.282zm1.929 1.274l-1.023.504c-5.293 2.762 4.178 21.185 9.648 18.686l.972-.474-2.271-4.383-1.026.5c-3.163 1.547-8.262-8.219-5.055-9.938l1.007-.497-2.252-4.398zm-.759 18.382c-1.474 1.442-3.914 1.708-4.604.522-.47-.809-.311-1.728-.127-2.793.201-1.161.429-2.478-.295-3.71-1.219-2.077-3.897-1.983-5.906-.671l.956 1.463c.829-.542 1.784-.775 2.493-.609 1.653.388 1.151 2.526 1.03 3.229-.212 1.223-.45 2.61.337 3.968 1.331 2.294 5.054 2.047 7.29-.091-.397-.407-.789-.84-1.174-1.308z\"\/><\/svg>\n        \n        \n        \n            <\/div>\n    \n\n\n<\/div><a class=\"bde-text-link-14-143 bde-text-link breakdance-link\" href=\"tel:0317567900\" target=\"_self\" data-type=\"url\">\n  031-756 79 00\n\n<\/a><a class=\"bde-text-link-14-144 bde-text-link breakdance-link\" href=\"mailto:info@boomr.se\" target=\"_self\" data-type=\"url\">\n  info@boomr.se\n\n<\/a>\n<\/div><div class=\"bde-column-14-141 bde-column\">\n  \n  \n\t\n\n\n\n<div class=\"bde-icon-14-142 bde-icon\">\n\n    \n            <div class=\"bde-icon-icon breakdance-icon-atom\" >\n    \n                    <svg xmlns=\"http:\/\/www.w3.org\/2000\/svg\" viewbox=\"0 0 576 512\"><!--! Font Awesome Free 6.5.1 by @fontawesome - https:\/\/fontawesome.com License - https:\/\/fontawesome.com\/license\/free (Icons: CC BY 4.0, Fonts: SIL OFL 1.1, Code: MIT License) Copyright 2023 Fonticons, Inc. --><path d=\"M408 120c0 54.6-73.1 151.9-105.2 192c-7.7 9.6-22 9.6-29.6 0C241.1 271.9 168 174.6 168 120C168 53.7 221.7 0 288 0s120 53.7 120 120zm8 80.4c3.5-6.9 6.7-13.8 9.6-20.6c.5-1.2 1-2.5 1.5-3.7l116-46.4C558.9 123.4 576 135 576 152V422.8c0 9.8-6 18.6-15.1 22.3L416 503V200.4zM137.6 138.3c2.4 14.1 7.2 28.3 12.8 41.5c2.9 6.8 6.1 13.7 9.6 20.6V451.8L32.9 502.7C17.1 509 0 497.4 0 480.4V209.6c0-9.8 6-18.6 15.1-22.3l122.6-49zM327.8 332c13.9-17.4 35.7-45.7 56.2-77V504.3L192 449.4V255c20.5 31.3 42.3 59.6 56.2 77c20.5 25.6 59.1 25.6 79.6 0zM288 152a40 40 0 1 0 0-80 40 40 0 1 0 0 80z\"\/><\/svg>\n        \n        \n        \n            <\/div>\n    \n\n\n<\/div><div class=\"bde-text-14-140 bde-text\">\nMonday-Thursday: 08-15\n<\/div><div class=\"bde-text-14-145 bde-text\">\nFriday: 08-12\n<\/div>\n<\/div><\/div><\/div>\n<\/section>","protected":false},"excerpt":{"rendered":"<p>Would you like to contact us? You are always welcome to contact us if you have any questions or concerns, or if you would like to receive a demo of our services. Fill in the form to be contacted by us. Welcome to us at Boomr Group! Name* Email* Phone number* Service Service General Boomr Fleet Boomr Contract [...]<\/p>","protected":false},"author":1,"featured_media":0,"parent":0,"menu_order":0,"comment_status":"closed","ping_status":"closed","template":"","meta":{"_breakdance_hide_in_design_set":false,"_breakdance_tags":"","footnotes":""},"class_list":["post-14","page","type-page","status-publish","hentry"],"yoast_head":"<!-- This site is optimized with the Yoast SEO Premium plugin v26.3 (Yoast SEO v26.3) - https:\/\/yoast.com\/wordpress\/plugins\/seo\/ -->\n<title>Kontakta Boomr \u2013 Vi hj\u00e4lper dig komma ig\u00e5ng<\/title>\n<meta name=\"description\" content=\"Kontakta Boomr f\u00f6r fr\u00e5gor om k\u00f6rjournal, avtal eller e-signering. Vi svarar snabbt och hj\u00e4lper dig hitta r\u00e4tt l\u00f6sning f\u00f6r ditt f\u00f6retag.\" \/>\n<meta name=\"robots\" content=\"index, follow, max-snippet:-1, max-image-preview:large, max-video-preview:-1\" \/>\n<link rel=\"canonical\" href=\"https:\/\/boomr.se\/en\/contact\/\" \/>\n<meta property=\"og:locale\" content=\"en_GB\" \/>\n<meta property=\"og:type\" content=\"article\" \/>\n<meta property=\"og:title\" content=\"Kontakt\" \/>\n<meta property=\"og:description\" content=\"Kontakta Boomr f\u00f6r fr\u00e5gor om k\u00f6rjournal, avtal eller e-signering. Vi svarar snabbt och hj\u00e4lper dig hitta r\u00e4tt l\u00f6sning f\u00f6r ditt f\u00f6retag.\" \/>\n<meta property=\"og:url\" content=\"https:\/\/boomr.se\/en\/contact\/\" \/>\n<meta property=\"og:site_name\" content=\"Boomr Group\" \/>\n<meta property=\"article:modified_time\" content=\"2026-02-16T10:40:14+00:00\" \/>\n<meta name=\"twitter:card\" content=\"summary_large_image\" \/>\n<script type=\"application\/ld+json\" class=\"yoast-schema-graph\">{\"@context\":\"https:\/\/schema.org\",\"@graph\":[{\"@type\":\"WebPage\",\"@id\":\"https:\/\/boomr.se\/kontakt\/\",\"url\":\"https:\/\/boomr.se\/kontakt\/\",\"name\":\"Kontakta Boomr \u2013 Vi hj\u00e4lper dig komma ig\u00e5ng\",\"isPartOf\":{\"@id\":\"https:\/\/boomr.se\/#website\"},\"datePublished\":\"2025-03-14T21:04:25+00:00\",\"dateModified\":\"2026-02-16T10:40:14+00:00\",\"description\":\"Kontakta Boomr f\u00f6r fr\u00e5gor om k\u00f6rjournal, avtal eller e-signering. Vi svarar snabbt och hj\u00e4lper dig hitta r\u00e4tt l\u00f6sning f\u00f6r ditt f\u00f6retag.\",\"breadcrumb\":{\"@id\":\"https:\/\/boomr.se\/kontakt\/#breadcrumb\"},\"inLanguage\":\"en-GB\",\"potentialAction\":[{\"@type\":\"ReadAction\",\"target\":[\"https:\/\/boomr.se\/kontakt\/\"]}]},{\"@type\":\"BreadcrumbList\",\"@id\":\"https:\/\/boomr.se\/kontakt\/#breadcrumb\",\"itemListElement\":[{\"@type\":\"ListItem\",\"position\":1,\"name\":\"Home\",\"item\":\"https:\/\/boomr.se\/\"},{\"@type\":\"ListItem\",\"position\":2,\"name\":\"Kontakt\"}]},{\"@type\":\"WebSite\",\"@id\":\"https:\/\/boomr.se\/#website\",\"url\":\"https:\/\/boomr.se\/\",\"name\":\"Boomr Group\",\"description\":\"Vi digitaliserar f\u00f6retagandet\",\"potentialAction\":[{\"@type\":\"SearchAction\",\"target\":{\"@type\":\"EntryPoint\",\"urlTemplate\":\"https:\/\/boomr.se\/?s={search_term_string}\"},\"query-input\":{\"@type\":\"PropertyValueSpecification\",\"valueRequired\":true,\"valueName\":\"search_term_string\"}}],\"inLanguage\":\"en-GB\"}]}<\/script>\n<!-- \/ Yoast SEO Premium plugin. -->","yoast_head_json":{"title":"Contact Boomr - We help you get started","description":"Contact Boomr for questions about logbooks, contracts or e-signatures. We'll respond quickly and help you find the right solution for your business.","robots":{"index":"index","follow":"follow","max-snippet":"max-snippet:-1","max-image-preview":"max-image-preview:large","max-video-preview":"max-video-preview:-1"},"canonical":"https:\/\/boomr.se\/en\/contact\/","og_locale":"en_GB","og_type":"article","og_title":"Kontakt","og_description":"Kontakta Boomr f\u00f6r fr\u00e5gor om k\u00f6rjournal, avtal eller e-signering. Vi svarar snabbt och hj\u00e4lper dig hitta r\u00e4tt l\u00f6sning f\u00f6r ditt f\u00f6retag.","og_url":"https:\/\/boomr.se\/en\/contact\/","og_site_name":"Boomr Group","article_modified_time":"2026-02-16T10:40:14+00:00","twitter_card":"summary_large_image","schema":{"@context":"https:\/\/schema.org","@graph":[{"@type":"WebPage","@id":"https:\/\/boomr.se\/kontakt\/","url":"https:\/\/boomr.se\/kontakt\/","name":"Contact Boomr - We help you get started","isPartOf":{"@id":"https:\/\/boomr.se\/#website"},"datePublished":"2025-03-14T21:04:25+00:00","dateModified":"2026-02-16T10:40:14+00:00","description":"Contact Boomr for questions about logbooks, contracts or e-signatures. We'll respond quickly and help you find the right solution for your business.","breadcrumb":{"@id":"https:\/\/boomr.se\/kontakt\/#breadcrumb"},"inLanguage":"en-GB","potentialAction":[{"@type":"ReadAction","target":["https:\/\/boomr.se\/kontakt\/"]}]},{"@type":"BreadcrumbList","@id":"https:\/\/boomr.se\/kontakt\/#breadcrumb","itemListElement":[{"@type":"ListItem","position":1,"name":"Home","item":"https:\/\/boomr.se\/"},{"@type":"ListItem","position":2,"name":"Kontakt"}]},{"@type":"WebSite","@id":"https:\/\/boomr.se\/#website","url":"https:\/\/boomr.se\/","name":"Boomr Group","description":"We digitise entrepreneurship","potentialAction":[{"@type":"SearchAction","target":{"@type":"EntryPoint","urlTemplate":"https:\/\/boomr.se\/?s={search_term_string}"},"query-input":{"@type":"PropertyValueSpecification","valueRequired":true,"valueName":"search_term_string"}}],"inLanguage":"en-GB"}]}},"_links":{"self":[{"href":"https:\/\/boomr.se\/en\/wp-json\/wp\/v2\/pages\/14","targetHints":{"allow":["GET"]}}],"collection":[{"href":"https:\/\/boomr.se\/en\/wp-json\/wp\/v2\/pages"}],"about":[{"href":"https:\/\/boomr.se\/en\/wp-json\/wp\/v2\/types\/page"}],"author":[{"embeddable":true,"href":"https:\/\/boomr.se\/en\/wp-json\/wp\/v2\/users\/1"}],"replies":[{"embeddable":true,"href":"https:\/\/boomr.se\/en\/wp-json\/wp\/v2\/comments?post=14"}],"version-history":[{"count":49,"href":"https:\/\/boomr.se\/en\/wp-json\/wp\/v2\/pages\/14\/revisions"}],"predecessor-version":[{"id":46430,"href":"https:\/\/boomr.se\/en\/wp-json\/wp\/v2\/pages\/14\/revisions\/46430"}],"wp:attachment":[{"href":"https:\/\/boomr.se\/en\/wp-json\/wp\/v2\/media?parent=14"}],"curies":[{"name":"wp","href":"https:\/\/api.w.org\/{rel}","templated":true}]}}