{"id":1342,"date":"2025-05-27T08:33:40","date_gmt":"2025-05-27T07:33:40","guid":{"rendered":"https:\/\/boomr.se\/?page_id=1342"},"modified":"2025-11-10T10:53:57","modified_gmt":"2025-11-10T09:53:57","slug":"interior-decorator","status":"publish","type":"page","link":"https:\/\/boomr.se\/en\/career\/interior-decorator\/","title":{"rendered":"Inside sales"},"content":{"rendered":"<section class=\"bde-section-1342-100 bde-section bde-preset-1d68a3a3-f3f4-4bc5-b2dd-28866d8cd5eb\">\n              \n  \n  \n\t\n\n  <div class=\"section-background-overlay\"><\/div>\n\n\n<div class=\"section-container\"><div class=\"bde-columns-1342-101 bde-columns\"><div class=\"bde-column-1342-102 bde-column\">\n  \n  \n\t\n\n\n\n<h1 class=\"bde-heading-1342-103 bde-heading\">\nInside sales for Boomr Group- Join our growing team in Gothenburg!\n<\/h1><p class=\"bde-text-1342-104 bde-text\">\nAre you a communicative person with an eye for business? Do you want to work in a company where your contribution really makes a difference? Then you could be the one we are looking for!\n<\/p><div class=\"bde-button-1342-127 bde-button\">\n    \n                                    \n    \n    \n    \n    \n            \n                    \n            \n            \n\n    \n    \n    \n    \n    \n    <a class=\"breakdance-link button-atom button-atom--primary bde-button__button\" href=\"mailto:petter@boomr.se\" target=\"_self\" data-type=\"url\"  >\n\n    \n        <span class=\"button-atom__text\">Apply for a job!<\/span>\n\n        \n        \n                <\/a>\n\n    \n\n\n<\/div>\n<\/div><div class=\"bde-column-1342-106 bde-column\">\n  \n  \n\t\n\n\n\n<img decoding=\"async\" class=\"bde-image2-1342-107 bde-image2\" src=\"https:\/\/boomr.se\/wp-content\/uploads\/2025\/05\/Boomr_id-bevaraken_privat_image3-768x582.webp\" loading=\"lazy\" srcset=\"https:\/\/boomr.se\/wp-content\/uploads\/2025\/05\/Boomr_id-bevaraken_privat_image3.webp 924w, https:\/\/boomr.se\/wp-content\/uploads\/2025\/05\/Boomr_id-bevaraken_privat_image3-300x227.webp 300w, https:\/\/boomr.se\/wp-content\/uploads\/2025\/05\/Boomr_id-bevaraken_privat_image3-768x582.webp 768w\" sizes=\"(max-width: 924px) 100vw, 924px\" data-entrance=\"slideRight\">\n<\/div><\/div><\/div>\n<\/section><section class=\"bde-section-1342-108 bde-section\">\n  \n  \n\t\n\n\n\n<div class=\"section-container\"><h2 class=\"bde-heading-1342-109 bde-heading\">\nAbout the job\n<\/h2><div class=\"bde-text-1342-117 bde-text\">\nAre you a communicative person with an eye for business? Do you want to work in a company where your contribution really makes a difference? Then you could be the one we are looking for!<br>\n<\/div><\/div>\n<\/section><section class=\"bde-section-1342-110 bde-section\">\n  \n  \n\t\n\n\n\n<div class=\"section-container\"><div class=\"bde-columns-1342-111 bde-columns\"><div class=\"bde-column-1342-112 bde-column\">\n  \n  \n\t\n\n\n\n<div class=\"bde-text-1342-118 bde-text\">\nAbout the roles<br><br>As an Inside Sales Representative at Boomr, you will:<br>\t- Contact potential customers and present our digital services.<br>\t- Building and maintaining long-term customer relationships.<br>\t- Collaborate with our team to develop sales strategies.<br><br>You will play a key role in our continued growth and be part of a dedicated team that is passionate about simplifying business.\n<\/div>\n<\/div><div class=\"bde-column-1342-113 bde-column\">\n  \n  \n\t\n\n\n\n<div class=\"bde-text-1342-119 bde-text\">\nWhat we offer<br><br>At Boomr you get:<br>\t- A dynamic working environment in Kroksl\u00e4tts Fabriker, Gothenburg.<br>\t- Opportunity to influence and grow within the company.<br>\t- Support from experienced colleagues and leaders.<br>\t- Competitive salary and benefits.<br>\n<\/div>\n<\/div><\/div><div class=\"bde-columns-1342-122 bde-columns\"><div class=\"bde-column-1342-123 bde-column\">\n  \n  \n\t\n\n\n\n<div class=\"bde-text-1342-120 bde-text\">\nWho are you?<br><br>We are looking for people who:<br>\t- Have experience in sales or customer contact.<br>\t- Is self-motivated, goal-orientated and positive.<br>\t- Have good communication skills in Swedish, both spoken and written.<br>\t- Is interested in digital solutions and entrepreneurship.<br>\n<\/div>\n<\/div><div class=\"bde-column-1342-124 bde-column\">\n  \n  \n\t\n\n\n\n<div class=\"bde-text-1342-121 bde-text\">\nOther information:<br>Working hours: 08.15-16.30 (Mon-Fri), 100% Full time.<br>Employment: Probationary period, 6 months.<br>Salary: The average salary is currently 36 000:-\/month. Fixed guaranteed salary from 25 000:- with generous commission.<br>Start: Immediately.<br><br>We look forward to hearing from you!\n<\/div>\n<\/div><\/div><\/div>\n<\/section><section class=\"bde-section-1342-126 bde-section\">\n  \n  \n\t\n\n\n\n<div class=\"section-container\"><div class=\"bde-button-1342-125 bde-button\">\n    \n                                    \n    \n    \n    \n    \n            \n                    \n            \n            \n\n    \n    \n    \n    \n    \n    <a class=\"breakdance-link button-atom button-atom--primary bde-button__button\" href=\"mailto:petter@boomr.se\" target=\"_self\" data-type=\"url\"  >\n\n    \n        <span class=\"button-atom__text\">Apply for a job!<\/span>\n\n        \n        \n                <\/a>\n\n    \n\n\n<\/div><\/div>\n<\/section>","protected":false},"excerpt":{"rendered":"<p>Inside sales for Boomr Group- Join our growing team in Gothenburg! Are you a communicative person with an eye for business? Do you want to work in a company where your contribution really makes a difference? Then you might be the one we are looking for! Apply for the position! About the job Are you a communicative person with an eye for [...]<\/p>","protected":false},"author":3,"featured_media":0,"parent":701,"menu_order":0,"comment_status":"closed","ping_status":"closed","template":"","meta":{"_breakdance_hide_in_design_set":false,"_breakdance_tags":"","footnotes":""},"class_list":["post-1342","page","type-page","status-publish","hentry"],"yoast_head":"<!-- This site is optimized with the Yoast SEO Premium plugin v26.3 (Yoast SEO v26.3) - https:\/\/yoast.com\/wordpress\/plugins\/seo\/ -->\n<title>Jobba som innes\u00e4ljare p\u00e5 Boomr \u2013 Lediga tj\u00e4nster<\/title>\n<meta name=\"description\" content=\"Vill du jobba med f\u00f6rs\u00e4ljning i ett snabbv\u00e4xande techbolag? Boomr s\u00f6ker innes\u00e4ljare. Ans\u00f6k idag och bli en del av Sveriges ledande k\u00f6rjournalsleverant\u00f6r.\" \/>\n<meta name=\"robots\" content=\"index, follow, max-snippet:-1, max-image-preview:large, max-video-preview:-1\" \/>\n<link rel=\"canonical\" href=\"https:\/\/boomr.se\/en\/career\/interior-decorator\/\" \/>\n<meta property=\"og:locale\" content=\"en_GB\" \/>\n<meta property=\"og:type\" content=\"article\" \/>\n<meta property=\"og:title\" content=\"Innes\u00e4ljare\" \/>\n<meta property=\"og:description\" content=\"Vill du jobba med f\u00f6rs\u00e4ljning i ett snabbv\u00e4xande techbolag? Boomr s\u00f6ker innes\u00e4ljare. Ans\u00f6k idag och bli en del av Sveriges ledande k\u00f6rjournalsleverant\u00f6r.\" \/>\n<meta property=\"og:url\" content=\"https:\/\/boomr.se\/en\/career\/interior-decorator\/\" \/>\n<meta property=\"og:site_name\" content=\"Boomr Group\" \/>\n<meta property=\"article:modified_time\" content=\"2025-11-10T09:53:57+00:00\" \/>\n<meta name=\"twitter:card\" content=\"summary_large_image\" \/>\n<script type=\"application\/ld+json\" class=\"yoast-schema-graph\">{\"@context\":\"https:\/\/schema.org\",\"@graph\":[{\"@type\":\"WebPage\",\"@id\":\"https:\/\/boomr.se\/karriar\/innesaljare\/\",\"url\":\"https:\/\/boomr.se\/karriar\/innesaljare\/\",\"name\":\"Jobba som innes\u00e4ljare p\u00e5 Boomr \u2013 Lediga tj\u00e4nster\",\"isPartOf\":{\"@id\":\"https:\/\/boomr.se\/#website\"},\"datePublished\":\"2025-05-27T07:33:40+00:00\",\"dateModified\":\"2025-11-10T09:53:57+00:00\",\"description\":\"Vill du jobba med f\u00f6rs\u00e4ljning i ett snabbv\u00e4xande techbolag? Boomr s\u00f6ker innes\u00e4ljare. Ans\u00f6k idag och bli en del av Sveriges ledande k\u00f6rjournalsleverant\u00f6r.\",\"breadcrumb\":{\"@id\":\"https:\/\/boomr.se\/karriar\/innesaljare\/#breadcrumb\"},\"inLanguage\":\"en-GB\",\"potentialAction\":[{\"@type\":\"ReadAction\",\"target\":[\"https:\/\/boomr.se\/karriar\/innesaljare\/\"]}]},{\"@type\":\"BreadcrumbList\",\"@id\":\"https:\/\/boomr.se\/karriar\/innesaljare\/#breadcrumb\",\"itemListElement\":[{\"@type\":\"ListItem\",\"position\":1,\"name\":\"Home\",\"item\":\"https:\/\/boomr.se\/\"},{\"@type\":\"ListItem\",\"position\":2,\"name\":\"Karri\u00e4r\",\"item\":\"https:\/\/boomr.se\/karriar\/\"},{\"@type\":\"ListItem\",\"position\":3,\"name\":\"Innes\u00e4ljare\"}]},{\"@type\":\"WebSite\",\"@id\":\"https:\/\/boomr.se\/#website\",\"url\":\"https:\/\/boomr.se\/\",\"name\":\"Boomr Group\",\"description\":\"Vi digitaliserar f\u00f6retagandet\",\"potentialAction\":[{\"@type\":\"SearchAction\",\"target\":{\"@type\":\"EntryPoint\",\"urlTemplate\":\"https:\/\/boomr.se\/?s={search_term_string}\"},\"query-input\":{\"@type\":\"PropertyValueSpecification\",\"valueRequired\":true,\"valueName\":\"search_term_string\"}}],\"inLanguage\":\"en-GB\"}]}<\/script>\n<!-- \/ Yoast SEO Premium plugin. -->","yoast_head_json":{"title":"Work as an inside salesman at Boomr - Job vacancies","description":"Do you want to work in sales in a fast-growing tech company? Boomr is looking for inside sales. Apply today and become part of Sweden's leading driving licence provider.","robots":{"index":"index","follow":"follow","max-snippet":"max-snippet:-1","max-image-preview":"max-image-preview:large","max-video-preview":"max-video-preview:-1"},"canonical":"https:\/\/boomr.se\/en\/career\/interior-decorator\/","og_locale":"en_GB","og_type":"article","og_title":"Innes\u00e4ljare","og_description":"Vill du jobba med f\u00f6rs\u00e4ljning i ett snabbv\u00e4xande techbolag? Boomr s\u00f6ker innes\u00e4ljare. Ans\u00f6k idag och bli en del av Sveriges ledande k\u00f6rjournalsleverant\u00f6r.","og_url":"https:\/\/boomr.se\/en\/career\/interior-decorator\/","og_site_name":"Boomr Group","article_modified_time":"2025-11-10T09:53:57+00:00","twitter_card":"summary_large_image","schema":{"@context":"https:\/\/schema.org","@graph":[{"@type":"WebPage","@id":"https:\/\/boomr.se\/karriar\/innesaljare\/","url":"https:\/\/boomr.se\/karriar\/innesaljare\/","name":"Work as an inside salesman at Boomr - Job vacancies","isPartOf":{"@id":"https:\/\/boomr.se\/#website"},"datePublished":"2025-05-27T07:33:40+00:00","dateModified":"2025-11-10T09:53:57+00:00","description":"Do you want to work in sales in a fast-growing tech company? Boomr is looking for inside sales. Apply today and become part of Sweden's leading driving licence provider.","breadcrumb":{"@id":"https:\/\/boomr.se\/karriar\/innesaljare\/#breadcrumb"},"inLanguage":"en-GB","potentialAction":[{"@type":"ReadAction","target":["https:\/\/boomr.se\/karriar\/innesaljare\/"]}]},{"@type":"BreadcrumbList","@id":"https:\/\/boomr.se\/karriar\/innesaljare\/#breadcrumb","itemListElement":[{"@type":"ListItem","position":1,"name":"Home","item":"https:\/\/boomr.se\/"},{"@type":"ListItem","position":2,"name":"Karri\u00e4r","item":"https:\/\/boomr.se\/karriar\/"},{"@type":"ListItem","position":3,"name":"Innes\u00e4ljare"}]},{"@type":"WebSite","@id":"https:\/\/boomr.se\/#website","url":"https:\/\/boomr.se\/","name":"Boomr Group","description":"We digitise entrepreneurship","potentialAction":[{"@type":"SearchAction","target":{"@type":"EntryPoint","urlTemplate":"https:\/\/boomr.se\/?s={search_term_string}"},"query-input":{"@type":"PropertyValueSpecification","valueRequired":true,"valueName":"search_term_string"}}],"inLanguage":"en-GB"}]}},"_links":{"self":[{"href":"https:\/\/boomr.se\/en\/wp-json\/wp\/v2\/pages\/1342","targetHints":{"allow":["GET"]}}],"collection":[{"href":"https:\/\/boomr.se\/en\/wp-json\/wp\/v2\/pages"}],"about":[{"href":"https:\/\/boomr.se\/en\/wp-json\/wp\/v2\/types\/page"}],"author":[{"embeddable":true,"href":"https:\/\/boomr.se\/en\/wp-json\/wp\/v2\/users\/3"}],"replies":[{"embeddable":true,"href":"https:\/\/boomr.se\/en\/wp-json\/wp\/v2\/comments?post=1342"}],"version-history":[{"count":17,"href":"https:\/\/boomr.se\/en\/wp-json\/wp\/v2\/pages\/1342\/revisions"}],"predecessor-version":[{"id":46190,"href":"https:\/\/boomr.se\/en\/wp-json\/wp\/v2\/pages\/1342\/revisions\/46190"}],"up":[{"embeddable":true,"href":"https:\/\/boomr.se\/en\/wp-json\/wp\/v2\/pages\/701"}],"wp:attachment":[{"href":"https:\/\/boomr.se\/en\/wp-json\/wp\/v2\/media?parent=1342"}],"curies":[{"name":"wp","href":"https:\/\/api.w.org\/{rel}","templated":true}]}}